{"id":989,"date":"2025-09-05T22:00:29","date_gmt":"2025-09-05T21:00:29","guid":{"rendered":"https:\/\/espirita.store\/?post_type=product&#038;p=989"},"modified":"2025-09-10T21:33:56","modified_gmt":"2025-09-10T20:33:56","slug":"casamigos-jalapeno-blanco-tequila","status":"publish","type":"product","link":"https:\/\/espirita.store\/?product=casamigos-jalapeno-blanco-tequila","title":{"rendered":"Casamigos Jalape\u00f1o Blanco Tequila"},"content":{"rendered":"<p style=\"text-align: center\" data-start=\"215\" data-end=\"253\"><strong data-start=\"215\" data-end=\"234\">Pa\u00eds de origen:<\/strong> M\u00e9xico (Jalisco)<\/p>\n<p style=\"text-align: center\" data-start=\"256\" data-end=\"405\"><strong data-start=\"256\" data-end=\"281\">Productos destacados:<\/strong> Tequila blanco (100 % agave azul) infusionado con jalape\u00f1os verdes; especiado, fresco y balanceado entre agave y picante.<\/p>\n<p style=\"text-align: center\" data-start=\"256\" data-end=\"405\">Elaborado a partir de agaves 100 % Weber Azul, este ultra-premium blanco es saborizado naturalmente con jalape\u00f1os verdes, logrando un balance refinado entre el picante y la frescura del agave. En nariz se aprecian notas suaves de jalape\u00f1o y c\u00edtricos; en boca, el car\u00e1cter v\u00edvido del agave se mezcla con el calor del jalape\u00f1o, culminando en un <strong data-start=\"781\" data-end=\"809\">final c\u00e1lido y especiado<\/strong><\/p>\n<p style=\"text-align: center\"><strong data-start=\"853\" data-end=\"867\">Maridajes:<\/strong><br data-start=\"867\" data-end=\"870\" \/>Perfecto para margaritas con un toque picante, c\u00f3cteles atrevidos o como shot con un twist. Tambi\u00e9n combina bien con ceviches y platos frescos que necesiten un contraste especiado.<\/p>\n","protected":false},"excerpt":{"rendered":"<p>Pa\u00eds de origen: M\u00e9xico (Jalisco) Productos destacados: Tequila blanco (100 % agave azul) infusionado con jalape\u00f1os verdes; especiado, fresco y balanceado entre agave y picante. Elaborado a partir de agaves 100 % Weber Azul, este ultra-premium blanco es saborizado naturalmente con jalape\u00f1os verdes, logrando un balance refinado entre el picante y la frescura del agave. [&hellip;]<\/p>\n","protected":false},"featured_media":990,"comment_status":"open","ping_status":"closed","template":"","meta":[],"product_brand":[],"product_cat":[57],"product_tag":[],"class_list":{"0":"post-989","1":"product","2":"type-product","3":"status-publish","4":"has-post-thumbnail","6":"product_cat-tequila","8":"first","9":"instock","10":"shipping-taxable","11":"purchasable","12":"product-type-simple"},"_links":{"self":[{"href":"https:\/\/espirita.store\/index.php?rest_route=\/wp\/v2\/product\/989","targetHints":{"allow":["GET"]}}],"collection":[{"href":"https:\/\/espirita.store\/index.php?rest_route=\/wp\/v2\/product"}],"about":[{"href":"https:\/\/espirita.store\/index.php?rest_route=\/wp\/v2\/types\/product"}],"replies":[{"embeddable":true,"href":"https:\/\/espirita.store\/index.php?rest_route=%2Fwp%2Fv2%2Fcomments&post=989"}],"wp:featuredmedia":[{"embeddable":true,"href":"https:\/\/espirita.store\/index.php?rest_route=\/wp\/v2\/media\/990"}],"wp:attachment":[{"href":"https:\/\/espirita.store\/index.php?rest_route=%2Fwp%2Fv2%2Fmedia&parent=989"}],"wp:term":[{"taxonomy":"product_brand","embeddable":true,"href":"https:\/\/espirita.store\/index.php?rest_route=%2Fwp%2Fv2%2Fproduct_brand&post=989"},{"taxonomy":"product_cat","embeddable":true,"href":"https:\/\/espirita.store\/index.php?rest_route=%2Fwp%2Fv2%2Fproduct_cat&post=989"},{"taxonomy":"product_tag","embeddable":true,"href":"https:\/\/espirita.store\/index.php?rest_route=%2Fwp%2Fv2%2Fproduct_tag&post=989"}],"curies":[{"name":"wp","href":"https:\/\/api.w.org\/{rel}","templated":true}]}}