{"id":969,"date":"2025-09-05T21:24:26","date_gmt":"2025-09-05T20:24:26","guid":{"rendered":"https:\/\/espirita.store\/?post_type=product&#038;p=969"},"modified":"2025-09-10T21:35:06","modified_gmt":"2025-09-10T20:35:06","slug":"jim-beam-pineapple","status":"publish","type":"product","link":"https:\/\/espirita.store\/?product=jim-beam-pineapple","title":{"rendered":"Jim Beam Pineapple"},"content":{"rendered":"<p style=\"text-align: center\" data-start=\"1737\" data-end=\"1808\">750 ml<\/p>\n<p style=\"text-align: center\" data-start=\"1737\" data-end=\"1808\">Bourbon infusionado, tropical, refrescante.<\/p>\n<p style=\"text-align: center\" data-start=\"1811\" data-end=\"1962\">\u00a0El cl\u00e1sico bourbon Jim Beam con un toque de pi\u00f1a jugosa. Su dulzor tropical se mezcla con la suavidad del whisky americano.<\/p>\n<p style=\"text-align: center\" data-start=\"1965\" data-end=\"2066\"><strong data-start=\"1965\" data-end=\"1979\">Maridajes:<\/strong> Perfecto con soda, ginger ale, c\u00f3cteles veraniegos y platos con pollo a la parrilla.<\/p>\n","protected":false},"excerpt":{"rendered":"<p>750 ml Bourbon infusionado, tropical, refrescante. \u00a0El cl\u00e1sico bourbon Jim Beam con un toque de pi\u00f1a jugosa. Su dulzor tropical se mezcla con la suavidad del whisky americano. Maridajes: Perfecto con soda, ginger ale, c\u00f3cteles veraniegos y platos con pollo a la parrilla.<\/p>\n","protected":false},"featured_media":970,"comment_status":"open","ping_status":"closed","template":"","meta":[],"product_brand":[],"product_cat":[41],"product_tag":[],"class_list":{"0":"post-969","1":"product","2":"type-product","3":"status-publish","4":"has-post-thumbnail","6":"product_cat-licor-saborizado","8":"first","9":"instock","10":"shipping-taxable","11":"purchasable","12":"product-type-simple"},"_links":{"self":[{"href":"https:\/\/espirita.store\/index.php?rest_route=\/wp\/v2\/product\/969","targetHints":{"allow":["GET"]}}],"collection":[{"href":"https:\/\/espirita.store\/index.php?rest_route=\/wp\/v2\/product"}],"about":[{"href":"https:\/\/espirita.store\/index.php?rest_route=\/wp\/v2\/types\/product"}],"replies":[{"embeddable":true,"href":"https:\/\/espirita.store\/index.php?rest_route=%2Fwp%2Fv2%2Fcomments&post=969"}],"wp:featuredmedia":[{"embeddable":true,"href":"https:\/\/espirita.store\/index.php?rest_route=\/wp\/v2\/media\/970"}],"wp:attachment":[{"href":"https:\/\/espirita.store\/index.php?rest_route=%2Fwp%2Fv2%2Fmedia&parent=969"}],"wp:term":[{"taxonomy":"product_brand","embeddable":true,"href":"https:\/\/espirita.store\/index.php?rest_route=%2Fwp%2Fv2%2Fproduct_brand&post=969"},{"taxonomy":"product_cat","embeddable":true,"href":"https:\/\/espirita.store\/index.php?rest_route=%2Fwp%2Fv2%2Fproduct_cat&post=969"},{"taxonomy":"product_tag","embeddable":true,"href":"https:\/\/espirita.store\/index.php?rest_route=%2Fwp%2Fv2%2Fproduct_tag&post=969"}],"curies":[{"name":"wp","href":"https:\/\/api.w.org\/{rel}","templated":true}]}}