{"id":965,"date":"2025-09-05T21:18:23","date_gmt":"2025-09-05T20:18:23","guid":{"rendered":"https:\/\/espirita.store\/?post_type=product&#038;p=965"},"modified":"2025-10-01T21:48:41","modified_gmt":"2025-10-01T20:48:41","slug":"blue-nun-merlot","status":"publish","type":"product","link":"https:\/\/espirita.store\/?product=blue-nun-merlot","title":{"rendered":"Blue Nun Merlot"},"content":{"rendered":"<p style=\"text-align: center\" data-start=\"205\" data-end=\"235\">\n<p style=\"text-align: center\" data-start=\"238\" data-end=\"333\">Vino tinto suave de Alemania, afrutado, accesible, con gran tradici\u00f3n vin\u00edcola.<\/p>\n<p style=\"text-align: center\" data-start=\"336\" data-end=\"820\"><br data-start=\"361\" data-end=\"364\" \/>Blue Nun es una de las marcas de vino alemanas m\u00e1s reconocidas a nivel internacional, con m\u00e1s de 100 a\u00f1os de historia. Su Merlot se elabora con uvas seleccionadas de esta variedad, conocida por dar vinos elegantes y f\u00e1ciles de beber. Presenta un atractivo color rojo rub\u00ed, con intensos aromas a cereza madura, ciruela, frutos rojos y un toque especiado. En boca es redondo, suave y equilibrado, con taninos delicados y un final agradable y persistente.<\/p>\n<p style=\"text-align: center\"><strong data-start=\"823\" data-end=\"837\">Maridajes:<\/strong><br data-start=\"837\" data-end=\"840\" \/>Este Merlot es vers\u00e1til y marida muy bien con carnes blancas, aves al horno, pastas con salsa de tomate, pizzas artesanales, quesos semicurados y vegetales asados. Tambi\u00e9n es una excelente opci\u00f3n para acompa\u00f1ar reuniones informales y cenas ligeras.<\/p>\n","protected":false},"excerpt":{"rendered":"<p>Vino tinto suave de Alemania, afrutado, accesible, con gran tradici\u00f3n vin\u00edcola. Blue Nun es una de las marcas de vino alemanas m\u00e1s reconocidas a nivel internacional, con m\u00e1s de 100 a\u00f1os de historia. Su Merlot se elabora con uvas seleccionadas de esta variedad, conocida por dar vinos elegantes y f\u00e1ciles de beber. Presenta un atractivo [&hellip;]<\/p>\n","protected":false},"featured_media":966,"comment_status":"open","ping_status":"closed","template":"","meta":[],"product_brand":[],"product_cat":[31],"product_tag":[],"class_list":{"0":"post-965","1":"product","2":"type-product","3":"status-publish","4":"has-post-thumbnail","6":"product_cat-vino-tinto","8":"first","9":"instock","10":"shipping-taxable","11":"purchasable","12":"product-type-simple"},"_links":{"self":[{"href":"https:\/\/espirita.store\/index.php?rest_route=\/wp\/v2\/product\/965","targetHints":{"allow":["GET"]}}],"collection":[{"href":"https:\/\/espirita.store\/index.php?rest_route=\/wp\/v2\/product"}],"about":[{"href":"https:\/\/espirita.store\/index.php?rest_route=\/wp\/v2\/types\/product"}],"replies":[{"embeddable":true,"href":"https:\/\/espirita.store\/index.php?rest_route=%2Fwp%2Fv2%2Fcomments&post=965"}],"wp:featuredmedia":[{"embeddable":true,"href":"https:\/\/espirita.store\/index.php?rest_route=\/wp\/v2\/media\/966"}],"wp:attachment":[{"href":"https:\/\/espirita.store\/index.php?rest_route=%2Fwp%2Fv2%2Fmedia&parent=965"}],"wp:term":[{"taxonomy":"product_brand","embeddable":true,"href":"https:\/\/espirita.store\/index.php?rest_route=%2Fwp%2Fv2%2Fproduct_brand&post=965"},{"taxonomy":"product_cat","embeddable":true,"href":"https:\/\/espirita.store\/index.php?rest_route=%2Fwp%2Fv2%2Fproduct_cat&post=965"},{"taxonomy":"product_tag","embeddable":true,"href":"https:\/\/espirita.store\/index.php?rest_route=%2Fwp%2Fv2%2Fproduct_tag&post=965"}],"curies":[{"name":"wp","href":"https:\/\/api.w.org\/{rel}","templated":true}]}}