{"id":958,"date":"2025-09-05T20:52:54","date_gmt":"2025-09-05T19:52:54","guid":{"rendered":"https:\/\/espirita.store\/?post_type=product&#038;p=958"},"modified":"2025-09-10T21:35:31","modified_gmt":"2025-09-10T20:35:31","slug":"absolut-peach","status":"publish","type":"product","link":"https:\/\/espirita.store\/?product=absolut-peach","title":{"rendered":"Absolut Peach"},"content":{"rendered":"<p style=\"text-align: center\" data-start=\"97\" data-end=\"119\">750 ml<\/p>\n<p style=\"text-align: center\" data-start=\"122\" data-end=\"185\">\u00a0Vodka sabor durazno, frutal, suave.<\/p>\n<p style=\"text-align: center\" data-start=\"188\" data-end=\"427\">\u00a0Vodka sueco infusionado con sabor natural de duraznos maduros. Presenta un aroma fresco, jugoso y dulce, con un sabor suave que conserva la pureza caracter\u00edstica de Absolut. Vers\u00e1til y refrescante en cocteler\u00eda.<\/p>\n<p style=\"text-align: center\" data-start=\"430\" data-end=\"627\"><strong data-start=\"430\" data-end=\"444\">Maridajes:<\/strong> Ideal en cocteles como Peach Bellini, vodka tonic con durazno, o mezclado con jugos c\u00edtricos. Combina bien con ensaladas frescas, sushi, platos ligeros de pollo y postres frutales.<\/p>\n","protected":false},"excerpt":{"rendered":"<p>750 ml \u00a0Vodka sabor durazno, frutal, suave. \u00a0Vodka sueco infusionado con sabor natural de duraznos maduros. Presenta un aroma fresco, jugoso y dulce, con un sabor suave que conserva la pureza caracter\u00edstica de Absolut. Vers\u00e1til y refrescante en cocteler\u00eda. Maridajes: Ideal en cocteles como Peach Bellini, vodka tonic con durazno, o mezclado con jugos c\u00edtricos. [&hellip;]<\/p>\n","protected":false},"featured_media":959,"comment_status":"open","ping_status":"closed","template":"","meta":[],"product_brand":[],"product_cat":[40],"product_tag":[],"class_list":{"0":"post-958","1":"product","2":"type-product","3":"status-publish","4":"has-post-thumbnail","6":"product_cat-vodka","8":"first","9":"instock","10":"shipping-taxable","11":"purchasable","12":"product-type-simple"},"_links":{"self":[{"href":"https:\/\/espirita.store\/index.php?rest_route=\/wp\/v2\/product\/958","targetHints":{"allow":["GET"]}}],"collection":[{"href":"https:\/\/espirita.store\/index.php?rest_route=\/wp\/v2\/product"}],"about":[{"href":"https:\/\/espirita.store\/index.php?rest_route=\/wp\/v2\/types\/product"}],"replies":[{"embeddable":true,"href":"https:\/\/espirita.store\/index.php?rest_route=%2Fwp%2Fv2%2Fcomments&post=958"}],"wp:featuredmedia":[{"embeddable":true,"href":"https:\/\/espirita.store\/index.php?rest_route=\/wp\/v2\/media\/959"}],"wp:attachment":[{"href":"https:\/\/espirita.store\/index.php?rest_route=%2Fwp%2Fv2%2Fmedia&parent=958"}],"wp:term":[{"taxonomy":"product_brand","embeddable":true,"href":"https:\/\/espirita.store\/index.php?rest_route=%2Fwp%2Fv2%2Fproduct_brand&post=958"},{"taxonomy":"product_cat","embeddable":true,"href":"https:\/\/espirita.store\/index.php?rest_route=%2Fwp%2Fv2%2Fproduct_cat&post=958"},{"taxonomy":"product_tag","embeddable":true,"href":"https:\/\/espirita.store\/index.php?rest_route=%2Fwp%2Fv2%2Fproduct_tag&post=958"}],"curies":[{"name":"wp","href":"https:\/\/api.w.org\/{rel}","templated":true}]}}