{"id":905,"date":"2025-09-04T21:22:25","date_gmt":"2025-09-04T20:22:25","guid":{"rendered":"https:\/\/espirita.store\/?post_type=product&#038;p=905"},"modified":"2025-10-17T23:50:51","modified_gmt":"2025-10-17T22:50:51","slug":"crown-royal-fine-de-luxe","status":"publish","type":"product","link":"https:\/\/espirita.store\/?product=crown-royal-fine-de-luxe","title":{"rendered":"Crown Royal Fine de Luxe"},"content":{"rendered":"<p style=\"text-align: center\" data-start=\"137\" data-end=\"159\">750 ml<\/p>\n<p style=\"text-align: center\" data-start=\"162\" data-end=\"267\">Whisky canadiense premium, blend ic\u00f3nico, creado como regalo para la realeza.<\/p>\n<p style=\"text-align: center\" data-start=\"270\" data-end=\"543\">Originalmente elaborado en 1939 para celebrar la visita del rey Jorge VI y la reina Isabel a Canad\u00e1. Es un whisky blended de gran suavidad, con notas de vainilla, caramelo, especias ligeras y roble. Suave en boca, con un final c\u00e1lido y elegante.<\/p>\n<p style=\"text-align: center\" data-start=\"546\" data-end=\"745\"><strong data-start=\"546\" data-end=\"560\">Maridajes:<\/strong> Excelente solo o con hielo, tambi\u00e9n en c\u00f3cteles cl\u00e1sicos como el Old Fashioned o el Manhattan. Acompa\u00f1a bien carnes asadas, costillas, quesos curados y postres con caramelo o nueces.<\/p>\n","protected":false},"excerpt":{"rendered":"<p>750 ml Whisky canadiense premium, blend ic\u00f3nico, creado como regalo para la realeza. Originalmente elaborado en 1939 para celebrar la visita del rey Jorge VI y la reina Isabel a Canad\u00e1. Es un whisky blended de gran suavidad, con notas de vainilla, caramelo, especias ligeras y roble. Suave en boca, con un final c\u00e1lido y [&hellip;]<\/p>\n","protected":false},"featured_media":906,"comment_status":"open","ping_status":"closed","template":"","meta":[],"product_brand":[],"product_cat":[48],"product_tag":[],"class_list":{"0":"post-905","1":"product","2":"type-product","3":"status-publish","4":"has-post-thumbnail","6":"product_cat-whiskey","8":"first","9":"instock","10":"shipping-taxable","11":"purchasable","12":"product-type-simple"},"_links":{"self":[{"href":"https:\/\/espirita.store\/index.php?rest_route=\/wp\/v2\/product\/905","targetHints":{"allow":["GET"]}}],"collection":[{"href":"https:\/\/espirita.store\/index.php?rest_route=\/wp\/v2\/product"}],"about":[{"href":"https:\/\/espirita.store\/index.php?rest_route=\/wp\/v2\/types\/product"}],"replies":[{"embeddable":true,"href":"https:\/\/espirita.store\/index.php?rest_route=%2Fwp%2Fv2%2Fcomments&post=905"}],"wp:featuredmedia":[{"embeddable":true,"href":"https:\/\/espirita.store\/index.php?rest_route=\/wp\/v2\/media\/906"}],"wp:attachment":[{"href":"https:\/\/espirita.store\/index.php?rest_route=%2Fwp%2Fv2%2Fmedia&parent=905"}],"wp:term":[{"taxonomy":"product_brand","embeddable":true,"href":"https:\/\/espirita.store\/index.php?rest_route=%2Fwp%2Fv2%2Fproduct_brand&post=905"},{"taxonomy":"product_cat","embeddable":true,"href":"https:\/\/espirita.store\/index.php?rest_route=%2Fwp%2Fv2%2Fproduct_cat&post=905"},{"taxonomy":"product_tag","embeddable":true,"href":"https:\/\/espirita.store\/index.php?rest_route=%2Fwp%2Fv2%2Fproduct_tag&post=905"}],"curies":[{"name":"wp","href":"https:\/\/api.w.org\/{rel}","templated":true}]}}