{"id":903,"date":"2025-09-04T21:15:58","date_gmt":"2025-09-04T20:15:58","guid":{"rendered":"https:\/\/espirita.store\/?post_type=product&#038;p=903"},"modified":"2025-09-10T21:23:09","modified_gmt":"2025-09-10T20:23:09","slug":"lunazul-tequila-blanco","status":"publish","type":"product","link":"https:\/\/espirita.store\/?product=lunazul-tequila-blanco","title":{"rendered":"Lunazul Tequila Blanco"},"content":{"rendered":"<p style=\"text-align: center\" data-start=\"98\" data-end=\"119\">50 ml<\/p>\n<p style=\"text-align: center\" data-start=\"122\" data-end=\"194\">Tequila 100% agave azul, cristalino, fresco.<\/p>\n<p style=\"text-align: center\" data-start=\"197\" data-end=\"420\">\u00a0Tequila mexicano elaborado con agave azul cultivado en Jalisco. Ofrece aromas c\u00edtricos y herbales, con un sabor limpio, vibrante y ligeramente especiado. Su pureza lo hace vers\u00e1til en cocteler\u00eda.<\/p>\n<p style=\"text-align: center\" data-start=\"423\" data-end=\"528\"><strong data-start=\"423\" data-end=\"437\">Maridajes:<\/strong> Ideal para margaritas, palomas, shots con sal y lim\u00f3n, o con ceviche y mariscos frescos.<\/p>\n","protected":false},"excerpt":{"rendered":"<p>50 ml Tequila 100% agave azul, cristalino, fresco. \u00a0Tequila mexicano elaborado con agave azul cultivado en Jalisco. Ofrece aromas c\u00edtricos y herbales, con un sabor limpio, vibrante y ligeramente especiado. Su pureza lo hace vers\u00e1til en cocteler\u00eda. Maridajes: Ideal para margaritas, palomas, shots con sal y lim\u00f3n, o con ceviche y mariscos frescos.<\/p>\n","protected":false},"featured_media":896,"comment_status":"open","ping_status":"closed","template":"","meta":[],"product_brand":[],"product_cat":[57],"product_tag":[],"class_list":{"0":"post-903","1":"product","2":"type-product","3":"status-publish","4":"has-post-thumbnail","6":"product_cat-tequila","8":"first","9":"instock","10":"shipping-taxable","11":"purchasable","12":"product-type-simple"},"_links":{"self":[{"href":"https:\/\/espirita.store\/index.php?rest_route=\/wp\/v2\/product\/903","targetHints":{"allow":["GET"]}}],"collection":[{"href":"https:\/\/espirita.store\/index.php?rest_route=\/wp\/v2\/product"}],"about":[{"href":"https:\/\/espirita.store\/index.php?rest_route=\/wp\/v2\/types\/product"}],"replies":[{"embeddable":true,"href":"https:\/\/espirita.store\/index.php?rest_route=%2Fwp%2Fv2%2Fcomments&post=903"}],"wp:featuredmedia":[{"embeddable":true,"href":"https:\/\/espirita.store\/index.php?rest_route=\/wp\/v2\/media\/896"}],"wp:attachment":[{"href":"https:\/\/espirita.store\/index.php?rest_route=%2Fwp%2Fv2%2Fmedia&parent=903"}],"wp:term":[{"taxonomy":"product_brand","embeddable":true,"href":"https:\/\/espirita.store\/index.php?rest_route=%2Fwp%2Fv2%2Fproduct_brand&post=903"},{"taxonomy":"product_cat","embeddable":true,"href":"https:\/\/espirita.store\/index.php?rest_route=%2Fwp%2Fv2%2Fproduct_cat&post=903"},{"taxonomy":"product_tag","embeddable":true,"href":"https:\/\/espirita.store\/index.php?rest_route=%2Fwp%2Fv2%2Fproduct_tag&post=903"}],"curies":[{"name":"wp","href":"https:\/\/api.w.org\/{rel}","templated":true}]}}