{"id":899,"date":"2025-09-04T07:09:05","date_gmt":"2025-09-04T06:09:05","guid":{"rendered":"https:\/\/espirita.store\/?post_type=product&#038;p=899"},"modified":"2025-09-10T21:22:24","modified_gmt":"2025-09-10T20:22:24","slug":"jameson-triple-distilled-irish-whiskey","status":"publish","type":"product","link":"https:\/\/espirita.store\/?product=jameson-triple-distilled-irish-whiskey","title":{"rendered":"Jameson Triple Distilled Irish Whiskey"},"content":{"rendered":"<p style=\"text-align: center\" data-start=\"2917\" data-end=\"2938\">50 ml<\/p>\n<p style=\"text-align: center\" data-start=\"2941\" data-end=\"3021\">Whiskey irland\u00e9s triple destilaci\u00f3n, suave, ic\u00f3nico.<\/p>\n<p style=\"text-align: center\" data-start=\"3024\" data-end=\"3164\">Whiskey irland\u00e9s de gran suavidad, con aromas de vainilla, miel, especias ligeras y notas tostadas por el roble.<\/p>\n<p style=\"text-align: center\" data-start=\"3167\" data-end=\"3291\"><strong data-start=\"3167\" data-end=\"3181\">Maridajes:<\/strong> Excelente solo, con ginger ale o en Irish Coffee; marida con carnes asadas, estofados y quesos semicurados.<\/p>\n","protected":false},"excerpt":{"rendered":"<p>50 ml Whiskey irland\u00e9s triple destilaci\u00f3n, suave, ic\u00f3nico. Whiskey irland\u00e9s de gran suavidad, con aromas de vainilla, miel, especias ligeras y notas tostadas por el roble. Maridajes: Excelente solo, con ginger ale o en Irish Coffee; marida con carnes asadas, estofados y quesos semicurados.<\/p>\n","protected":false},"featured_media":887,"comment_status":"open","ping_status":"closed","template":"","meta":[],"product_brand":[],"product_cat":[48],"product_tag":[],"class_list":{"0":"post-899","1":"product","2":"type-product","3":"status-publish","4":"has-post-thumbnail","6":"product_cat-whiskey","8":"first","9":"instock","10":"shipping-taxable","11":"purchasable","12":"product-type-simple"},"_links":{"self":[{"href":"https:\/\/espirita.store\/index.php?rest_route=\/wp\/v2\/product\/899","targetHints":{"allow":["GET"]}}],"collection":[{"href":"https:\/\/espirita.store\/index.php?rest_route=\/wp\/v2\/product"}],"about":[{"href":"https:\/\/espirita.store\/index.php?rest_route=\/wp\/v2\/types\/product"}],"replies":[{"embeddable":true,"href":"https:\/\/espirita.store\/index.php?rest_route=%2Fwp%2Fv2%2Fcomments&post=899"}],"wp:featuredmedia":[{"embeddable":true,"href":"https:\/\/espirita.store\/index.php?rest_route=\/wp\/v2\/media\/887"}],"wp:attachment":[{"href":"https:\/\/espirita.store\/index.php?rest_route=%2Fwp%2Fv2%2Fmedia&parent=899"}],"wp:term":[{"taxonomy":"product_brand","embeddable":true,"href":"https:\/\/espirita.store\/index.php?rest_route=%2Fwp%2Fv2%2Fproduct_brand&post=899"},{"taxonomy":"product_cat","embeddable":true,"href":"https:\/\/espirita.store\/index.php?rest_route=%2Fwp%2Fv2%2Fproduct_cat&post=899"},{"taxonomy":"product_tag","embeddable":true,"href":"https:\/\/espirita.store\/index.php?rest_route=%2Fwp%2Fv2%2Fproduct_tag&post=899"}],"curies":[{"name":"wp","href":"https:\/\/api.w.org\/{rel}","templated":true}]}}