{"id":877,"date":"2025-09-04T06:57:09","date_gmt":"2025-09-04T05:57:09","guid":{"rendered":"https:\/\/espirita.store\/?post_type=product&#038;p=877"},"modified":"2025-09-10T21:20:13","modified_gmt":"2025-09-10T20:20:13","slug":"jack-daniels-tennessee-fire-2","status":"publish","type":"product","link":"https:\/\/espirita.store\/?product=jack-daniels-tennessee-fire-2","title":{"rendered":"Jack Daniel\u2019s Tennessee Fire"},"content":{"rendered":"<p style=\"text-align: center\" data-start=\"133\" data-end=\"154\">50 ml<\/p>\n<p style=\"text-align: center\" data-start=\"157\" data-end=\"227\">Whisky con canela, intenso, picante-dulce.<\/p>\n<p style=\"text-align: center\" data-start=\"230\" data-end=\"387\">\u00a0Combina el cl\u00e1sico Jack Daniel\u2019s Old No. 7 con licor de canela ardiente, creando un perfil c\u00e1lido y especiado con un toque dulce.<\/p>\n<p style=\"text-align: center\" data-start=\"390\" data-end=\"483\"><strong data-start=\"390\" data-end=\"404\">Maridajes:<\/strong> Ideal para shots, c\u00f3cteles especiados o acompa\u00f1ado de postres con chocolate.<\/p>\n","protected":false},"excerpt":{"rendered":"<p>50 ml Whisky con canela, intenso, picante-dulce. \u00a0Combina el cl\u00e1sico Jack Daniel\u2019s Old No. 7 con licor de canela ardiente, creando un perfil c\u00e1lido y especiado con un toque dulce. Maridajes: Ideal para shots, c\u00f3cteles especiados o acompa\u00f1ado de postres con chocolate.<\/p>\n","protected":false},"featured_media":878,"comment_status":"open","ping_status":"closed","template":"","meta":[],"product_brand":[],"product_cat":[48],"product_tag":[],"class_list":{"0":"post-877","1":"product","2":"type-product","3":"status-publish","4":"has-post-thumbnail","6":"product_cat-whiskey","8":"first","9":"instock","10":"shipping-taxable","11":"purchasable","12":"product-type-simple"},"_links":{"self":[{"href":"https:\/\/espirita.store\/index.php?rest_route=\/wp\/v2\/product\/877","targetHints":{"allow":["GET"]}}],"collection":[{"href":"https:\/\/espirita.store\/index.php?rest_route=\/wp\/v2\/product"}],"about":[{"href":"https:\/\/espirita.store\/index.php?rest_route=\/wp\/v2\/types\/product"}],"replies":[{"embeddable":true,"href":"https:\/\/espirita.store\/index.php?rest_route=%2Fwp%2Fv2%2Fcomments&post=877"}],"wp:featuredmedia":[{"embeddable":true,"href":"https:\/\/espirita.store\/index.php?rest_route=\/wp\/v2\/media\/878"}],"wp:attachment":[{"href":"https:\/\/espirita.store\/index.php?rest_route=%2Fwp%2Fv2%2Fmedia&parent=877"}],"wp:term":[{"taxonomy":"product_brand","embeddable":true,"href":"https:\/\/espirita.store\/index.php?rest_route=%2Fwp%2Fv2%2Fproduct_brand&post=877"},{"taxonomy":"product_cat","embeddable":true,"href":"https:\/\/espirita.store\/index.php?rest_route=%2Fwp%2Fv2%2Fproduct_cat&post=877"},{"taxonomy":"product_tag","embeddable":true,"href":"https:\/\/espirita.store\/index.php?rest_route=%2Fwp%2Fv2%2Fproduct_tag&post=877"}],"curies":[{"name":"wp","href":"https:\/\/api.w.org\/{rel}","templated":true}]}}