{"id":634,"date":"2025-08-09T01:38:26","date_gmt":"2025-08-09T00:38:26","guid":{"rendered":"https:\/\/espirita.store\/?post_type=product&#038;p=634"},"modified":"2025-09-04T21:28:43","modified_gmt":"2025-09-04T20:28:43","slug":"roscato-rosso-dolce","status":"publish","type":"product","link":"https:\/\/espirita.store\/?product=roscato-rosso-dolce","title":{"rendered":"Roscato Rosso Dolce"},"content":{"rendered":"<p style=\"text-align: center\" data-start=\"252\" data-end=\"396\">El vino proviene del norte de Italia, espec\u00edficamente de la regi\u00f3n de Lombard\u00eda, en la provincia de Pav\u00eda<\/p>\n<p style=\"text-align: center\" data-start=\"399\" data-end=\"529\">Est\u00e1 elaborado con una mezcla de uvas aut\u00f3ctonas: <strong data-start=\"449\" data-end=\"461\">Croatina<\/strong>, <strong data-start=\"463\" data-end=\"476\">Teroldego<\/strong> y <strong data-start=\"479\" data-end=\"490\">Lagrein<\/strong> Volumen t\u00edpico: <strong data-start=\"579\" data-end=\"589\">750 ml<\/strong>; tambi\u00e9n disponible en tama\u00f1os como 187 ml y 1.5 L<\/p>\n<p style=\"text-align: center\" data-start=\"682\" data-end=\"798\">Graduaci\u00f3n alcoh\u00f3lica: <strong data-start=\"705\" data-end=\"715\">7% ABV<\/strong>, ideal para quienes prefieren vinos ligeros<\/p>\n<p style=\"text-align: center\" data-start=\"821\" data-end=\"846\">Color: <strong data-start=\"828\" data-end=\"846\">Rub\u00ed brillante<\/strong><\/p>\n<p style=\"text-align: center\" data-start=\"851\" data-end=\"900\">Aroma: <strong data-start=\"858\" data-end=\"875\">Frutos negros<\/strong>, cereza y fresa intensos<\/p>\n<p style=\"text-align: center\" data-start=\"905\" data-end=\"1039\">Paladar: Freso, vivo, <strong data-start=\"927\" data-end=\"940\">frizzante<\/strong> (ligeramente burbujeante), con un final suave y persistente<\/p>\n<p style=\"text-align: center\" data-start=\"1044\" data-end=\"1088\">Dulzor (RS): aproximadamente <strong data-start=\"1073\" data-end=\"1088\">100\u2013110 g\/l<\/strong><\/p>\n<p style=\"text-align: center\" data-start=\"1093\" data-end=\"1169\">Acidez (TA): alrededor de <strong data-start=\"1119\" data-end=\"1130\">5.3 g\/l<\/strong><\/p>\n<p style=\"text-align: center\" data-start=\"1199\" data-end=\"1256\">Tipo: <strong data-start=\"1205\" data-end=\"1234\">Vino tinto espumoso dulce<\/strong> (sweet red sparkling)<\/p>\n<p style=\"text-align: center\">Muy accesible al paladar; su perfil dulce y efervescente lo hace perfecto como aperitivo o para quienes se inician en el mundo del vino<\/p>\n<p style=\"text-align: center\">Seg\u00fan Nielsen, es el vino dulce m\u00e1s vendido en Estados Unidos<\/p>\n<p style=\"text-align: center\">Maridajes<\/p>\n<p style=\"text-align: center\" data-start=\"1568\" data-end=\"1663\">Disfr\u00fatalo <strong data-start=\"1579\" data-end=\"1592\">bien fr\u00edo<\/strong> (temperatura ideal 7 \u00b0C aprox.)<\/p>\n<p style=\"text-align: center\" data-start=\"1666\" data-end=\"1687\">Combina muy bien con:<\/p>\n<p style=\"text-align: center\" data-start=\"1692\" data-end=\"1821\">Platos sabrosos o especiados (salsas a base de tomate, cocina italiana, platos picantes)<\/p>\n<p style=\"text-align: center\" data-start=\"1826\" data-end=\"1894\">Postres y aperitivos dulces<\/p>\n","protected":false},"excerpt":{"rendered":"<p>El vino proviene del norte de Italia, espec\u00edficamente de la regi\u00f3n de Lombard\u00eda, en la provincia de Pav\u00eda Est\u00e1 elaborado con una mezcla de uvas aut\u00f3ctonas: Croatina, Teroldego y Lagrein Volumen t\u00edpico: 750 ml; tambi\u00e9n disponible en tama\u00f1os como 187 ml y 1.5 L Graduaci\u00f3n alcoh\u00f3lica: 7% ABV, ideal para quienes prefieren vinos ligeros Color: [&hellip;]<\/p>\n","protected":false},"featured_media":908,"comment_status":"open","ping_status":"closed","template":"","meta":[],"product_brand":[],"product_cat":[31],"product_tag":[],"class_list":{"0":"post-634","1":"product","2":"type-product","3":"status-publish","4":"has-post-thumbnail","6":"product_cat-vino-tinto","8":"first","9":"instock","10":"shipping-taxable","11":"purchasable","12":"product-type-simple"},"_links":{"self":[{"href":"https:\/\/espirita.store\/index.php?rest_route=\/wp\/v2\/product\/634","targetHints":{"allow":["GET"]}}],"collection":[{"href":"https:\/\/espirita.store\/index.php?rest_route=\/wp\/v2\/product"}],"about":[{"href":"https:\/\/espirita.store\/index.php?rest_route=\/wp\/v2\/types\/product"}],"replies":[{"embeddable":true,"href":"https:\/\/espirita.store\/index.php?rest_route=%2Fwp%2Fv2%2Fcomments&post=634"}],"wp:featuredmedia":[{"embeddable":true,"href":"https:\/\/espirita.store\/index.php?rest_route=\/wp\/v2\/media\/908"}],"wp:attachment":[{"href":"https:\/\/espirita.store\/index.php?rest_route=%2Fwp%2Fv2%2Fmedia&parent=634"}],"wp:term":[{"taxonomy":"product_brand","embeddable":true,"href":"https:\/\/espirita.store\/index.php?rest_route=%2Fwp%2Fv2%2Fproduct_brand&post=634"},{"taxonomy":"product_cat","embeddable":true,"href":"https:\/\/espirita.store\/index.php?rest_route=%2Fwp%2Fv2%2Fproduct_cat&post=634"},{"taxonomy":"product_tag","embeddable":true,"href":"https:\/\/espirita.store\/index.php?rest_route=%2Fwp%2Fv2%2Fproduct_tag&post=634"}],"curies":[{"name":"wp","href":"https:\/\/api.w.org\/{rel}","templated":true}]}}