{"id":632,"date":"2025-08-05T00:09:04","date_gmt":"2025-08-04T23:09:04","guid":{"rendered":"https:\/\/espirita.store\/?post_type=product&#038;p=632"},"modified":"2025-08-12T23:25:53","modified_gmt":"2025-08-12T22:25:53","slug":"junmai-dai-ginjo-kizakura-sake","status":"publish","type":"product","link":"https:\/\/espirita.store\/?product=junmai-dai-ginjo-kizakura-sake","title":{"rendered":"Junmai Dai Ginjo Kizakura Sake"},"content":{"rendered":"<p style=\"text-align: center\" data-start=\"6142\" data-end=\"6237\">Sake premium japon\u00e9s tipo Junmai Dai Ginjo, delicado y arom\u00e1tico, con fermentaci\u00f3n tradicional.<\/p>\n<p style=\"text-align: center\" data-start=\"6239\" data-end=\"6413\"><strong data-start=\"6239\" data-end=\"6248\">Pa\u00eds:<\/strong> Jap\u00f3n<br data-start=\"6254\" data-end=\"6257\" \/><strong data-start=\"6257\" data-end=\"6268\">Bodega:<\/strong> Kizakura<br data-start=\"6277\" data-end=\"6280\" \/><strong data-start=\"6280\" data-end=\"6289\">Tipo:<\/strong> Sake Junmai Dai Ginjo<br data-start=\"6311\" data-end=\"6314\" \/><strong data-start=\"6314\" data-end=\"6324\">Sabor:<\/strong> Floral, afrutado, suave con ligero dulzor y umami<br data-start=\"6374\" data-end=\"6377\" \/><strong data-start=\"6377\" data-end=\"6403\">Graduaci\u00f3n alcoh\u00f3lica:<\/strong> 15% ABV<\/p>\n<p style=\"text-align: center\" data-start=\"6415\" data-end=\"6484\"><strong data-start=\"6415\" data-end=\"6429\">Maridajes:<\/strong><br data-start=\"6429\" data-end=\"6432\" \/>Sushi, sashimi, tempura, platos japoneses delicados.<\/p>\n","protected":false},"excerpt":{"rendered":"<p>Sake premium japon\u00e9s tipo Junmai Dai Ginjo, delicado y arom\u00e1tico, con fermentaci\u00f3n tradicional. Pa\u00eds: Jap\u00f3nBodega: KizakuraTipo: Sake Junmai Dai GinjoSabor: Floral, afrutado, suave con ligero dulzor y umamiGraduaci\u00f3n alcoh\u00f3lica: 15% ABV Maridajes:Sushi, sashimi, tempura, platos japoneses delicados.<\/p>\n","protected":false},"featured_media":692,"comment_status":"open","ping_status":"closed","template":"","meta":[],"product_brand":[],"product_cat":[69],"product_tag":[],"class_list":{"0":"post-632","1":"product","2":"type-product","3":"status-publish","4":"has-post-thumbnail","6":"product_cat-sake","8":"first","9":"instock","10":"shipping-taxable","11":"purchasable","12":"product-type-simple"},"_links":{"self":[{"href":"https:\/\/espirita.store\/index.php?rest_route=\/wp\/v2\/product\/632","targetHints":{"allow":["GET"]}}],"collection":[{"href":"https:\/\/espirita.store\/index.php?rest_route=\/wp\/v2\/product"}],"about":[{"href":"https:\/\/espirita.store\/index.php?rest_route=\/wp\/v2\/types\/product"}],"replies":[{"embeddable":true,"href":"https:\/\/espirita.store\/index.php?rest_route=%2Fwp%2Fv2%2Fcomments&post=632"}],"wp:featuredmedia":[{"embeddable":true,"href":"https:\/\/espirita.store\/index.php?rest_route=\/wp\/v2\/media\/692"}],"wp:attachment":[{"href":"https:\/\/espirita.store\/index.php?rest_route=%2Fwp%2Fv2%2Fmedia&parent=632"}],"wp:term":[{"taxonomy":"product_brand","embeddable":true,"href":"https:\/\/espirita.store\/index.php?rest_route=%2Fwp%2Fv2%2Fproduct_brand&post=632"},{"taxonomy":"product_cat","embeddable":true,"href":"https:\/\/espirita.store\/index.php?rest_route=%2Fwp%2Fv2%2Fproduct_cat&post=632"},{"taxonomy":"product_tag","embeddable":true,"href":"https:\/\/espirita.store\/index.php?rest_route=%2Fwp%2Fv2%2Fproduct_tag&post=632"}],"curies":[{"name":"wp","href":"https:\/\/api.w.org\/{rel}","templated":true}]}}