{"id":626,"date":"2025-08-05T00:05:15","date_gmt":"2025-08-04T23:05:15","guid":{"rendered":"https:\/\/espirita.store\/?post_type=product&#038;p=626"},"modified":"2025-09-04T21:31:15","modified_gmt":"2025-09-04T20:31:15","slug":"menage-a-trois-sweet-collection-dolce-sweet-red-blend","status":"publish","type":"product","link":"https:\/\/espirita.store\/?product=menage-a-trois-sweet-collection-dolce-sweet-red-blend","title":{"rendered":"M\u00e9nage \u00e0 Trois Sweet Collection Dolce Sweet Red Blend"},"content":{"rendered":"<p style=\"text-align: center\" data-start=\"4815\" data-end=\"4877\">Vino tinto dulce de mezcla variada, f\u00e1cil de beber y afrutado.<\/p>\n<p style=\"text-align: center\" data-start=\"4879\" data-end=\"5107\"><strong data-start=\"4879\" data-end=\"4888\">Pa\u00eds:<\/strong> Estados Unidos<br data-start=\"4903\" data-end=\"4906\" \/><strong data-start=\"4906\" data-end=\"4917\">Bodega:<\/strong> M\u00e9nage \u00e0 Trois (Trinchero Family Estates)<br data-start=\"4959\" data-end=\"4962\" \/><strong data-start=\"4962\" data-end=\"4971\">Tipo:<\/strong> Vino tinto dulce (Blend)<br data-start=\"4996\" data-end=\"4999\" \/><strong data-start=\"4999\" data-end=\"5009\">Sabor:<\/strong> Bayas rojas maduras, dulzor equilibrado, especias suaves<br data-start=\"5066\" data-end=\"5069\" \/><strong data-start=\"5069\" data-end=\"5095\">Graduaci\u00f3n alcoh\u00f3lica:<\/strong> 12.5% ABV<\/p>\n<p style=\"text-align: center\" data-start=\"5109\" data-end=\"5184\"><strong data-start=\"5109\" data-end=\"5123\">Maridajes:<\/strong><br data-start=\"5123\" data-end=\"5126\" \/>Postres, quesos cremosos, frutas frescas, para tomar fr\u00edo.<\/p>\n","protected":false},"excerpt":{"rendered":"<p>Vino tinto dulce de mezcla variada, f\u00e1cil de beber y afrutado. Pa\u00eds: Estados UnidosBodega: M\u00e9nage \u00e0 Trois (Trinchero Family Estates)Tipo: Vino tinto dulce (Blend)Sabor: Bayas rojas maduras, dulzor equilibrado, especias suavesGraduaci\u00f3n alcoh\u00f3lica: 12.5% ABV Maridajes:Postres, quesos cremosos, frutas frescas, para tomar fr\u00edo.<\/p>\n","protected":false},"featured_media":911,"comment_status":"open","ping_status":"closed","template":"","meta":[],"product_brand":[],"product_cat":[31],"product_tag":[],"class_list":{"0":"post-626","1":"product","2":"type-product","3":"status-publish","4":"has-post-thumbnail","6":"product_cat-vino-tinto","8":"first","9":"instock","10":"shipping-taxable","11":"purchasable","12":"product-type-simple"},"_links":{"self":[{"href":"https:\/\/espirita.store\/index.php?rest_route=\/wp\/v2\/product\/626","targetHints":{"allow":["GET"]}}],"collection":[{"href":"https:\/\/espirita.store\/index.php?rest_route=\/wp\/v2\/product"}],"about":[{"href":"https:\/\/espirita.store\/index.php?rest_route=\/wp\/v2\/types\/product"}],"replies":[{"embeddable":true,"href":"https:\/\/espirita.store\/index.php?rest_route=%2Fwp%2Fv2%2Fcomments&post=626"}],"wp:featuredmedia":[{"embeddable":true,"href":"https:\/\/espirita.store\/index.php?rest_route=\/wp\/v2\/media\/911"}],"wp:attachment":[{"href":"https:\/\/espirita.store\/index.php?rest_route=%2Fwp%2Fv2%2Fmedia&parent=626"}],"wp:term":[{"taxonomy":"product_brand","embeddable":true,"href":"https:\/\/espirita.store\/index.php?rest_route=%2Fwp%2Fv2%2Fproduct_brand&post=626"},{"taxonomy":"product_cat","embeddable":true,"href":"https:\/\/espirita.store\/index.php?rest_route=%2Fwp%2Fv2%2Fproduct_cat&post=626"},{"taxonomy":"product_tag","embeddable":true,"href":"https:\/\/espirita.store\/index.php?rest_route=%2Fwp%2Fv2%2Fproduct_tag&post=626"}],"curies":[{"name":"wp","href":"https:\/\/api.w.org\/{rel}","templated":true}]}}