{"id":618,"date":"2025-08-04T23:59:09","date_gmt":"2025-08-04T22:59:09","guid":{"rendered":"https:\/\/espirita.store\/?post_type=product&#038;p=618"},"modified":"2025-08-12T22:49:02","modified_gmt":"2025-08-12T21:49:02","slug":"santa-helena-varietal-cabernet-sauvignon-750-ml","status":"publish","type":"product","link":"https:\/\/espirita.store\/?product=santa-helena-varietal-cabernet-sauvignon-750-ml","title":{"rendered":"Santa Helena Varietal Cabernet Sauvignon 750 ml"},"content":{"rendered":"<p style=\"text-align: center\" data-start=\"3380\" data-end=\"3452\">Vino tinto chileno de cuerpo medio, con notas frutales y taninos suaves.<\/p>\n<p style=\"text-align: center\" data-start=\"3454\" data-end=\"3646\"><strong data-start=\"3454\" data-end=\"3463\">Pa\u00eds:<\/strong> Chile<br data-start=\"3469\" data-end=\"3472\" \/><strong data-start=\"3472\" data-end=\"3483\">Bodega:<\/strong> Vi\u00f1a Santa Helena<br data-start=\"3501\" data-end=\"3504\" \/><strong data-start=\"3504\" data-end=\"3513\">Tipo:<\/strong> Vino tinto (Cabernet Sauvignon)<br data-start=\"3545\" data-end=\"3548\" \/><strong data-start=\"3548\" data-end=\"3558\">Sabor:<\/strong> Ciruelas, cerezas, chocolate y especias suaves<br data-start=\"3605\" data-end=\"3608\" \/><strong data-start=\"3608\" data-end=\"3634\">Graduaci\u00f3n alcoh\u00f3lica:<\/strong> 13.5% ABV<\/p>\n<p style=\"text-align: center\" data-start=\"3648\" data-end=\"3722\"><strong data-start=\"3648\" data-end=\"3662\">Maridajes:<\/strong><br data-start=\"3662\" data-end=\"3665\" \/>Carnes rojas, quesos maduros, platos con salsas intensas.<\/p>\n","protected":false},"excerpt":{"rendered":"<p>Vino tinto chileno de cuerpo medio, con notas frutales y taninos suaves. Pa\u00eds: ChileBodega: Vi\u00f1a Santa HelenaTipo: Vino tinto (Cabernet Sauvignon)Sabor: Ciruelas, cerezas, chocolate y especias suavesGraduaci\u00f3n alcoh\u00f3lica: 13.5% ABV Maridajes:Carnes rojas, quesos maduros, platos con salsas intensas.<\/p>\n","protected":false},"featured_media":656,"comment_status":"open","ping_status":"closed","template":"","meta":[],"product_brand":[],"product_cat":[31],"product_tag":[],"class_list":{"0":"post-618","1":"product","2":"type-product","3":"status-publish","4":"has-post-thumbnail","6":"product_cat-vino-tinto","8":"first","9":"instock","10":"shipping-taxable","11":"purchasable","12":"product-type-simple"},"_links":{"self":[{"href":"https:\/\/espirita.store\/index.php?rest_route=\/wp\/v2\/product\/618","targetHints":{"allow":["GET"]}}],"collection":[{"href":"https:\/\/espirita.store\/index.php?rest_route=\/wp\/v2\/product"}],"about":[{"href":"https:\/\/espirita.store\/index.php?rest_route=\/wp\/v2\/types\/product"}],"replies":[{"embeddable":true,"href":"https:\/\/espirita.store\/index.php?rest_route=%2Fwp%2Fv2%2Fcomments&post=618"}],"wp:featuredmedia":[{"embeddable":true,"href":"https:\/\/espirita.store\/index.php?rest_route=\/wp\/v2\/media\/656"}],"wp:attachment":[{"href":"https:\/\/espirita.store\/index.php?rest_route=%2Fwp%2Fv2%2Fmedia&parent=618"}],"wp:term":[{"taxonomy":"product_brand","embeddable":true,"href":"https:\/\/espirita.store\/index.php?rest_route=%2Fwp%2Fv2%2Fproduct_brand&post=618"},{"taxonomy":"product_cat","embeddable":true,"href":"https:\/\/espirita.store\/index.php?rest_route=%2Fwp%2Fv2%2Fproduct_cat&post=618"},{"taxonomy":"product_tag","embeddable":true,"href":"https:\/\/espirita.store\/index.php?rest_route=%2Fwp%2Fv2%2Fproduct_tag&post=618"}],"curies":[{"name":"wp","href":"https:\/\/api.w.org\/{rel}","templated":true}]}}