{"id":616,"date":"2025-08-04T23:57:45","date_gmt":"2025-08-04T22:57:45","guid":{"rendered":"https:\/\/espirita.store\/?post_type=product&#038;p=616"},"modified":"2025-08-12T22:49:41","modified_gmt":"2025-08-12T21:49:41","slug":"frontera-sauvignon-blanc-1-5-l","status":"publish","type":"product","link":"https:\/\/espirita.store\/?product=frontera-sauvignon-blanc-1-5-l","title":{"rendered":"Frontera Sauvignon Blanc 1.5 L"},"content":{"rendered":"<p style=\"text-align: center\" data-start=\"2964\" data-end=\"2971\">1500 ml<\/p>\n<p style=\"text-align: center\" data-start=\"2973\" data-end=\"3053\">Vino blanco chileno fresco, c\u00edtrico y f\u00e1cil de beber, ideal para consumo diario.<\/p>\n<p style=\"text-align: center\" data-start=\"3055\" data-end=\"3243\"><strong data-start=\"3055\" data-end=\"3064\">Pa\u00eds:<\/strong> Chile<br data-start=\"3070\" data-end=\"3073\" \/><strong data-start=\"3073\" data-end=\"3084\">Bodega:<\/strong> Vi\u00f1a Concha y Toro<br data-start=\"3103\" data-end=\"3106\" \/><strong data-start=\"3106\" data-end=\"3115\">Tipo:<\/strong> Vino blanco (Sauvignon Blanc)<br data-start=\"3145\" data-end=\"3148\" \/><strong data-start=\"3148\" data-end=\"3158\">Sabor:<\/strong> Lim\u00f3n, pomelo, hierbas frescas, mineralidad<br data-start=\"3202\" data-end=\"3205\" \/><strong data-start=\"3205\" data-end=\"3231\">Graduaci\u00f3n alcoh\u00f3lica:<\/strong> 12.5% ABV<\/p>\n<p style=\"text-align: center\" data-start=\"3245\" data-end=\"3307\"><strong data-start=\"3245\" data-end=\"3259\">Maridajes:<\/strong><br data-start=\"3259\" data-end=\"3262\" \/>Ensaladas, pescados, mariscos, comida ligera.<\/p>\n","protected":false},"excerpt":{"rendered":"<p>1500 ml Vino blanco chileno fresco, c\u00edtrico y f\u00e1cil de beber, ideal para consumo diario. Pa\u00eds: ChileBodega: Vi\u00f1a Concha y ToroTipo: Vino blanco (Sauvignon Blanc)Sabor: Lim\u00f3n, pomelo, hierbas frescas, mineralidadGraduaci\u00f3n alcoh\u00f3lica: 12.5% ABV Maridajes:Ensaladas, pescados, mariscos, comida ligera.<\/p>\n","protected":false},"featured_media":657,"comment_status":"open","ping_status":"closed","template":"","meta":[],"product_brand":[],"product_cat":[30],"product_tag":[],"class_list":{"0":"post-616","1":"product","2":"type-product","3":"status-publish","4":"has-post-thumbnail","6":"product_cat-vino-blanco","8":"first","9":"instock","10":"shipping-taxable","11":"purchasable","12":"product-type-simple"},"_links":{"self":[{"href":"https:\/\/espirita.store\/index.php?rest_route=\/wp\/v2\/product\/616","targetHints":{"allow":["GET"]}}],"collection":[{"href":"https:\/\/espirita.store\/index.php?rest_route=\/wp\/v2\/product"}],"about":[{"href":"https:\/\/espirita.store\/index.php?rest_route=\/wp\/v2\/types\/product"}],"replies":[{"embeddable":true,"href":"https:\/\/espirita.store\/index.php?rest_route=%2Fwp%2Fv2%2Fcomments&post=616"}],"wp:featuredmedia":[{"embeddable":true,"href":"https:\/\/espirita.store\/index.php?rest_route=\/wp\/v2\/media\/657"}],"wp:attachment":[{"href":"https:\/\/espirita.store\/index.php?rest_route=%2Fwp%2Fv2%2Fmedia&parent=616"}],"wp:term":[{"taxonomy":"product_brand","embeddable":true,"href":"https:\/\/espirita.store\/index.php?rest_route=%2Fwp%2Fv2%2Fproduct_brand&post=616"},{"taxonomy":"product_cat","embeddable":true,"href":"https:\/\/espirita.store\/index.php?rest_route=%2Fwp%2Fv2%2Fproduct_cat&post=616"},{"taxonomy":"product_tag","embeddable":true,"href":"https:\/\/espirita.store\/index.php?rest_route=%2Fwp%2Fv2%2Fproduct_tag&post=616"}],"curies":[{"name":"wp","href":"https:\/\/api.w.org\/{rel}","templated":true}]}}