{"id":614,"date":"2025-08-04T23:56:15","date_gmt":"2025-08-04T22:56:15","guid":{"rendered":"https:\/\/espirita.store\/?post_type=product&#038;p=614"},"modified":"2025-09-05T21:55:06","modified_gmt":"2025-09-05T20:55:06","slug":"francis-coppola-zinfandel-2021","status":"publish","type":"product","link":"https:\/\/espirita.store\/?product=francis-coppola-zinfandel-2021","title":{"rendered":"Francis Coppola Zinfandel 2021"},"content":{"rendered":"<p style=\"text-align: center\" data-start=\"2514\" data-end=\"2592\">Vino tinto con perfil frutal intenso y especias caracter\u00edsticas del Zinfandel.<\/p>\n<p style=\"text-align: center\" data-start=\"2594\" data-end=\"2834\"><strong data-start=\"2594\" data-end=\"2603\">Pa\u00eds:<\/strong> Estados Unidos<br data-start=\"2618\" data-end=\"2621\" \/><strong data-start=\"2621\" data-end=\"2632\">Regi\u00f3n:<\/strong> California<br data-start=\"2643\" data-end=\"2646\" \/><strong data-start=\"2646\" data-end=\"2657\">Bodega:<\/strong> Francis Ford Coppola Winery<br data-start=\"2685\" data-end=\"2688\" \/><strong data-start=\"2688\" data-end=\"2697\">Tipo:<\/strong> Vino tinto (Zinfandel)<br data-start=\"2720\" data-end=\"2723\" \/><strong data-start=\"2723\" data-end=\"2733\">Sabor:<\/strong> Moras, frambuesas, especias, pimienta negra, taninos suaves<br data-start=\"2793\" data-end=\"2796\" \/><strong data-start=\"2796\" data-end=\"2822\">Graduaci\u00f3n alcoh\u00f3lica:<\/strong> 14.5% ABV<\/p>\n<p style=\"text-align: center\" data-start=\"2836\" data-end=\"2916\"><strong data-start=\"2836\" data-end=\"2850\">Maridajes:<\/strong><br data-start=\"2850\" data-end=\"2853\" \/>Carnes a la parrilla, platos especiados, quesos maduros, pizza.<\/p>\n","protected":false},"excerpt":{"rendered":"<p>Vino tinto con perfil frutal intenso y especias caracter\u00edsticas del Zinfandel. Pa\u00eds: Estados UnidosRegi\u00f3n: CaliforniaBodega: Francis Ford Coppola WineryTipo: Vino tinto (Zinfandel)Sabor: Moras, frambuesas, especias, pimienta negra, taninos suavesGraduaci\u00f3n alcoh\u00f3lica: 14.5% ABV Maridajes:Carnes a la parrilla, platos especiados, quesos maduros, pizza.<\/p>\n","protected":false},"featured_media":987,"comment_status":"open","ping_status":"closed","template":"","meta":[],"product_brand":[],"product_cat":[31],"product_tag":[],"class_list":{"0":"post-614","1":"product","2":"type-product","3":"status-publish","4":"has-post-thumbnail","6":"product_cat-vino-tinto","8":"first","9":"instock","10":"shipping-taxable","11":"purchasable","12":"product-type-simple"},"_links":{"self":[{"href":"https:\/\/espirita.store\/index.php?rest_route=\/wp\/v2\/product\/614","targetHints":{"allow":["GET"]}}],"collection":[{"href":"https:\/\/espirita.store\/index.php?rest_route=\/wp\/v2\/product"}],"about":[{"href":"https:\/\/espirita.store\/index.php?rest_route=\/wp\/v2\/types\/product"}],"replies":[{"embeddable":true,"href":"https:\/\/espirita.store\/index.php?rest_route=%2Fwp%2Fv2%2Fcomments&post=614"}],"wp:featuredmedia":[{"embeddable":true,"href":"https:\/\/espirita.store\/index.php?rest_route=\/wp\/v2\/media\/987"}],"wp:attachment":[{"href":"https:\/\/espirita.store\/index.php?rest_route=%2Fwp%2Fv2%2Fmedia&parent=614"}],"wp:term":[{"taxonomy":"product_brand","embeddable":true,"href":"https:\/\/espirita.store\/index.php?rest_route=%2Fwp%2Fv2%2Fproduct_brand&post=614"},{"taxonomy":"product_cat","embeddable":true,"href":"https:\/\/espirita.store\/index.php?rest_route=%2Fwp%2Fv2%2Fproduct_cat&post=614"},{"taxonomy":"product_tag","embeddable":true,"href":"https:\/\/espirita.store\/index.php?rest_route=%2Fwp%2Fv2%2Fproduct_tag&post=614"}],"curies":[{"name":"wp","href":"https:\/\/api.w.org\/{rel}","templated":true}]}}