{"id":610,"date":"2025-08-04T23:51:49","date_gmt":"2025-08-04T22:51:49","guid":{"rendered":"https:\/\/espirita.store\/?post_type=product&#038;p=610"},"modified":"2025-09-05T21:53:46","modified_gmt":"2025-09-05T20:53:46","slug":"coppola-diamond-collection-claret-cabernet-sauvignon","status":"publish","type":"product","link":"https:\/\/espirita.store\/?product=coppola-diamond-collection-claret-cabernet-sauvignon","title":{"rendered":"Coppola Diamond Collection Claret Cabernet Sauvignon"},"content":{"rendered":"<p style=\"text-align: center\" data-start=\"1564\" data-end=\"1677\">Vino tinto de California elaborado con Cabernet Sauvignon, parte de la colecci\u00f3n Diamond de Francis Ford Coppola.<\/p>\n<p style=\"text-align: center\" data-start=\"1679\" data-end=\"1926\"><strong data-start=\"1679\" data-end=\"1688\">Pa\u00eds:<\/strong> Estados Unidos<br data-start=\"1703\" data-end=\"1706\" \/><strong data-start=\"1706\" data-end=\"1717\">Regi\u00f3n:<\/strong> California<br data-start=\"1728\" data-end=\"1731\" \/><strong data-start=\"1731\" data-end=\"1742\">Bodega:<\/strong> Francis Ford Coppola Winery<br data-start=\"1770\" data-end=\"1773\" \/><strong data-start=\"1773\" data-end=\"1782\">Tipo:<\/strong> Vino tinto (Cabernet Sauvignon)<br data-start=\"1814\" data-end=\"1817\" \/><strong data-start=\"1817\" data-end=\"1827\">Sabor:<\/strong> Moras, cassis, vainilla, roble suave, taninos firmes<br data-start=\"1880\" data-end=\"1883\" \/><strong data-start=\"1883\" data-end=\"1909\">Graduaci\u00f3n alcoh\u00f3lica:<\/strong> 13.5-14.5% ABV<\/p>\n<p style=\"text-align: center\" data-start=\"1928\" data-end=\"2011\"><strong data-start=\"1928\" data-end=\"1942\">Maridajes:<\/strong><br data-start=\"1942\" data-end=\"1945\" \/>Carnes rojas, cordero, quesos fuertes, platos con salsas intensas.<\/p>\n","protected":false},"excerpt":{"rendered":"<p>Vino tinto de California elaborado con Cabernet Sauvignon, parte de la colecci\u00f3n Diamond de Francis Ford Coppola. Pa\u00eds: Estados UnidosRegi\u00f3n: CaliforniaBodega: Francis Ford Coppola WineryTipo: Vino tinto (Cabernet Sauvignon)Sabor: Moras, cassis, vainilla, roble suave, taninos firmesGraduaci\u00f3n alcoh\u00f3lica: 13.5-14.5% ABV Maridajes:Carnes rojas, cordero, quesos fuertes, platos con salsas intensas.<\/p>\n","protected":false},"featured_media":985,"comment_status":"open","ping_status":"closed","template":"","meta":[],"product_brand":[],"product_cat":[31],"product_tag":[],"class_list":{"0":"post-610","1":"product","2":"type-product","3":"status-publish","4":"has-post-thumbnail","6":"product_cat-vino-tinto","8":"first","9":"instock","10":"shipping-taxable","11":"purchasable","12":"product-type-simple"},"_links":{"self":[{"href":"https:\/\/espirita.store\/index.php?rest_route=\/wp\/v2\/product\/610","targetHints":{"allow":["GET"]}}],"collection":[{"href":"https:\/\/espirita.store\/index.php?rest_route=\/wp\/v2\/product"}],"about":[{"href":"https:\/\/espirita.store\/index.php?rest_route=\/wp\/v2\/types\/product"}],"replies":[{"embeddable":true,"href":"https:\/\/espirita.store\/index.php?rest_route=%2Fwp%2Fv2%2Fcomments&post=610"}],"wp:featuredmedia":[{"embeddable":true,"href":"https:\/\/espirita.store\/index.php?rest_route=\/wp\/v2\/media\/985"}],"wp:attachment":[{"href":"https:\/\/espirita.store\/index.php?rest_route=%2Fwp%2Fv2%2Fmedia&parent=610"}],"wp:term":[{"taxonomy":"product_brand","embeddable":true,"href":"https:\/\/espirita.store\/index.php?rest_route=%2Fwp%2Fv2%2Fproduct_brand&post=610"},{"taxonomy":"product_cat","embeddable":true,"href":"https:\/\/espirita.store\/index.php?rest_route=%2Fwp%2Fv2%2Fproduct_cat&post=610"},{"taxonomy":"product_tag","embeddable":true,"href":"https:\/\/espirita.store\/index.php?rest_route=%2Fwp%2Fv2%2Fproduct_tag&post=610"}],"curies":[{"name":"wp","href":"https:\/\/api.w.org\/{rel}","templated":true}]}}