{"id":606,"date":"2025-08-04T23:47:29","date_gmt":"2025-08-04T22:47:29","guid":{"rendered":"https:\/\/espirita.store\/?post_type=product&#038;p=606"},"modified":"2025-09-04T21:34:28","modified_gmt":"2025-09-04T20:34:28","slug":"fria-frio-vinho-verde-doc-rose","status":"publish","type":"product","link":"https:\/\/espirita.store\/?product=fria-frio-vinho-verde-doc-rose","title":{"rendered":"Fria Frio Vinho Verde DOC Ros\u00e9"},"content":{"rendered":"<p style=\"text-align: center\" data-start=\"665\" data-end=\"759\">Vino rosado joven y fresco, con un perfil afrutado y acidez refrescante t\u00edpico de Vinho Verde.<\/p>\n<p style=\"text-align: center\" data-start=\"761\" data-end=\"972\"><strong data-start=\"761\" data-end=\"770\">Pa\u00eds:<\/strong> Portugal<br data-start=\"779\" data-end=\"782\" \/><strong data-start=\"782\" data-end=\"793\">Regi\u00f3n:<\/strong> Vinho Verde DOC<br data-start=\"809\" data-end=\"812\" \/><strong data-start=\"812\" data-end=\"823\">Bodega:<\/strong> Fria Frio<br data-start=\"833\" data-end=\"836\" \/><strong data-start=\"836\" data-end=\"845\">Tipo:<\/strong> Vino rosado seco<br data-start=\"862\" data-end=\"865\" \/><strong data-start=\"865\" data-end=\"875\">Sabor:<\/strong> Fresas, frambuesas, notas florales, acidez refrescante<br data-start=\"930\" data-end=\"933\" \/><strong data-start=\"933\" data-end=\"959\">Graduaci\u00f3n alcoh\u00f3lica:<\/strong> 10-11% ABV<\/p>\n<p style=\"text-align: center\" data-start=\"974\" data-end=\"1060\"><strong data-start=\"974\" data-end=\"988\">Maridajes:<\/strong><br data-start=\"988\" data-end=\"991\" \/>Ensaladas, mariscos, platos ligeros, sushi, comidas asi\u00e1ticas suaves.<\/p>\n","protected":false},"excerpt":{"rendered":"<p>Vino rosado joven y fresco, con un perfil afrutado y acidez refrescante t\u00edpico de Vinho Verde. Pa\u00eds: PortugalRegi\u00f3n: Vinho Verde DOCBodega: Fria FrioTipo: Vino rosado secoSabor: Fresas, frambuesas, notas florales, acidez refrescanteGraduaci\u00f3n alcoh\u00f3lica: 10-11% ABV Maridajes:Ensaladas, mariscos, platos ligeros, sushi, comidas asi\u00e1ticas suaves.<\/p>\n","protected":false},"featured_media":914,"comment_status":"open","ping_status":"closed","template":"","meta":[],"product_brand":[],"product_cat":[44],"product_tag":[],"class_list":{"0":"post-606","1":"product","2":"type-product","3":"status-publish","4":"has-post-thumbnail","6":"product_cat-vino-rosado","8":"first","9":"instock","10":"shipping-taxable","11":"purchasable","12":"product-type-simple"},"_links":{"self":[{"href":"https:\/\/espirita.store\/index.php?rest_route=\/wp\/v2\/product\/606","targetHints":{"allow":["GET"]}}],"collection":[{"href":"https:\/\/espirita.store\/index.php?rest_route=\/wp\/v2\/product"}],"about":[{"href":"https:\/\/espirita.store\/index.php?rest_route=\/wp\/v2\/types\/product"}],"replies":[{"embeddable":true,"href":"https:\/\/espirita.store\/index.php?rest_route=%2Fwp%2Fv2%2Fcomments&post=606"}],"wp:featuredmedia":[{"embeddable":true,"href":"https:\/\/espirita.store\/index.php?rest_route=\/wp\/v2\/media\/914"}],"wp:attachment":[{"href":"https:\/\/espirita.store\/index.php?rest_route=%2Fwp%2Fv2%2Fmedia&parent=606"}],"wp:term":[{"taxonomy":"product_brand","embeddable":true,"href":"https:\/\/espirita.store\/index.php?rest_route=%2Fwp%2Fv2%2Fproduct_brand&post=606"},{"taxonomy":"product_cat","embeddable":true,"href":"https:\/\/espirita.store\/index.php?rest_route=%2Fwp%2Fv2%2Fproduct_cat&post=606"},{"taxonomy":"product_tag","embeddable":true,"href":"https:\/\/espirita.store\/index.php?rest_route=%2Fwp%2Fv2%2Fproduct_tag&post=606"}],"curies":[{"name":"wp","href":"https:\/\/api.w.org\/{rel}","templated":true}]}}