{"id":604,"date":"2025-08-04T23:45:01","date_gmt":"2025-08-04T22:45:01","guid":{"rendered":"https:\/\/espirita.store\/?post_type=product&#038;p=604"},"modified":"2025-09-04T21:35:06","modified_gmt":"2025-09-04T20:35:06","slug":"fria-frio-vinho-verde-doc-blanco","status":"publish","type":"product","link":"https:\/\/espirita.store\/?product=fria-frio-vinho-verde-doc-blanco","title":{"rendered":"Fria Frio Vinho Verde DOC Blanco"},"content":{"rendered":"<p style=\"text-align: center\" data-start=\"165\" data-end=\"298\">Vino blanco fresco y ligero de la regi\u00f3n Vinho Verde en Portugal. Con acidez vibrante y notas c\u00edtricas, es ideal para climas c\u00e1lidos.<\/p>\n<p style=\"text-align: center\" data-start=\"300\" data-end=\"510\"><strong data-start=\"300\" data-end=\"309\">Pa\u00eds:<\/strong> Portugal<br data-start=\"318\" data-end=\"321\" \/><strong data-start=\"321\" data-end=\"332\">Regi\u00f3n:<\/strong> Vinho Verde DOC<br data-start=\"348\" data-end=\"351\" \/><strong data-start=\"351\" data-end=\"362\">Bodega:<\/strong> Fria Frio<br data-start=\"372\" data-end=\"375\" \/><strong data-start=\"375\" data-end=\"384\">Tipo:<\/strong> Vino blanco seco<br data-start=\"401\" data-end=\"404\" \/><strong data-start=\"404\" data-end=\"414\">Sabor:<\/strong> C\u00edtricos, manzana verde, notas florales y mineralidad<br data-start=\"468\" data-end=\"471\" \/><strong data-start=\"471\" data-end=\"497\">Graduaci\u00f3n alcoh\u00f3lica:<\/strong> 10-11% ABV<\/p>\n<p style=\"text-align: center\" data-start=\"512\" data-end=\"609\"><strong data-start=\"512\" data-end=\"526\">Maridajes:<\/strong><br data-start=\"526\" data-end=\"529\" \/>Mariscos, pescados a la parrilla, ensaladas frescas, sushi y aperitivos ligeros.<\/p>\n","protected":false},"excerpt":{"rendered":"<p>Vino blanco fresco y ligero de la regi\u00f3n Vinho Verde en Portugal. Con acidez vibrante y notas c\u00edtricas, es ideal para climas c\u00e1lidos. Pa\u00eds: PortugalRegi\u00f3n: Vinho Verde DOCBodega: Fria FrioTipo: Vino blanco secoSabor: C\u00edtricos, manzana verde, notas florales y mineralidadGraduaci\u00f3n alcoh\u00f3lica: 10-11% ABV Maridajes:Mariscos, pescados a la parrilla, ensaladas frescas, sushi y aperitivos ligeros.<\/p>\n","protected":false},"featured_media":915,"comment_status":"open","ping_status":"closed","template":"","meta":[],"product_brand":[],"product_cat":[30],"product_tag":[],"class_list":{"0":"post-604","1":"product","2":"type-product","3":"status-publish","4":"has-post-thumbnail","6":"product_cat-vino-blanco","8":"first","9":"instock","10":"shipping-taxable","11":"purchasable","12":"product-type-simple"},"_links":{"self":[{"href":"https:\/\/espirita.store\/index.php?rest_route=\/wp\/v2\/product\/604","targetHints":{"allow":["GET"]}}],"collection":[{"href":"https:\/\/espirita.store\/index.php?rest_route=\/wp\/v2\/product"}],"about":[{"href":"https:\/\/espirita.store\/index.php?rest_route=\/wp\/v2\/types\/product"}],"replies":[{"embeddable":true,"href":"https:\/\/espirita.store\/index.php?rest_route=%2Fwp%2Fv2%2Fcomments&post=604"}],"wp:featuredmedia":[{"embeddable":true,"href":"https:\/\/espirita.store\/index.php?rest_route=\/wp\/v2\/media\/915"}],"wp:attachment":[{"href":"https:\/\/espirita.store\/index.php?rest_route=%2Fwp%2Fv2%2Fmedia&parent=604"}],"wp:term":[{"taxonomy":"product_brand","embeddable":true,"href":"https:\/\/espirita.store\/index.php?rest_route=%2Fwp%2Fv2%2Fproduct_brand&post=604"},{"taxonomy":"product_cat","embeddable":true,"href":"https:\/\/espirita.store\/index.php?rest_route=%2Fwp%2Fv2%2Fproduct_cat&post=604"},{"taxonomy":"product_tag","embeddable":true,"href":"https:\/\/espirita.store\/index.php?rest_route=%2Fwp%2Fv2%2Fproduct_tag&post=604"}],"curies":[{"name":"wp","href":"https:\/\/api.w.org\/{rel}","templated":true}]}}