{"id":602,"date":"2025-08-04T23:43:22","date_gmt":"2025-08-04T22:43:22","guid":{"rendered":"https:\/\/espirita.store\/?post_type=product&#038;p=602"},"modified":"2025-09-04T21:35:56","modified_gmt":"2025-09-04T20:35:56","slug":"paulaner-munchner-lager-2","status":"publish","type":"product","link":"https:\/\/espirita.store\/?product=paulaner-munchner-lager-2","title":{"rendered":"Paulaner M\u00fcnchner Lager"},"content":{"rendered":"<p style=\"text-align: center\" data-start=\"4577\" data-end=\"4681\">Cerveza lager clara de baja fermentaci\u00f3n, refrescante y suave, elaborada seg\u00fan la ley de pureza alemana.<\/p>\n<p style=\"text-align: center\" data-start=\"4683\" data-end=\"4890\"><strong data-start=\"4683\" data-end=\"4692\">Pa\u00eds:<\/strong> Alemania<br data-start=\"4701\" data-end=\"4704\" \/><strong data-start=\"4704\" data-end=\"4719\">Cervecer\u00eda:<\/strong> Paulaner Brauerei<br data-start=\"4737\" data-end=\"4740\" \/><strong data-start=\"4740\" data-end=\"4749\">Tipo:<\/strong> Helles Lager (M\u00fanchner Lager)<br data-start=\"4779\" data-end=\"4782\" \/><strong data-start=\"4782\" data-end=\"4792\">Sabor:<\/strong> Malta suave, pan blanco, ligero amargor floral del l\u00fapulo<br data-start=\"4850\" data-end=\"4853\" \/><strong data-start=\"4853\" data-end=\"4879\">Graduaci\u00f3n alcoh\u00f3lica:<\/strong> 4.9% ABV<\/p>\n<p style=\"text-align: center\" data-start=\"4892\" data-end=\"4978\"><strong data-start=\"4892\" data-end=\"4906\">Maridajes:<\/strong><br data-start=\"4906\" data-end=\"4909\" \/>Salchichas alemanas, pretzels, pollo asado, quesos suaves, ensaladas.<\/p>\n","protected":false},"excerpt":{"rendered":"<p>Cerveza lager clara de baja fermentaci\u00f3n, refrescante y suave, elaborada seg\u00fan la ley de pureza alemana. Pa\u00eds: AlemaniaCervecer\u00eda: Paulaner BrauereiTipo: Helles Lager (M\u00fanchner Lager)Sabor: Malta suave, pan blanco, ligero amargor floral del l\u00fapuloGraduaci\u00f3n alcoh\u00f3lica: 4.9% ABV Maridajes:Salchichas alemanas, pretzels, pollo asado, quesos suaves, ensaladas.<\/p>\n","protected":false},"featured_media":916,"comment_status":"open","ping_status":"closed","template":"","meta":[],"product_brand":[],"product_cat":[65],"product_tag":[],"class_list":{"0":"post-602","1":"product","2":"type-product","3":"status-publish","4":"has-post-thumbnail","6":"product_cat-cerveza-alemana","8":"first","9":"instock","10":"shipping-taxable","11":"purchasable","12":"product-type-simple"},"_links":{"self":[{"href":"https:\/\/espirita.store\/index.php?rest_route=\/wp\/v2\/product\/602","targetHints":{"allow":["GET"]}}],"collection":[{"href":"https:\/\/espirita.store\/index.php?rest_route=\/wp\/v2\/product"}],"about":[{"href":"https:\/\/espirita.store\/index.php?rest_route=\/wp\/v2\/types\/product"}],"replies":[{"embeddable":true,"href":"https:\/\/espirita.store\/index.php?rest_route=%2Fwp%2Fv2%2Fcomments&post=602"}],"wp:featuredmedia":[{"embeddable":true,"href":"https:\/\/espirita.store\/index.php?rest_route=\/wp\/v2\/media\/916"}],"wp:attachment":[{"href":"https:\/\/espirita.store\/index.php?rest_route=%2Fwp%2Fv2%2Fmedia&parent=602"}],"wp:term":[{"taxonomy":"product_brand","embeddable":true,"href":"https:\/\/espirita.store\/index.php?rest_route=%2Fwp%2Fv2%2Fproduct_brand&post=602"},{"taxonomy":"product_cat","embeddable":true,"href":"https:\/\/espirita.store\/index.php?rest_route=%2Fwp%2Fv2%2Fproduct_cat&post=602"},{"taxonomy":"product_tag","embeddable":true,"href":"https:\/\/espirita.store\/index.php?rest_route=%2Fwp%2Fv2%2Fproduct_tag&post=602"}],"curies":[{"name":"wp","href":"https:\/\/api.w.org\/{rel}","templated":true}]}}