{"id":592,"date":"2025-08-04T23:24:43","date_gmt":"2025-08-04T22:24:43","guid":{"rendered":"https:\/\/espirita.store\/?post_type=product&#038;p=592"},"modified":"2025-08-12T23:00:39","modified_gmt":"2025-08-12T22:00:39","slug":"samuel-robert-winery-pinot-noir-rose","status":"publish","type":"product","link":"https:\/\/espirita.store\/?product=samuel-robert-winery-pinot-noir-rose","title":{"rendered":"Samuel Robert Winery Pinot Noir Ros\u00e9"},"content":{"rendered":"<p style=\"text-align: center\" data-start=\"1741\" data-end=\"1842\">Vino rosado elaborado con uvas Pinot Noir, fresco y con buena acidez, con aromas frutales y florales.<\/p>\n<p style=\"text-align: center\" data-start=\"1844\" data-end=\"2063\"><strong data-start=\"1844\" data-end=\"1853\">Pa\u00eds:<\/strong> Estados Unidos<br data-start=\"1868\" data-end=\"1871\" \/><strong data-start=\"1871\" data-end=\"1882\">Regi\u00f3n:<\/strong> California<br data-start=\"1893\" data-end=\"1896\" \/><strong data-start=\"1896\" data-end=\"1907\">Bodega:<\/strong> Samuel Robert Winery<br data-start=\"1928\" data-end=\"1931\" \/><strong data-start=\"1931\" data-end=\"1940\">Tipo:<\/strong> Rosado (Pinot Noir)<br data-start=\"1960\" data-end=\"1963\" \/><strong data-start=\"1963\" data-end=\"1973\">Sabor:<\/strong> Fresas, frambuesas, flores, ligero toque c\u00edtrico<br data-start=\"2022\" data-end=\"2025\" \/><strong data-start=\"2025\" data-end=\"2051\">Graduaci\u00f3n alcoh\u00f3lica:<\/strong> 13.5% ABV<\/p>\n<p style=\"text-align: center\" data-start=\"2065\" data-end=\"2165\"><strong data-start=\"2065\" data-end=\"2079\">Maridajes:<\/strong><br data-start=\"2079\" data-end=\"2082\" \/>Ensaladas frescas, mariscos, pollo a la parrilla, cocina mediterr\u00e1nea y aperitivos.<\/p>\n","protected":false},"excerpt":{"rendered":"<p>Vino rosado elaborado con uvas Pinot Noir, fresco y con buena acidez, con aromas frutales y florales. Pa\u00eds: Estados UnidosRegi\u00f3n: CaliforniaBodega: Samuel Robert WineryTipo: Rosado (Pinot Noir)Sabor: Fresas, frambuesas, flores, ligero toque c\u00edtricoGraduaci\u00f3n alcoh\u00f3lica: 13.5% ABV Maridajes:Ensaladas frescas, mariscos, pollo a la parrilla, cocina mediterr\u00e1nea y aperitivos.<\/p>\n","protected":false},"featured_media":669,"comment_status":"open","ping_status":"closed","template":"","meta":[],"product_brand":[],"product_cat":[44],"product_tag":[],"class_list":{"0":"post-592","1":"product","2":"type-product","3":"status-publish","4":"has-post-thumbnail","6":"product_cat-vino-rosado","8":"first","9":"instock","10":"shipping-taxable","11":"purchasable","12":"product-type-simple"},"_links":{"self":[{"href":"https:\/\/espirita.store\/index.php?rest_route=\/wp\/v2\/product\/592","targetHints":{"allow":["GET"]}}],"collection":[{"href":"https:\/\/espirita.store\/index.php?rest_route=\/wp\/v2\/product"}],"about":[{"href":"https:\/\/espirita.store\/index.php?rest_route=\/wp\/v2\/types\/product"}],"replies":[{"embeddable":true,"href":"https:\/\/espirita.store\/index.php?rest_route=%2Fwp%2Fv2%2Fcomments&post=592"}],"wp:featuredmedia":[{"embeddable":true,"href":"https:\/\/espirita.store\/index.php?rest_route=\/wp\/v2\/media\/669"}],"wp:attachment":[{"href":"https:\/\/espirita.store\/index.php?rest_route=%2Fwp%2Fv2%2Fmedia&parent=592"}],"wp:term":[{"taxonomy":"product_brand","embeddable":true,"href":"https:\/\/espirita.store\/index.php?rest_route=%2Fwp%2Fv2%2Fproduct_brand&post=592"},{"taxonomy":"product_cat","embeddable":true,"href":"https:\/\/espirita.store\/index.php?rest_route=%2Fwp%2Fv2%2Fproduct_cat&post=592"},{"taxonomy":"product_tag","embeddable":true,"href":"https:\/\/espirita.store\/index.php?rest_route=%2Fwp%2Fv2%2Fproduct_tag&post=592"}],"curies":[{"name":"wp","href":"https:\/\/api.w.org\/{rel}","templated":true}]}}