{"id":590,"date":"2025-08-04T23:23:33","date_gmt":"2025-08-04T22:23:33","guid":{"rendered":"https:\/\/espirita.store\/?post_type=product&#038;p=590"},"modified":"2025-08-29T21:19:17","modified_gmt":"2025-08-29T20:19:17","slug":"guinness-extra-stout","status":"publish","type":"product","link":"https:\/\/espirita.store\/?product=guinness-extra-stout","title":{"rendered":"Guinness Extra Stout"},"content":{"rendered":"<p style=\"text-align: center\" data-start=\"1293\" data-end=\"1394\">Cerveza stout robusta con sabor a malta tostada, amargor moderado y notas de caf\u00e9 y chocolate oscuro.<\/p>\n<p style=\"text-align: center\" data-start=\"1396\" data-end=\"1581\"><strong data-start=\"1396\" data-end=\"1405\">Pa\u00eds:<\/strong> Irlanda<br data-start=\"1413\" data-end=\"1416\" \/><strong data-start=\"1416\" data-end=\"1431\">Cervecer\u00eda:<\/strong> Guinness Ltd.<br data-start=\"1445\" data-end=\"1448\" \/><strong data-start=\"1448\" data-end=\"1457\">Tipo:<\/strong> Stout Extra<br data-start=\"1469\" data-end=\"1472\" \/><strong data-start=\"1472\" data-end=\"1482\">Sabor:<\/strong> Malta tostada, caf\u00e9, chocolate amargo, amargor equilibrado<br data-start=\"1541\" data-end=\"1544\" \/><strong data-start=\"1544\" data-end=\"1570\">Graduaci\u00f3n alcoh\u00f3lica:<\/strong> 5.6% ABV<\/p>\n<p style=\"text-align: center\" data-start=\"1583\" data-end=\"1679\"><strong data-start=\"1583\" data-end=\"1597\">Maridajes:<\/strong><br data-start=\"1597\" data-end=\"1600\" \/>Carnes rojas, guisos, quesos fuertes, chocolate amargo, postres ricos en cacao.<\/p>\n","protected":false},"excerpt":{"rendered":"<p>Cerveza stout robusta con sabor a malta tostada, amargor moderado y notas de caf\u00e9 y chocolate oscuro. Pa\u00eds: IrlandaCervecer\u00eda: Guinness Ltd.Tipo: Stout ExtraSabor: Malta tostada, caf\u00e9, chocolate amargo, amargor equilibradoGraduaci\u00f3n alcoh\u00f3lica: 5.6% ABV Maridajes:Carnes rojas, guisos, quesos fuertes, chocolate amargo, postres ricos en cacao.<\/p>\n","protected":false},"featured_media":670,"comment_status":"open","ping_status":"closed","template":"","meta":[],"product_brand":[],"product_cat":[73],"product_tag":[],"class_list":{"0":"post-590","1":"product","2":"type-product","3":"status-publish","4":"has-post-thumbnail","6":"product_cat-cerveza-irlandesa","8":"first","9":"instock","10":"shipping-taxable","11":"purchasable","12":"product-type-simple"},"_links":{"self":[{"href":"https:\/\/espirita.store\/index.php?rest_route=\/wp\/v2\/product\/590","targetHints":{"allow":["GET"]}}],"collection":[{"href":"https:\/\/espirita.store\/index.php?rest_route=\/wp\/v2\/product"}],"about":[{"href":"https:\/\/espirita.store\/index.php?rest_route=\/wp\/v2\/types\/product"}],"replies":[{"embeddable":true,"href":"https:\/\/espirita.store\/index.php?rest_route=%2Fwp%2Fv2%2Fcomments&post=590"}],"wp:featuredmedia":[{"embeddable":true,"href":"https:\/\/espirita.store\/index.php?rest_route=\/wp\/v2\/media\/670"}],"wp:attachment":[{"href":"https:\/\/espirita.store\/index.php?rest_route=%2Fwp%2Fv2%2Fmedia&parent=590"}],"wp:term":[{"taxonomy":"product_brand","embeddable":true,"href":"https:\/\/espirita.store\/index.php?rest_route=%2Fwp%2Fv2%2Fproduct_brand&post=590"},{"taxonomy":"product_cat","embeddable":true,"href":"https:\/\/espirita.store\/index.php?rest_route=%2Fwp%2Fv2%2Fproduct_cat&post=590"},{"taxonomy":"product_tag","embeddable":true,"href":"https:\/\/espirita.store\/index.php?rest_route=%2Fwp%2Fv2%2Fproduct_tag&post=590"}],"curies":[{"name":"wp","href":"https:\/\/api.w.org\/{rel}","templated":true}]}}