{"id":588,"date":"2025-08-04T23:21:11","date_gmt":"2025-08-04T22:21:11","guid":{"rendered":"https:\/\/espirita.store\/?post_type=product&#038;p=588"},"modified":"2025-09-04T21:24:38","modified_gmt":"2025-09-04T20:24:38","slug":"stella-rosa-watermelon","status":"publish","type":"product","link":"https:\/\/espirita.store\/?product=stella-rosa-watermelon","title":{"rendered":"Stella Rosa Watermelon"},"content":{"rendered":"<p style=\"text-align: center\" data-start=\"760\" data-end=\"877\">Vino semi-dulce con sabor a sand\u00eda, refrescante y ligeramente efervescente, ideal para un consumo casual y veraniego.<\/p>\n<p style=\"text-align: center\" data-start=\"879\" data-end=\"1132\"><strong data-start=\"879\" data-end=\"888\">Pa\u00eds:<\/strong> Estados Unidos<br data-start=\"903\" data-end=\"906\" \/><strong data-start=\"906\" data-end=\"917\">Regi\u00f3n:<\/strong> Nueva York<br data-start=\"928\" data-end=\"931\" \/><strong data-start=\"931\" data-end=\"942\">Bodega:<\/strong> Riboli Family Wines<br data-start=\"962\" data-end=\"965\" \/><strong data-start=\"965\" data-end=\"974\">Tipo:<\/strong> Vino semi-dulce con sabor a fruta<br data-start=\"1008\" data-end=\"1011\" \/><strong data-start=\"1011\" data-end=\"1021\">Sabor:<\/strong> Sand\u00eda, fresas, dulzura equilibrada, toque frutal y ligero burbujeo<br data-start=\"1089\" data-end=\"1092\" \/><strong data-start=\"1092\" data-end=\"1118\">Graduaci\u00f3n alcoh\u00f3lica:<\/strong> 5% &#8211; 6% ABV<\/p>\n<p style=\"text-align: center\" data-start=\"1134\" data-end=\"1230\"><strong data-start=\"1134\" data-end=\"1148\">Maridajes:<\/strong><br data-start=\"1148\" data-end=\"1151\" \/>Postres frescos, frutas, ensaladas, aperitivos ligeros y c\u00f3cteles refrescantes.<\/p>\n","protected":false},"excerpt":{"rendered":"<p>Vino semi-dulce con sabor a sand\u00eda, refrescante y ligeramente efervescente, ideal para un consumo casual y veraniego. Pa\u00eds: Estados UnidosRegi\u00f3n: Nueva YorkBodega: Riboli Family WinesTipo: Vino semi-dulce con sabor a frutaSabor: Sand\u00eda, fresas, dulzura equilibrada, toque frutal y ligero burbujeoGraduaci\u00f3n alcoh\u00f3lica: 5% &#8211; 6% ABV Maridajes:Postres frescos, frutas, ensaladas, aperitivos ligeros y c\u00f3cteles refrescantes.<\/p>\n","protected":false},"featured_media":671,"comment_status":"open","ping_status":"closed","template":"","meta":[],"product_brand":[],"product_cat":[44],"product_tag":[],"class_list":{"0":"post-588","1":"product","2":"type-product","3":"status-publish","4":"has-post-thumbnail","6":"product_cat-vino-rosado","8":"first","9":"instock","10":"shipping-taxable","11":"purchasable","12":"product-type-simple"},"_links":{"self":[{"href":"https:\/\/espirita.store\/index.php?rest_route=\/wp\/v2\/product\/588","targetHints":{"allow":["GET"]}}],"collection":[{"href":"https:\/\/espirita.store\/index.php?rest_route=\/wp\/v2\/product"}],"about":[{"href":"https:\/\/espirita.store\/index.php?rest_route=\/wp\/v2\/types\/product"}],"replies":[{"embeddable":true,"href":"https:\/\/espirita.store\/index.php?rest_route=%2Fwp%2Fv2%2Fcomments&post=588"}],"wp:featuredmedia":[{"embeddable":true,"href":"https:\/\/espirita.store\/index.php?rest_route=\/wp\/v2\/media\/671"}],"wp:attachment":[{"href":"https:\/\/espirita.store\/index.php?rest_route=%2Fwp%2Fv2%2Fmedia&parent=588"}],"wp:term":[{"taxonomy":"product_brand","embeddable":true,"href":"https:\/\/espirita.store\/index.php?rest_route=%2Fwp%2Fv2%2Fproduct_brand&post=588"},{"taxonomy":"product_cat","embeddable":true,"href":"https:\/\/espirita.store\/index.php?rest_route=%2Fwp%2Fv2%2Fproduct_cat&post=588"},{"taxonomy":"product_tag","embeddable":true,"href":"https:\/\/espirita.store\/index.php?rest_route=%2Fwp%2Fv2%2Fproduct_tag&post=588"}],"curies":[{"name":"wp","href":"https:\/\/api.w.org\/{rel}","templated":true}]}}