{"id":586,"date":"2025-08-04T23:19:26","date_gmt":"2025-08-04T22:19:26","guid":{"rendered":"https:\/\/espirita.store\/?post_type=product&#038;p=586"},"modified":"2025-09-04T21:41:24","modified_gmt":"2025-09-04T20:41:24","slug":"don-ramon-tequila-silver-100-agave-azul","status":"publish","type":"product","link":"https:\/\/espirita.store\/?product=don-ramon-tequila-silver-100-agave-azul","title":{"rendered":"Don Ram\u00f3n Tequila Silver 100% Agave Azul"},"content":{"rendered":"<p style=\"text-align: center\" data-start=\"242\" data-end=\"248\">750 ml<\/p>\n<p style=\"text-align: center\" data-start=\"250\" data-end=\"405\">Tequila blanco destilado 100% de agave azul, sin a\u00f1ejamiento, con perfil fresco y herbal t\u00edpico del agave. Ideal para c\u00f3cteles o para tomar solo con hielo.<\/p>\n<p style=\"text-align: center\" data-start=\"407\" data-end=\"609\"><strong data-start=\"407\" data-end=\"416\">Pa\u00eds:<\/strong> M\u00e9xico<br data-start=\"423\" data-end=\"426\" \/><strong data-start=\"426\" data-end=\"441\">Destiler\u00eda:<\/strong> Casa Don Ram\u00f3n<br data-start=\"456\" data-end=\"459\" \/><strong data-start=\"459\" data-end=\"468\">Tipo:<\/strong> Tequila Blanco (Silver)<br data-start=\"492\" data-end=\"495\" \/><strong data-start=\"495\" data-end=\"505\">Sabor:<\/strong> Agave fresco, c\u00edtricos, notas herbales y un ligero toque picante<br data-start=\"570\" data-end=\"573\" \/><strong data-start=\"573\" data-end=\"599\">Graduaci\u00f3n alcoh\u00f3lica:<\/strong> 40% ABV<\/p>\n<p style=\"text-align: center\" data-start=\"611\" data-end=\"712\"><strong data-start=\"611\" data-end=\"625\">Maridajes:<\/strong><br data-start=\"625\" data-end=\"628\" \/>Tacos de pescado, ceviche, guacamole, cocina mexicana picante, margaritas y palomas.<\/p>\n","protected":false},"excerpt":{"rendered":"<p>750 ml Tequila blanco destilado 100% de agave azul, sin a\u00f1ejamiento, con perfil fresco y herbal t\u00edpico del agave. Ideal para c\u00f3cteles o para tomar solo con hielo. Pa\u00eds: M\u00e9xicoDestiler\u00eda: Casa Don Ram\u00f3nTipo: Tequila Blanco (Silver)Sabor: Agave fresco, c\u00edtricos, notas herbales y un ligero toque picanteGraduaci\u00f3n alcoh\u00f3lica: 40% ABV Maridajes:Tacos de pescado, ceviche, guacamole, cocina [&hellip;]<\/p>\n","protected":false},"featured_media":921,"comment_status":"open","ping_status":"closed","template":"","meta":[],"product_brand":[],"product_cat":[57],"product_tag":[],"class_list":{"0":"post-586","1":"product","2":"type-product","3":"status-publish","4":"has-post-thumbnail","6":"product_cat-tequila","8":"first","9":"instock","10":"shipping-taxable","11":"purchasable","12":"product-type-simple"},"_links":{"self":[{"href":"https:\/\/espirita.store\/index.php?rest_route=\/wp\/v2\/product\/586","targetHints":{"allow":["GET"]}}],"collection":[{"href":"https:\/\/espirita.store\/index.php?rest_route=\/wp\/v2\/product"}],"about":[{"href":"https:\/\/espirita.store\/index.php?rest_route=\/wp\/v2\/types\/product"}],"replies":[{"embeddable":true,"href":"https:\/\/espirita.store\/index.php?rest_route=%2Fwp%2Fv2%2Fcomments&post=586"}],"wp:featuredmedia":[{"embeddable":true,"href":"https:\/\/espirita.store\/index.php?rest_route=\/wp\/v2\/media\/921"}],"wp:attachment":[{"href":"https:\/\/espirita.store\/index.php?rest_route=%2Fwp%2Fv2%2Fmedia&parent=586"}],"wp:term":[{"taxonomy":"product_brand","embeddable":true,"href":"https:\/\/espirita.store\/index.php?rest_route=%2Fwp%2Fv2%2Fproduct_brand&post=586"},{"taxonomy":"product_cat","embeddable":true,"href":"https:\/\/espirita.store\/index.php?rest_route=%2Fwp%2Fv2%2Fproduct_cat&post=586"},{"taxonomy":"product_tag","embeddable":true,"href":"https:\/\/espirita.store\/index.php?rest_route=%2Fwp%2Fv2%2Fproduct_tag&post=586"}],"curies":[{"name":"wp","href":"https:\/\/api.w.org\/{rel}","templated":true}]}}