{"id":584,"date":"2025-08-04T23:18:24","date_gmt":"2025-08-04T22:18:24","guid":{"rendered":"https:\/\/espirita.store\/?post_type=product&#038;p=584"},"modified":"2025-09-04T21:41:55","modified_gmt":"2025-09-04T20:41:55","slug":"yuki-nigori-cantaloupe-sake","status":"publish","type":"product","link":"https:\/\/espirita.store\/?product=yuki-nigori-cantaloupe-sake","title":{"rendered":"Yuki Nigori Cantaloupe Sake"},"content":{"rendered":"<p style=\"text-align: center\"><strong data-start=\"773\" data-end=\"783\">375 ml<\/strong><\/p>\n<p style=\"text-align: center\">Sake nigori sin filtrar infusionado con el sabor dulce y refrescante del mel\u00f3n cantalupo. Su textura cremosa y perfil afrutado lo hacen perfecto para acompa\u00f1ar postres o platos picantes. Se recomienda servir bien fr\u00edo para disfrutar al m\u00e1ximo.<\/p>\n<p style=\"text-align: center\" data-start=\"1032\" data-end=\"1059\"><strong data-start=\"1032\" data-end=\"1051\">Pa\u00eds de origen:<\/strong> Jap\u00f3n<\/p>\n<p style=\"text-align: center\" data-start=\"1062\" data-end=\"1113\"><strong data-start=\"1062\" data-end=\"1071\">Tipo:<\/strong> Sake nigori con sabor a mel\u00f3n cantalupo<\/p>\n<p style=\"text-align: center\" data-start=\"1116\" data-end=\"1177\"><strong data-start=\"1116\" data-end=\"1126\">Sabor:<\/strong> Mel\u00f3n fresco con un toque c\u00edtrico y dulzor suave<\/p>\n<p style=\"text-align: center\" data-start=\"1180\" data-end=\"1232\"><strong data-start=\"1180\" data-end=\"1206\">Graduaci\u00f3n alcoh\u00f3lica:<\/strong> Aproximadamente 12% ABV<\/p>\n<p style=\"text-align: center\" data-start=\"1235\" data-end=\"1314\"><strong data-start=\"1235\" data-end=\"1249\">Maridajes:<\/strong> Postres como helados, frutas frescas, sushi y platos picantes.<\/p>\n","protected":false},"excerpt":{"rendered":"<p>375 ml Sake nigori sin filtrar infusionado con el sabor dulce y refrescante del mel\u00f3n cantalupo. Su textura cremosa y perfil afrutado lo hacen perfecto para acompa\u00f1ar postres o platos picantes. Se recomienda servir bien fr\u00edo para disfrutar al m\u00e1ximo. Pa\u00eds de origen: Jap\u00f3n Tipo: Sake nigori con sabor a mel\u00f3n cantalupo Sabor: Mel\u00f3n fresco [&hellip;]<\/p>\n","protected":false},"featured_media":922,"comment_status":"open","ping_status":"closed","template":"","meta":[],"product_brand":[],"product_cat":[69],"product_tag":[],"class_list":{"0":"post-584","1":"product","2":"type-product","3":"status-publish","4":"has-post-thumbnail","6":"product_cat-sake","8":"first","9":"instock","10":"shipping-taxable","11":"purchasable","12":"product-type-simple"},"_links":{"self":[{"href":"https:\/\/espirita.store\/index.php?rest_route=\/wp\/v2\/product\/584","targetHints":{"allow":["GET"]}}],"collection":[{"href":"https:\/\/espirita.store\/index.php?rest_route=\/wp\/v2\/product"}],"about":[{"href":"https:\/\/espirita.store\/index.php?rest_route=\/wp\/v2\/types\/product"}],"replies":[{"embeddable":true,"href":"https:\/\/espirita.store\/index.php?rest_route=%2Fwp%2Fv2%2Fcomments&post=584"}],"wp:featuredmedia":[{"embeddable":true,"href":"https:\/\/espirita.store\/index.php?rest_route=\/wp\/v2\/media\/922"}],"wp:attachment":[{"href":"https:\/\/espirita.store\/index.php?rest_route=%2Fwp%2Fv2%2Fmedia&parent=584"}],"wp:term":[{"taxonomy":"product_brand","embeddable":true,"href":"https:\/\/espirita.store\/index.php?rest_route=%2Fwp%2Fv2%2Fproduct_brand&post=584"},{"taxonomy":"product_cat","embeddable":true,"href":"https:\/\/espirita.store\/index.php?rest_route=%2Fwp%2Fv2%2Fproduct_cat&post=584"},{"taxonomy":"product_tag","embeddable":true,"href":"https:\/\/espirita.store\/index.php?rest_route=%2Fwp%2Fv2%2Fproduct_tag&post=584"}],"curies":[{"name":"wp","href":"https:\/\/api.w.org\/{rel}","templated":true}]}}