{"id":582,"date":"2025-08-04T23:16:16","date_gmt":"2025-08-04T22:16:16","guid":{"rendered":"https:\/\/espirita.store\/?post_type=product&#038;p=582"},"modified":"2025-09-04T21:42:46","modified_gmt":"2025-09-04T20:42:46","slug":"don-ramon-tequila-reposado-100-agave-azul","status":"publish","type":"product","link":"https:\/\/espirita.store\/?product=don-ramon-tequila-reposado-100-agave-azul","title":{"rendered":"Don Ram\u00f3n Tequila Reposado 100% Agave Azul"},"content":{"rendered":"<p style=\"text-align: center\">Tequila reposado elaborado con 100% agave azul de Los Altos de Jalisco, M\u00e9xico. Envejecido entre 5 y 6 meses en barricas de roble franc\u00e9s, lo que le otorga un perfil suave y equilibrado, ideal para disfrutar solo, con hielo o en c\u00f3cteles.<\/p>\n<p style=\"text-align: center\" data-start=\"409\" data-end=\"427\"><strong data-start=\"409\" data-end=\"418\">Pa\u00eds:<\/strong> M\u00e9xico<\/p>\n<p style=\"text-align: center\" data-start=\"430\" data-end=\"462\"><strong data-start=\"430\" data-end=\"445\">Destiler\u00eda:<\/strong> Casa Don Ram\u00f3n<\/p>\n<p style=\"text-align: center\" data-start=\"465\" data-end=\"493\"><strong data-start=\"465\" data-end=\"474\">Tipo:<\/strong> Tequila Reposado<\/p>\n<p style=\"text-align: center\" data-start=\"496\" data-end=\"562\"><strong data-start=\"496\" data-end=\"506\">Sabor:<\/strong> Notas herb\u00e1ceas y especiadas con un toque de caramelo<\/p>\n<p style=\"text-align: center\" data-start=\"565\" data-end=\"601\"><strong data-start=\"565\" data-end=\"591\">Graduaci\u00f3n alcoh\u00f3lica:<\/strong> 40% ABV<\/p>\n<p style=\"text-align: center\" data-start=\"604\" data-end=\"725\"><strong data-start=\"604\" data-end=\"618\">Maridajes:<\/strong> Ideal con carnes a la parrilla, tacos al pastor, quesos curados y en c\u00f3cteles como margaritas o palomas.<\/p>\n","protected":false},"excerpt":{"rendered":"<p>Tequila reposado elaborado con 100% agave azul de Los Altos de Jalisco, M\u00e9xico. Envejecido entre 5 y 6 meses en barricas de roble franc\u00e9s, lo que le otorga un perfil suave y equilibrado, ideal para disfrutar solo, con hielo o en c\u00f3cteles. Pa\u00eds: M\u00e9xico Destiler\u00eda: Casa Don Ram\u00f3n Tipo: Tequila Reposado Sabor: Notas herb\u00e1ceas y [&hellip;]<\/p>\n","protected":false},"featured_media":923,"comment_status":"open","ping_status":"closed","template":"","meta":[],"product_brand":[],"product_cat":[57],"product_tag":[],"class_list":{"0":"post-582","1":"product","2":"type-product","3":"status-publish","4":"has-post-thumbnail","6":"product_cat-tequila","8":"first","9":"instock","10":"shipping-taxable","11":"purchasable","12":"product-type-simple"},"_links":{"self":[{"href":"https:\/\/espirita.store\/index.php?rest_route=\/wp\/v2\/product\/582","targetHints":{"allow":["GET"]}}],"collection":[{"href":"https:\/\/espirita.store\/index.php?rest_route=\/wp\/v2\/product"}],"about":[{"href":"https:\/\/espirita.store\/index.php?rest_route=\/wp\/v2\/types\/product"}],"replies":[{"embeddable":true,"href":"https:\/\/espirita.store\/index.php?rest_route=%2Fwp%2Fv2%2Fcomments&post=582"}],"wp:featuredmedia":[{"embeddable":true,"href":"https:\/\/espirita.store\/index.php?rest_route=\/wp\/v2\/media\/923"}],"wp:attachment":[{"href":"https:\/\/espirita.store\/index.php?rest_route=%2Fwp%2Fv2%2Fmedia&parent=582"}],"wp:term":[{"taxonomy":"product_brand","embeddable":true,"href":"https:\/\/espirita.store\/index.php?rest_route=%2Fwp%2Fv2%2Fproduct_brand&post=582"},{"taxonomy":"product_cat","embeddable":true,"href":"https:\/\/espirita.store\/index.php?rest_route=%2Fwp%2Fv2%2Fproduct_cat&post=582"},{"taxonomy":"product_tag","embeddable":true,"href":"https:\/\/espirita.store\/index.php?rest_route=%2Fwp%2Fv2%2Fproduct_tag&post=582"}],"curies":[{"name":"wp","href":"https:\/\/api.w.org\/{rel}","templated":true}]}}