{"id":580,"date":"2025-08-04T23:14:43","date_gmt":"2025-08-04T22:14:43","guid":{"rendered":"https:\/\/espirita.store\/?post_type=product&#038;p=580"},"modified":"2025-08-12T23:04:50","modified_gmt":"2025-08-12T22:04:50","slug":"cantina-zaccagnini-montepulciano-dabruzzo-doc","status":"publish","type":"product","link":"https:\/\/espirita.store\/?product=cantina-zaccagnini-montepulciano-dabruzzo-doc","title":{"rendered":"Cantina Zaccagnini Montepulciano d\u2019Abruzzo DOC"},"content":{"rendered":"<p style=\"text-align: center\" data-start=\"105\" data-end=\"142\"><span class=\"relative -mx-px my-[-0.2rem] rounded px-px py-[0.2rem] transition-colors duration-100 ease-in-out\">Vino tinto seco elaborado con al menos 85\u202f% uvas Montepulciano, procedente de la regi\u00f3n de Abruzzo, Italia. Representa el estilo caracter\u00edstico de la denominaci\u00f3n DOC, exportado ampliamente y valorado por su relaci\u00f3n calidad\u2011precio.<\/span><\/p>\n<p style=\"text-align: center\" data-start=\"144\" data-end=\"732\"><strong data-start=\"144\" data-end=\"153\">Pa\u00eds:<\/strong> Italia<br data-start=\"160\" data-end=\"163\" \/><strong data-start=\"163\" data-end=\"174\">Regi\u00f3n:<\/strong> Abruzzo (DOC Montepulciano d\u2019Abruzzo)<br data-start=\"250\" data-end=\"253\" \/><strong data-start=\"253\" data-end=\"264\">Bodega:<\/strong> Cantina Zaccagnini (Bolognano, Pescara)\u00a0<br data-start=\"342\" data-end=\"345\" \/><strong data-start=\"345\" data-end=\"354\">Tipo:<\/strong> Vino tinto seco (Montepulciano d\u2019Abruzzo DOC)<br data-start=\"400\" data-end=\"403\" \/><strong data-start=\"403\" data-end=\"413\">Sabor:<\/strong> Cereza roja madura, tomate al horno, violeta, especias (pimienta blanca, hierbas italianas), cuero y tabaco de cereza; taninos medios, cuerpo medio\u2011ligero y acidez equilibrada\u00a0<br data-start=\"627\" data-end=\"630\" \/><strong data-start=\"630\" data-end=\"656\">Graduaci\u00f3n alcoh\u00f3lica:<\/strong> Entre 12.5\u202f% y 13\u202f% ABV seg\u00fan a\u00f1ada<\/p>\n<p style=\"text-align: center\" data-start=\"144\" data-end=\"732\"><strong data-start=\"734\" data-end=\"748\">Maridajes:<\/strong><br data-start=\"748\" data-end=\"751\" \/><span class=\"relative -mx-px my-[-0.2rem] rounded px-px py-[0.2rem] transition-colors duration-100 ease-in-out\">Pasta con salsa de tomate o carne, pizza al horno, carnes a la parrilla o guisadas (costillas, fajitas teriyaki), embutidos y quesos semicurados. Es un vino ideal para comidas informales al aire libre o cenas reconfortantes<\/span><\/p>\n","protected":false},"excerpt":{"rendered":"<p>Vino tinto seco elaborado con al menos 85\u202f% uvas Montepulciano, procedente de la regi\u00f3n de Abruzzo, Italia. Representa el estilo caracter\u00edstico de la denominaci\u00f3n DOC, exportado ampliamente y valorado por su relaci\u00f3n calidad\u2011precio. Pa\u00eds: ItaliaRegi\u00f3n: Abruzzo (DOC Montepulciano d\u2019Abruzzo)Bodega: Cantina Zaccagnini (Bolognano, Pescara)\u00a0Tipo: Vino tinto seco (Montepulciano d\u2019Abruzzo DOC)Sabor: Cereza roja madura, tomate al horno, [&hellip;]<\/p>\n","protected":false},"featured_media":675,"comment_status":"open","ping_status":"closed","template":"","meta":[],"product_brand":[],"product_cat":[31],"product_tag":[],"class_list":{"0":"post-580","1":"product","2":"type-product","3":"status-publish","4":"has-post-thumbnail","6":"product_cat-vino-tinto","8":"first","9":"instock","10":"shipping-taxable","11":"purchasable","12":"product-type-simple"},"_links":{"self":[{"href":"https:\/\/espirita.store\/index.php?rest_route=\/wp\/v2\/product\/580","targetHints":{"allow":["GET"]}}],"collection":[{"href":"https:\/\/espirita.store\/index.php?rest_route=\/wp\/v2\/product"}],"about":[{"href":"https:\/\/espirita.store\/index.php?rest_route=\/wp\/v2\/types\/product"}],"replies":[{"embeddable":true,"href":"https:\/\/espirita.store\/index.php?rest_route=%2Fwp%2Fv2%2Fcomments&post=580"}],"wp:featuredmedia":[{"embeddable":true,"href":"https:\/\/espirita.store\/index.php?rest_route=\/wp\/v2\/media\/675"}],"wp:attachment":[{"href":"https:\/\/espirita.store\/index.php?rest_route=%2Fwp%2Fv2%2Fmedia&parent=580"}],"wp:term":[{"taxonomy":"product_brand","embeddable":true,"href":"https:\/\/espirita.store\/index.php?rest_route=%2Fwp%2Fv2%2Fproduct_brand&post=580"},{"taxonomy":"product_cat","embeddable":true,"href":"https:\/\/espirita.store\/index.php?rest_route=%2Fwp%2Fv2%2Fproduct_cat&post=580"},{"taxonomy":"product_tag","embeddable":true,"href":"https:\/\/espirita.store\/index.php?rest_route=%2Fwp%2Fv2%2Fproduct_tag&post=580"}],"curies":[{"name":"wp","href":"https:\/\/api.w.org\/{rel}","templated":true}]}}