{"id":572,"date":"2025-08-04T22:43:01","date_gmt":"2025-08-04T21:43:01","guid":{"rendered":"https:\/\/espirita.store\/?post_type=product&#038;p=572"},"modified":"2025-08-12T23:12:16","modified_gmt":"2025-08-12T22:12:16","slug":"san-antonio-imperial-grape-red","status":"publish","type":"product","link":"https:\/\/espirita.store\/?product=san-antonio-imperial-grape-red","title":{"rendered":"San Antonio Imperial Grape Red"},"content":{"rendered":"<p style=\"text-align: center\" data-start=\"120\" data-end=\"196\"><span class=\"relative -mx-px my-[-0.2rem] rounded px-px py-[0.2rem] transition-colors duration-100 ease-in-out\">Vino tinto semi\u2011dulce de estilo americano, elaborado por <strong data-start=\"57\" data-end=\"79\">San Antonio Winery<\/strong> en California. Form parte de la l\u00ednea <em data-start=\"118\" data-end=\"128\">Imperial<\/em> y est\u00e1 hecho principalmente con uvas <strong data-start=\"166\" data-end=\"183\">Ruby Cabernet<\/strong>, ofreciendo una expresi\u00f3n frutal dulce y de sabor accesible y festivo<\/span><\/p>\n<p style=\"text-align: center\" data-start=\"198\" data-end=\"671\"><strong data-start=\"198\" data-end=\"207\">Pa\u00eds:<\/strong> Estados Unidos<br data-start=\"222\" data-end=\"225\" \/><strong data-start=\"225\" data-end=\"236\">Regi\u00f3n:<\/strong> California<br data-start=\"247\" data-end=\"250\" \/><strong data-start=\"250\" data-end=\"261\">Bodega:<\/strong> San Antonio Winery<br data-start=\"280\" data-end=\"283\" \/><strong data-start=\"283\" data-end=\"292\">Tipo:<\/strong> Vino tinto semi\u2011dulce (Imperial Grape Red)<br data-start=\"335\" data-end=\"338\" \/><strong data-start=\"338\" data-end=\"348\">Sabor:<\/strong> Notas intensas de bayas rojas como cereza y ciruela, con aroma a frutos rojos y un perfil suave y dulce\u00a0<br data-start=\"490\" data-end=\"493\" \/><strong data-start=\"493\" data-end=\"519\">Graduaci\u00f3n alcoh\u00f3lica:<\/strong> Alrededor de 12\u202f% ABV seg\u00fan fabricante, aunque algunas fuentes mencionan hasta 16\u202f% ABV en versiones m\u00e1s intensas<\/p>\n<p style=\"text-align: center\"><strong data-start=\"673\" data-end=\"687\">Maridajes:<\/strong><\/p>\n<p style=\"text-align: center\" data-start=\"692\" data-end=\"731\"><span class=\"relative -mx-px my-[-0.2rem] rounded px-px py-[0.2rem] transition-colors duration-100 ease-in-out\">Postres frutales como tartas de berries y flanes de frutas rojas<\/span><\/p>\n<p style=\"text-align: center\" data-start=\"734\" data-end=\"773\"><span class=\"relative -mx-px my-[-0.2rem] rounded px-px py-[0.2rem] transition-colors duration-100 ease-in-out\">Quesos suaves o cremosos<\/span><\/p>\n<p style=\"text-align: center\" data-start=\"776\" data-end=\"815\"><span class=\"relative -mx-px my-[-0.2rem] rounded px-px py-[0.2rem] transition-colors duration-100 ease-in-out\">Frutas frescas o tableros de frutos secos<\/span><\/p>\n<p style=\"text-align: center\" data-start=\"818\" data-end=\"895\"><span class=\"relative -mx-px my-[-0.2rem] rounded px-px py-[0.2rem] transition-colors duration-100 ease-in-out\">Puede disfrutarse solo, fr\u00edo o con hielo, estilo trago festivo o after\u2011dinner<\/span><\/p>\n","protected":false},"excerpt":{"rendered":"<p>Vino tinto semi\u2011dulce de estilo americano, elaborado por San Antonio Winery en California. Form parte de la l\u00ednea Imperial y est\u00e1 hecho principalmente con uvas Ruby Cabernet, ofreciendo una expresi\u00f3n frutal dulce y de sabor accesible y festivo Pa\u00eds: Estados UnidosRegi\u00f3n: CaliforniaBodega: San Antonio WineryTipo: Vino tinto semi\u2011dulce (Imperial Grape Red)Sabor: Notas intensas de bayas [&hellip;]<\/p>\n","protected":false},"featured_media":678,"comment_status":"open","ping_status":"closed","template":"","meta":[],"product_brand":[],"product_cat":[31],"product_tag":[],"class_list":{"0":"post-572","1":"product","2":"type-product","3":"status-publish","4":"has-post-thumbnail","6":"product_cat-vino-tinto","8":"first","9":"instock","10":"shipping-taxable","11":"purchasable","12":"product-type-simple"},"_links":{"self":[{"href":"https:\/\/espirita.store\/index.php?rest_route=\/wp\/v2\/product\/572","targetHints":{"allow":["GET"]}}],"collection":[{"href":"https:\/\/espirita.store\/index.php?rest_route=\/wp\/v2\/product"}],"about":[{"href":"https:\/\/espirita.store\/index.php?rest_route=\/wp\/v2\/types\/product"}],"replies":[{"embeddable":true,"href":"https:\/\/espirita.store\/index.php?rest_route=%2Fwp%2Fv2%2Fcomments&post=572"}],"wp:featuredmedia":[{"embeddable":true,"href":"https:\/\/espirita.store\/index.php?rest_route=\/wp\/v2\/media\/678"}],"wp:attachment":[{"href":"https:\/\/espirita.store\/index.php?rest_route=%2Fwp%2Fv2%2Fmedia&parent=572"}],"wp:term":[{"taxonomy":"product_brand","embeddable":true,"href":"https:\/\/espirita.store\/index.php?rest_route=%2Fwp%2Fv2%2Fproduct_brand&post=572"},{"taxonomy":"product_cat","embeddable":true,"href":"https:\/\/espirita.store\/index.php?rest_route=%2Fwp%2Fv2%2Fproduct_cat&post=572"},{"taxonomy":"product_tag","embeddable":true,"href":"https:\/\/espirita.store\/index.php?rest_route=%2Fwp%2Fv2%2Fproduct_tag&post=572"}],"curies":[{"name":"wp","href":"https:\/\/api.w.org\/{rel}","templated":true}]}}