{"id":566,"date":"2025-08-04T22:31:00","date_gmt":"2025-08-04T21:31:00","guid":{"rendered":"https:\/\/espirita.store\/?post_type=product&#038;p=566"},"modified":"2025-09-05T21:49:10","modified_gmt":"2025-09-05T20:49:10","slug":"bozal-mezcal-artesanal-ensamble","status":"publish","type":"product","link":"https:\/\/espirita.store\/?product=bozal-mezcal-artesanal-ensamble","title":{"rendered":"Bozal\u00ae Mezcal Artesanal Ensamble"},"content":{"rendered":"<p style=\"text-align: center\" data-start=\"109\" data-end=\"182\">750 ml<\/p>\n<p style=\"text-align: center\" data-start=\"184\" data-end=\"568\">Mezcal artesanal elaborado a partir de un ensamble de tres agaves: <strong data-start=\"251\" data-end=\"283\">Espad\u00edn (Agave angustifolia)<\/strong> cultivado, y <strong data-start=\"297\" data-end=\"375\">Mexicano y Barril (ambos silvestres, Agave rhodacantha y Agave karwinskii)<\/strong>. Este ensamble representa un equilibrio entre notas frutales, herbales y ahumadas, logrando un perfil complejo y profundo. Producido en lotes peque\u00f1os en Oaxaca mediante m\u00e9todos tradicionales.<\/p>\n<p style=\"text-align: center\" data-start=\"570\" data-end=\"875\"><strong data-start=\"570\" data-end=\"579\">Pa\u00eds:<\/strong> M\u00e9xico<br data-start=\"586\" data-end=\"589\" \/><strong data-start=\"589\" data-end=\"600\">Regi\u00f3n:<\/strong> Oaxaca<br data-start=\"607\" data-end=\"610\" \/><strong data-start=\"610\" data-end=\"624\">Productor:<\/strong> Bozal Mezcal<br data-start=\"637\" data-end=\"640\" \/><strong data-start=\"640\" data-end=\"649\">Tipo:<\/strong> Mezcal artesanal joven (ensamble de tres agaves)<br data-start=\"698\" data-end=\"701\" data-is-only-node=\"\" \/><strong data-start=\"701\" data-end=\"711\">Sabor:<\/strong> Frutas tropicales maduras, hierbas, tierra mojada, madera, especias y un toque de humo balanceado<br data-start=\"809\" data-end=\"812\" \/><strong data-start=\"812\" data-end=\"838\">Graduaci\u00f3n alcoh\u00f3lica:<\/strong> 47% ABV (puede variar seg\u00fan el lote)<\/p>\n<p style=\"text-align: center\" data-start=\"877\" data-end=\"1104\"><strong data-start=\"877\" data-end=\"891\">Maridajes:<\/strong><br data-start=\"891\" data-end=\"894\" \/>Tacos de carne asada, chorizo o cordero, quesadillas con huitlacoche, moles, chocolate con alto porcentaje de cacao o frutos secos tostados. Tambi\u00e9n ideal para tomar solo y apreciar la complejidad del ensamble.<\/p>\n<p data-start=\"877\" data-end=\"1104\">\n","protected":false},"excerpt":{"rendered":"<p>750 ml Mezcal artesanal elaborado a partir de un ensamble de tres agaves: Espad\u00edn (Agave angustifolia) cultivado, y Mexicano y Barril (ambos silvestres, Agave rhodacantha y Agave karwinskii). Este ensamble representa un equilibrio entre notas frutales, herbales y ahumadas, logrando un perfil complejo y profundo. Producido en lotes peque\u00f1os en Oaxaca mediante m\u00e9todos tradicionales. Pa\u00eds: [&hellip;]<\/p>\n","protected":false},"featured_media":978,"comment_status":"open","ping_status":"closed","template":"","meta":[],"product_brand":[],"product_cat":[53],"product_tag":[],"class_list":{"0":"post-566","1":"product","2":"type-product","3":"status-publish","4":"has-post-thumbnail","6":"product_cat-mezcal","8":"first","9":"instock","10":"shipping-taxable","11":"purchasable","12":"product-type-simple"},"_links":{"self":[{"href":"https:\/\/espirita.store\/index.php?rest_route=\/wp\/v2\/product\/566","targetHints":{"allow":["GET"]}}],"collection":[{"href":"https:\/\/espirita.store\/index.php?rest_route=\/wp\/v2\/product"}],"about":[{"href":"https:\/\/espirita.store\/index.php?rest_route=\/wp\/v2\/types\/product"}],"replies":[{"embeddable":true,"href":"https:\/\/espirita.store\/index.php?rest_route=%2Fwp%2Fv2%2Fcomments&post=566"}],"wp:featuredmedia":[{"embeddable":true,"href":"https:\/\/espirita.store\/index.php?rest_route=\/wp\/v2\/media\/978"}],"wp:attachment":[{"href":"https:\/\/espirita.store\/index.php?rest_route=%2Fwp%2Fv2%2Fmedia&parent=566"}],"wp:term":[{"taxonomy":"product_brand","embeddable":true,"href":"https:\/\/espirita.store\/index.php?rest_route=%2Fwp%2Fv2%2Fproduct_brand&post=566"},{"taxonomy":"product_cat","embeddable":true,"href":"https:\/\/espirita.store\/index.php?rest_route=%2Fwp%2Fv2%2Fproduct_cat&post=566"},{"taxonomy":"product_tag","embeddable":true,"href":"https:\/\/espirita.store\/index.php?rest_route=%2Fwp%2Fv2%2Fproduct_tag&post=566"}],"curies":[{"name":"wp","href":"https:\/\/api.w.org\/{rel}","templated":true}]}}