{"id":564,"date":"2025-08-04T22:28:54","date_gmt":"2025-08-04T21:28:54","guid":{"rendered":"https:\/\/espirita.store\/?post_type=product&#038;p=564"},"modified":"2025-09-05T21:49:37","modified_gmt":"2025-09-05T20:49:37","slug":"bozal-mezcal-artesanal-cuishe-single-maguey","status":"publish","type":"product","link":"https:\/\/espirita.store\/?product=bozal-mezcal-artesanal-cuishe-single-maguey","title":{"rendered":"Bozal\u00ae Mezcal Artesanal Cuishe Single Maguey"},"content":{"rendered":"<p style=\"text-align: center\" data-start=\"89\" data-end=\"146\">750 ml<\/p>\n<p style=\"text-align: center\" data-start=\"148\" data-end=\"524\">Mezcal artesanal elaborado al 100% con maguey Cuishe (una variedad silvestre del agave Karwinskii) en lotes peque\u00f1os. Producido en Oaxaca mediante m\u00e9todos tradicionales: cocido en horno c\u00f3nico de piedra, fermentado en tinas de madera y destilado en alambiques de cobre. Es un mezcal complejo y elegante, con notas minerales y herbales caracter\u00edsticas del agave de tallo largo.<\/p>\n<p style=\"text-align: center\" data-start=\"526\" data-end=\"850\"><strong data-start=\"526\" data-end=\"535\">Pa\u00eds:<\/strong> M\u00e9xico<br data-start=\"542\" data-end=\"545\" \/><strong data-start=\"545\" data-end=\"556\">Regi\u00f3n:<\/strong> Oaxaca<br data-start=\"563\" data-end=\"566\" \/><strong data-start=\"566\" data-end=\"580\">Productor:<\/strong> Bozal Mezcal<br data-start=\"593\" data-end=\"596\" \/><strong data-start=\"596\" data-end=\"605\">Tipo:<\/strong> Mezcal artesanal joven (Single Maguey \u2013 Cuishe)<br data-start=\"653\" data-end=\"656\" data-is-only-node=\"\" \/><strong data-start=\"656\" data-end=\"666\">Sabor:<\/strong> Tierra h\u00fameda, mineral, hierbas silvestres, ligero dulzor de agave cocido, pimienta blanca y toques ahumados<br data-start=\"775\" data-end=\"778\" \/><strong data-start=\"778\" data-end=\"804\">Graduaci\u00f3n alcoh\u00f3lica:<\/strong> 47% ABV<\/p>\n<p style=\"text-align: center\" data-start=\"526\" data-end=\"850\"><strong data-start=\"852\" data-end=\"866\">Maridajes:<\/strong><br data-start=\"866\" data-end=\"869\" \/>Carnes rojas a la brasa, cecina, moles, tacos al pastor, quesos curados, chocolate oscuro o como trago de degustaci\u00f3n solo, a temperatura ambiente.<\/p>\n","protected":false},"excerpt":{"rendered":"<p>750 ml Mezcal artesanal elaborado al 100% con maguey Cuishe (una variedad silvestre del agave Karwinskii) en lotes peque\u00f1os. Producido en Oaxaca mediante m\u00e9todos tradicionales: cocido en horno c\u00f3nico de piedra, fermentado en tinas de madera y destilado en alambiques de cobre. Es un mezcal complejo y elegante, con notas minerales y herbales caracter\u00edsticas del [&hellip;]<\/p>\n","protected":false},"featured_media":979,"comment_status":"open","ping_status":"closed","template":"","meta":[],"product_brand":[],"product_cat":[53],"product_tag":[],"class_list":{"0":"post-564","1":"product","2":"type-product","3":"status-publish","4":"has-post-thumbnail","6":"product_cat-mezcal","8":"first","9":"instock","10":"shipping-taxable","11":"purchasable","12":"product-type-simple"},"_links":{"self":[{"href":"https:\/\/espirita.store\/index.php?rest_route=\/wp\/v2\/product\/564","targetHints":{"allow":["GET"]}}],"collection":[{"href":"https:\/\/espirita.store\/index.php?rest_route=\/wp\/v2\/product"}],"about":[{"href":"https:\/\/espirita.store\/index.php?rest_route=\/wp\/v2\/types\/product"}],"replies":[{"embeddable":true,"href":"https:\/\/espirita.store\/index.php?rest_route=%2Fwp%2Fv2%2Fcomments&post=564"}],"wp:featuredmedia":[{"embeddable":true,"href":"https:\/\/espirita.store\/index.php?rest_route=\/wp\/v2\/media\/979"}],"wp:attachment":[{"href":"https:\/\/espirita.store\/index.php?rest_route=%2Fwp%2Fv2%2Fmedia&parent=564"}],"wp:term":[{"taxonomy":"product_brand","embeddable":true,"href":"https:\/\/espirita.store\/index.php?rest_route=%2Fwp%2Fv2%2Fproduct_brand&post=564"},{"taxonomy":"product_cat","embeddable":true,"href":"https:\/\/espirita.store\/index.php?rest_route=%2Fwp%2Fv2%2Fproduct_cat&post=564"},{"taxonomy":"product_tag","embeddable":true,"href":"https:\/\/espirita.store\/index.php?rest_route=%2Fwp%2Fv2%2Fproduct_tag&post=564"}],"curies":[{"name":"wp","href":"https:\/\/api.w.org\/{rel}","templated":true}]}}