{"id":562,"date":"2025-08-04T22:25:48","date_gmt":"2025-08-04T21:25:48","guid":{"rendered":"https:\/\/espirita.store\/?post_type=product&#038;p=562"},"modified":"2025-08-29T21:20:01","modified_gmt":"2025-08-29T20:20:01","slug":"cantina-zaccagnini-pinot-grigio-2023","status":"publish","type":"product","link":"https:\/\/espirita.store\/?product=cantina-zaccagnini-pinot-grigio-2023","title":{"rendered":"Cantina Zaccagnini Pinot Grigio 2023"},"content":{"rendered":"<p style=\"text-align: center\" data-start=\"138\" data-end=\"446\">Vino blanco seco y refrescante de la regi\u00f3n de Abruzzo, Italia. Elaborado 100% con uvas Pinot Grigio, este vino se destaca por su frescura, mineralidad y notas frutales sutiles. Su botella es caracter\u00edstica por incluir una peque\u00f1a ramita de vid atada al cuello, s\u00edmbolo del compromiso artesanal de la bodega.<\/p>\n<p style=\"text-align: center\" data-start=\"448\" data-end=\"689\"><strong data-start=\"448\" data-end=\"457\">Pa\u00eds:<\/strong> Italia<br data-start=\"464\" data-end=\"467\" \/><strong data-start=\"467\" data-end=\"478\">Regi\u00f3n:<\/strong> Abruzzo<br data-start=\"486\" data-end=\"489\" \/><strong data-start=\"489\" data-end=\"500\">Bodega:<\/strong> Cantina Zaccagnini<br data-start=\"519\" data-end=\"522\" \/><strong data-start=\"522\" data-end=\"531\">Tipo:<\/strong> Vino blanco seco (Pinot Grigio)<br data-start=\"563\" data-end=\"566\" data-is-only-node=\"\" \/><strong data-start=\"566\" data-end=\"576\">Sabor:<\/strong> Manzana verde, pera, c\u00edtricos, notas florales y final ligeramente mineral<br data-start=\"650\" data-end=\"653\" \/><strong data-start=\"653\" data-end=\"679\">Graduaci\u00f3n alcoh\u00f3lica:<\/strong> 12.5% ABV<\/p>\n<p style=\"text-align: center\" data-start=\"448\" data-end=\"689\"><strong data-start=\"691\" data-end=\"705\">Maridajes:<\/strong><br data-start=\"705\" data-end=\"708\" \/>Pescados a la parrilla, mariscos, ensaladas frescas, pollo al lim\u00f3n, sushi, pastas ligeras o quesos suaves como mozzarella o burrata.<\/p>\n","protected":false},"excerpt":{"rendered":"<p>Vino blanco seco y refrescante de la regi\u00f3n de Abruzzo, Italia. Elaborado 100% con uvas Pinot Grigio, este vino se destaca por su frescura, mineralidad y notas frutales sutiles. Su botella es caracter\u00edstica por incluir una peque\u00f1a ramita de vid atada al cuello, s\u00edmbolo del compromiso artesanal de la bodega. Pa\u00eds: ItaliaRegi\u00f3n: AbruzzoBodega: Cantina ZaccagniniTipo: [&hellip;]<\/p>\n","protected":false},"featured_media":683,"comment_status":"open","ping_status":"closed","template":"","meta":[],"product_brand":[],"product_cat":[30],"product_tag":[],"class_list":{"0":"post-562","1":"product","2":"type-product","3":"status-publish","4":"has-post-thumbnail","6":"product_cat-vino-blanco","8":"first","9":"instock","10":"shipping-taxable","11":"purchasable","12":"product-type-simple"},"_links":{"self":[{"href":"https:\/\/espirita.store\/index.php?rest_route=\/wp\/v2\/product\/562","targetHints":{"allow":["GET"]}}],"collection":[{"href":"https:\/\/espirita.store\/index.php?rest_route=\/wp\/v2\/product"}],"about":[{"href":"https:\/\/espirita.store\/index.php?rest_route=\/wp\/v2\/types\/product"}],"replies":[{"embeddable":true,"href":"https:\/\/espirita.store\/index.php?rest_route=%2Fwp%2Fv2%2Fcomments&post=562"}],"wp:featuredmedia":[{"embeddable":true,"href":"https:\/\/espirita.store\/index.php?rest_route=\/wp\/v2\/media\/683"}],"wp:attachment":[{"href":"https:\/\/espirita.store\/index.php?rest_route=%2Fwp%2Fv2%2Fmedia&parent=562"}],"wp:term":[{"taxonomy":"product_brand","embeddable":true,"href":"https:\/\/espirita.store\/index.php?rest_route=%2Fwp%2Fv2%2Fproduct_brand&post=562"},{"taxonomy":"product_cat","embeddable":true,"href":"https:\/\/espirita.store\/index.php?rest_route=%2Fwp%2Fv2%2Fproduct_cat&post=562"},{"taxonomy":"product_tag","embeddable":true,"href":"https:\/\/espirita.store\/index.php?rest_route=%2Fwp%2Fv2%2Fproduct_tag&post=562"}],"curies":[{"name":"wp","href":"https:\/\/api.w.org\/{rel}","templated":true}]}}