{"id":556,"date":"2025-08-02T23:49:43","date_gmt":"2025-08-02T22:49:43","guid":{"rendered":"https:\/\/espirita.store\/?post_type=product&#038;p=556"},"modified":"2025-10-17T22:56:15","modified_gmt":"2025-10-17T21:56:15","slug":"lillet-blanc-copy","status":"publish","type":"product","link":"https:\/\/espirita.store\/?product=lillet-blanc-copy","title":{"rendered":"Lillet\u00ae Blanc"},"content":{"rendered":"<p style=\"text-align: center\" data-start=\"109\" data-end=\"404\">Aperitivo franc\u00e9s cl\u00e1sico y sofisticado, elaborado con vinos blancos de Burdeos y maceraciones de frutas c\u00edtricas. Es el m\u00e1s emblem\u00e1tico de la gama Lillet, conocido por su equilibrio entre dulzura, frescura y amargor sutil. Se populariz\u00f3 como ingrediente del c\u00f3ctel Vesper Martini de James Bond.<\/p>\n<p style=\"text-align: center\" data-start=\"406\" data-end=\"671\"><strong data-start=\"406\" data-end=\"415\">Pa\u00eds:<\/strong> Francia<br data-start=\"423\" data-end=\"426\" \/><strong data-start=\"426\" data-end=\"446\">Regi\u00f3n \/ Bodega:<\/strong> Podensac, Burdeos \/ Maison Lillet<br data-start=\"480\" data-end=\"483\" \/><strong data-start=\"483\" data-end=\"492\">Tipo:<\/strong> Vino aperitivo blanco (aperitivo aromatizado a base de vino)<br data-start=\"553\" data-end=\"556\" \/><strong data-start=\"556\" data-end=\"566\">Sabor:<\/strong> Naranja confitada, miel, hierbas frescas, c\u00edtricos y notas florales<br data-start=\"634\" data-end=\"637\" \/><strong data-start=\"637\" data-end=\"663\" data-is-only-node=\"\">Graduaci\u00f3n alcoh\u00f3lica:<\/strong> 17% ABV<\/p>\n<p style=\"text-align: center\" data-start=\"673\" data-end=\"887\"><strong data-start=\"673\" data-end=\"687\">Maridajes:<\/strong><br data-start=\"687\" data-end=\"690\" \/>Quesos cremosos, foie gras, almendras tostadas, frutas c\u00edtricas, mariscos, y postres ligeros. Ideal solo con hielo y una rodaja de naranja, o en c\u00f3cteles cl\u00e1sicos como el Vesper o el Lillet Spritz.<\/p>\n","protected":false},"excerpt":{"rendered":"<p>Aperitivo franc\u00e9s cl\u00e1sico y sofisticado, elaborado con vinos blancos de Burdeos y maceraciones de frutas c\u00edtricas. Es el m\u00e1s emblem\u00e1tico de la gama Lillet, conocido por su equilibrio entre dulzura, frescura y amargor sutil. Se populariz\u00f3 como ingrediente del c\u00f3ctel Vesper Martini de James Bond. Pa\u00eds: FranciaRegi\u00f3n \/ Bodega: Podensac, Burdeos \/ Maison LilletTipo: Vino [&hellip;]<\/p>\n","protected":false},"featured_media":925,"comment_status":"open","ping_status":"closed","template":"","meta":[],"product_brand":[],"product_cat":[30],"product_tag":[],"class_list":{"0":"post-556","1":"product","2":"type-product","3":"status-publish","4":"has-post-thumbnail","6":"product_cat-vino-blanco","8":"first","9":"instock","10":"shipping-taxable","11":"purchasable","12":"product-type-simple"},"_links":{"self":[{"href":"https:\/\/espirita.store\/index.php?rest_route=\/wp\/v2\/product\/556","targetHints":{"allow":["GET"]}}],"collection":[{"href":"https:\/\/espirita.store\/index.php?rest_route=\/wp\/v2\/product"}],"about":[{"href":"https:\/\/espirita.store\/index.php?rest_route=\/wp\/v2\/types\/product"}],"replies":[{"embeddable":true,"href":"https:\/\/espirita.store\/index.php?rest_route=%2Fwp%2Fv2%2Fcomments&post=556"}],"wp:featuredmedia":[{"embeddable":true,"href":"https:\/\/espirita.store\/index.php?rest_route=\/wp\/v2\/media\/925"}],"wp:attachment":[{"href":"https:\/\/espirita.store\/index.php?rest_route=%2Fwp%2Fv2%2Fmedia&parent=556"}],"wp:term":[{"taxonomy":"product_brand","embeddable":true,"href":"https:\/\/espirita.store\/index.php?rest_route=%2Fwp%2Fv2%2Fproduct_brand&post=556"},{"taxonomy":"product_cat","embeddable":true,"href":"https:\/\/espirita.store\/index.php?rest_route=%2Fwp%2Fv2%2Fproduct_cat&post=556"},{"taxonomy":"product_tag","embeddable":true,"href":"https:\/\/espirita.store\/index.php?rest_route=%2Fwp%2Fv2%2Fproduct_tag&post=556"}],"curies":[{"name":"wp","href":"https:\/\/api.w.org\/{rel}","templated":true}]}}