{"id":542,"date":"2025-08-01T23:49:44","date_gmt":"2025-08-01T22:49:44","guid":{"rendered":"https:\/\/espirita.store\/?post_type=product&#038;p=542"},"modified":"2025-09-04T21:46:54","modified_gmt":"2025-09-04T20:46:54","slug":"marchese-dellelsa-moscato-dasti-docg","status":"publish","type":"product","link":"https:\/\/espirita.store\/?product=marchese-dellelsa-moscato-dasti-docg","title":{"rendered":"Marchese dell\u2019Elsa\u00ae Moscato d\u2019Asti DOCG"},"content":{"rendered":"<p style=\"text-align: center\" data-start=\"122\" data-end=\"381\">Vino espumoso dulce y arom\u00e1tico elaborado con uvas Moscato Bianco del Piamonte. Este Moscato d\u2019Asti destaca por su frescura, burbuja ligera y un perfil frutal y floral muy agradable al paladar. Perfecto para ocasiones especiales o como acompa\u00f1ante de postres.<\/p>\n<p style=\"text-align: center\" data-start=\"383\" data-end=\"650\"><strong data-start=\"383\" data-end=\"392\">Pa\u00eds:<\/strong> Italia<br data-start=\"399\" data-end=\"402\" \/><strong data-start=\"402\" data-end=\"422\">Regi\u00f3n \/ Bodega:<\/strong> Piamonte \/ Marchese dell\u2019Elsa<br data-start=\"452\" data-end=\"455\" \/><strong data-start=\"455\" data-end=\"464\">Tipo:<\/strong> Vino espumoso dulce (Moscato d\u2019Asti DOCG)<br data-start=\"506\" data-end=\"509\" \/><strong data-start=\"509\" data-end=\"519\">Sabor:<\/strong> Melocot\u00f3n blanco, miel, flor de azahar, c\u00edtricos y pera madura; dulce y ligeramente espumoso<br data-start=\"612\" data-end=\"615\" \/><strong data-start=\"615\" data-end=\"641\" data-is-only-node=\"\">Graduaci\u00f3n alcoh\u00f3lica:<\/strong> 5.5% ABV<\/p>\n<p style=\"text-align: center\" data-start=\"652\" data-end=\"794\"><strong data-start=\"652\" data-end=\"666\">Maridajes:<\/strong><br data-start=\"666\" data-end=\"669\" \/>Tarta de frutas, panna cotta, fresas con crema, quesos suaves, pastel de queso, macarons, o como vino de aperitivo bien fr\u00edo.<\/p>\n","protected":false},"excerpt":{"rendered":"<p>Vino espumoso dulce y arom\u00e1tico elaborado con uvas Moscato Bianco del Piamonte. Este Moscato d\u2019Asti destaca por su frescura, burbuja ligera y un perfil frutal y floral muy agradable al paladar. Perfecto para ocasiones especiales o como acompa\u00f1ante de postres. Pa\u00eds: ItaliaRegi\u00f3n \/ Bodega: Piamonte \/ Marchese dell\u2019ElsaTipo: Vino espumoso dulce (Moscato d\u2019Asti DOCG)Sabor: Melocot\u00f3n [&hellip;]<\/p>\n","protected":false},"featured_media":928,"comment_status":"open","ping_status":"closed","template":"","meta":[],"product_brand":[],"product_cat":[32],"product_tag":[],"class_list":{"0":"post-542","1":"product","2":"type-product","3":"status-publish","4":"has-post-thumbnail","6":"product_cat-espumoso","8":"first","9":"instock","10":"shipping-taxable","11":"purchasable","12":"product-type-simple"},"_links":{"self":[{"href":"https:\/\/espirita.store\/index.php?rest_route=\/wp\/v2\/product\/542","targetHints":{"allow":["GET"]}}],"collection":[{"href":"https:\/\/espirita.store\/index.php?rest_route=\/wp\/v2\/product"}],"about":[{"href":"https:\/\/espirita.store\/index.php?rest_route=\/wp\/v2\/types\/product"}],"replies":[{"embeddable":true,"href":"https:\/\/espirita.store\/index.php?rest_route=%2Fwp%2Fv2%2Fcomments&post=542"}],"wp:featuredmedia":[{"embeddable":true,"href":"https:\/\/espirita.store\/index.php?rest_route=\/wp\/v2\/media\/928"}],"wp:attachment":[{"href":"https:\/\/espirita.store\/index.php?rest_route=%2Fwp%2Fv2%2Fmedia&parent=542"}],"wp:term":[{"taxonomy":"product_brand","embeddable":true,"href":"https:\/\/espirita.store\/index.php?rest_route=%2Fwp%2Fv2%2Fproduct_brand&post=542"},{"taxonomy":"product_cat","embeddable":true,"href":"https:\/\/espirita.store\/index.php?rest_route=%2Fwp%2Fv2%2Fproduct_cat&post=542"},{"taxonomy":"product_tag","embeddable":true,"href":"https:\/\/espirita.store\/index.php?rest_route=%2Fwp%2Fv2%2Fproduct_tag&post=542"}],"curies":[{"name":"wp","href":"https:\/\/api.w.org\/{rel}","templated":true}]}}