{"id":540,"date":"2025-08-01T23:46:51","date_gmt":"2025-08-01T22:46:51","guid":{"rendered":"https:\/\/espirita.store\/?post_type=product&#038;p=540"},"modified":"2025-09-04T21:47:20","modified_gmt":"2025-09-04T20:47:20","slug":"risata-moscato-dasti-docg","status":"publish","type":"product","link":"https:\/\/espirita.store\/?product=risata-moscato-dasti-docg","title":{"rendered":"Risata\u00ae Moscato d\u2019Asti DOCG"},"content":{"rendered":"<p style=\"text-align: center\" data-start=\"102\" data-end=\"376\">Vino espumoso dulce italiano, elaborado con uvas Moscato Bianco provenientes del Piamonte. Este Moscato d\u2019Asti es reconocido por su vibrante perfil arom\u00e1tico, dulzura equilibrada y burbujas ligeras, lo que lo convierte en una opci\u00f3n popular para brindar o acompa\u00f1ar postres.<\/p>\n<p style=\"text-align: center\" data-start=\"378\" data-end=\"654\"><strong data-start=\"378\" data-end=\"387\">Pa\u00eds:<\/strong> Italia<br data-start=\"394\" data-end=\"397\" \/><strong data-start=\"397\" data-end=\"417\">Regi\u00f3n \/ Bodega:<\/strong> Piamonte \/ Risata Wines<br data-start=\"441\" data-end=\"444\" \/><strong data-start=\"444\" data-end=\"453\">Tipo:<\/strong> Vino espumoso dulce (Moscato d\u2019Asti DOCG)<br data-start=\"495\" data-end=\"498\" \/><strong data-start=\"498\" data-end=\"508\">Sabor:<\/strong> Durazno maduro, flor de naranjo, miel, c\u00edtricos y un toque de pera; dulce, fresco y ligeramente burbujeante<br data-start=\"616\" data-end=\"619\" \/><strong data-start=\"619\" data-end=\"645\" data-is-only-node=\"\">Graduaci\u00f3n alcoh\u00f3lica:<\/strong> 5.5% ABV<\/p>\n<p style=\"text-align: center\" data-start=\"656\" data-end=\"817\"><strong data-start=\"656\" data-end=\"670\">Maridajes:<\/strong><br data-start=\"670\" data-end=\"673\" \/>Frutas frescas, postres con crema, tiramis\u00fa, quesos suaves, pastel de lim\u00f3n, cheesecake, o simplemente como aperitivo festivo servido bien fr\u00edo.<\/p>\n","protected":false},"excerpt":{"rendered":"<p>Vino espumoso dulce italiano, elaborado con uvas Moscato Bianco provenientes del Piamonte. Este Moscato d\u2019Asti es reconocido por su vibrante perfil arom\u00e1tico, dulzura equilibrada y burbujas ligeras, lo que lo convierte en una opci\u00f3n popular para brindar o acompa\u00f1ar postres. Pa\u00eds: ItaliaRegi\u00f3n \/ Bodega: Piamonte \/ Risata WinesTipo: Vino espumoso dulce (Moscato d\u2019Asti DOCG)Sabor: Durazno [&hellip;]<\/p>\n","protected":false},"featured_media":929,"comment_status":"open","ping_status":"closed","template":"","meta":[],"product_brand":[],"product_cat":[32],"product_tag":[],"class_list":{"0":"post-540","1":"product","2":"type-product","3":"status-publish","4":"has-post-thumbnail","6":"product_cat-espumoso","8":"first","9":"instock","10":"shipping-taxable","11":"purchasable","12":"product-type-simple"},"_links":{"self":[{"href":"https:\/\/espirita.store\/index.php?rest_route=\/wp\/v2\/product\/540","targetHints":{"allow":["GET"]}}],"collection":[{"href":"https:\/\/espirita.store\/index.php?rest_route=\/wp\/v2\/product"}],"about":[{"href":"https:\/\/espirita.store\/index.php?rest_route=\/wp\/v2\/types\/product"}],"replies":[{"embeddable":true,"href":"https:\/\/espirita.store\/index.php?rest_route=%2Fwp%2Fv2%2Fcomments&post=540"}],"wp:featuredmedia":[{"embeddable":true,"href":"https:\/\/espirita.store\/index.php?rest_route=\/wp\/v2\/media\/929"}],"wp:attachment":[{"href":"https:\/\/espirita.store\/index.php?rest_route=%2Fwp%2Fv2%2Fmedia&parent=540"}],"wp:term":[{"taxonomy":"product_brand","embeddable":true,"href":"https:\/\/espirita.store\/index.php?rest_route=%2Fwp%2Fv2%2Fproduct_brand&post=540"},{"taxonomy":"product_cat","embeddable":true,"href":"https:\/\/espirita.store\/index.php?rest_route=%2Fwp%2Fv2%2Fproduct_cat&post=540"},{"taxonomy":"product_tag","embeddable":true,"href":"https:\/\/espirita.store\/index.php?rest_route=%2Fwp%2Fv2%2Fproduct_tag&post=540"}],"curies":[{"name":"wp","href":"https:\/\/api.w.org\/{rel}","templated":true}]}}