{"id":538,"date":"2025-08-01T23:40:52","date_gmt":"2025-08-01T22:40:52","guid":{"rendered":"https:\/\/espirita.store\/?post_type=product&#038;p=538"},"modified":"2025-09-04T21:47:50","modified_gmt":"2025-09-04T20:47:50","slug":"rivata-moscato-dasti-docg","status":"publish","type":"product","link":"https:\/\/espirita.store\/?product=rivata-moscato-dasti-docg","title":{"rendered":"Rivata\u00ae Moscato d\u2019Asti DOCG"},"content":{"rendered":"<p style=\"text-align: center\" data-start=\"95\" data-end=\"330\">Vino espumoso dulce de baja graduaci\u00f3n alcoh\u00f3lica elaborado con uvas Moscato Bianco en la regi\u00f3n del Piamonte, Italia. Ligero, arom\u00e1tico y naturalmente burbujeante, este Moscato d\u2019Asti es ideal como vino de postre o aperitivo elegante.<\/p>\n<p style=\"text-align: center\" data-start=\"332\" data-end=\"583\"><strong data-start=\"332\" data-end=\"341\">Pa\u00eds:<\/strong> Italia<br data-start=\"348\" data-end=\"351\" \/><strong data-start=\"351\" data-end=\"371\">Regi\u00f3n \/ Bodega:<\/strong> Piamonte \/ Rivata<br data-start=\"389\" data-end=\"392\" \/><strong data-start=\"392\" data-end=\"401\">Tipo:<\/strong> Vino espumoso dulce (Moscato d\u2019Asti DOCG)<br data-start=\"443\" data-end=\"446\" \/><strong data-start=\"446\" data-end=\"456\">Sabor:<\/strong> Durazno, albaricoque, miel, flor de azahar y c\u00edtricos; dulce, sedoso y con burbuja suave<br data-start=\"545\" data-end=\"548\" \/><strong data-start=\"548\" data-end=\"574\" data-is-only-node=\"\">Graduaci\u00f3n alcoh\u00f3lica:<\/strong> 5.5% ABV<\/p>\n<p style=\"text-align: center\" data-start=\"585\" data-end=\"729\"><strong data-start=\"585\" data-end=\"599\">Maridajes:<\/strong><br data-start=\"599\" data-end=\"602\" \/>Tarta de frutas, panna cotta, macarons, quesos suaves o azules, frutas frescas, y postres con base de crema o chocolate blanco.<\/p>\n","protected":false},"excerpt":{"rendered":"<p>Vino espumoso dulce de baja graduaci\u00f3n alcoh\u00f3lica elaborado con uvas Moscato Bianco en la regi\u00f3n del Piamonte, Italia. Ligero, arom\u00e1tico y naturalmente burbujeante, este Moscato d\u2019Asti es ideal como vino de postre o aperitivo elegante. Pa\u00eds: ItaliaRegi\u00f3n \/ Bodega: Piamonte \/ RivataTipo: Vino espumoso dulce (Moscato d\u2019Asti DOCG)Sabor: Durazno, albaricoque, miel, flor de azahar y [&hellip;]<\/p>\n","protected":false},"featured_media":930,"comment_status":"open","ping_status":"closed","template":"","meta":[],"product_brand":[],"product_cat":[32],"product_tag":[],"class_list":{"0":"post-538","1":"product","2":"type-product","3":"status-publish","4":"has-post-thumbnail","6":"product_cat-espumoso","8":"first","9":"instock","10":"shipping-taxable","11":"purchasable","12":"product-type-simple"},"_links":{"self":[{"href":"https:\/\/espirita.store\/index.php?rest_route=\/wp\/v2\/product\/538","targetHints":{"allow":["GET"]}}],"collection":[{"href":"https:\/\/espirita.store\/index.php?rest_route=\/wp\/v2\/product"}],"about":[{"href":"https:\/\/espirita.store\/index.php?rest_route=\/wp\/v2\/types\/product"}],"replies":[{"embeddable":true,"href":"https:\/\/espirita.store\/index.php?rest_route=%2Fwp%2Fv2%2Fcomments&post=538"}],"wp:featuredmedia":[{"embeddable":true,"href":"https:\/\/espirita.store\/index.php?rest_route=\/wp\/v2\/media\/930"}],"wp:attachment":[{"href":"https:\/\/espirita.store\/index.php?rest_route=%2Fwp%2Fv2%2Fmedia&parent=538"}],"wp:term":[{"taxonomy":"product_brand","embeddable":true,"href":"https:\/\/espirita.store\/index.php?rest_route=%2Fwp%2Fv2%2Fproduct_brand&post=538"},{"taxonomy":"product_cat","embeddable":true,"href":"https:\/\/espirita.store\/index.php?rest_route=%2Fwp%2Fv2%2Fproduct_cat&post=538"},{"taxonomy":"product_tag","embeddable":true,"href":"https:\/\/espirita.store\/index.php?rest_route=%2Fwp%2Fv2%2Fproduct_tag&post=538"}],"curies":[{"name":"wp","href":"https:\/\/api.w.org\/{rel}","templated":true}]}}