{"id":489,"date":"2025-08-01T22:48:54","date_gmt":"2025-08-01T21:48:54","guid":{"rendered":"https:\/\/espirita.store\/?post_type=product&#038;p=489"},"modified":"2025-08-13T21:52:05","modified_gmt":"2025-08-13T20:52:05","slug":"san-antonio-lambrusco-emilia-nv","status":"publish","type":"product","link":"https:\/\/espirita.store\/?product=san-antonio-lambrusco-emilia-nv","title":{"rendered":"San Antonio Lambrusco Emilia NV"},"content":{"rendered":"<p style=\"text-align: center\" data-start=\"160\" data-end=\"422\">Vino espumoso tinto semidulce italiano elaborado con uvas Lambrusco en la regi\u00f3n de Emilia-Roma\u00f1a. Suaves burbujas naturales, color rub\u00ed intenso y un perfil afrutado lo hacen refrescante y f\u00e1cil de beber. Es ideal para acompa\u00f1ar comidas ligeras o como aperitivo.<\/p>\n<p style=\"text-align: center\" data-start=\"424\" data-end=\"689\"><strong data-start=\"424\" data-end=\"433\">Pa\u00eds:<\/strong> Italia<br data-start=\"440\" data-end=\"443\" \/><strong data-start=\"443\" data-end=\"463\">Regi\u00f3n \/ Bodega:<\/strong> Emilia-Roma\u00f1a \/ Cantine San Antonio<br data-start=\"499\" data-end=\"502\" \/><strong data-start=\"502\" data-end=\"511\">Tipo:<\/strong> Vino espumoso tinto semidulce (Lambrusco)<br data-start=\"553\" data-end=\"556\" \/><strong data-start=\"556\" data-end=\"566\">Sabor:<\/strong> Frutas rojas (cereza, fresa), toques florales, ligeramente dulce, burbujeante y fresco<br data-start=\"653\" data-end=\"656\" \/><strong data-start=\"656\" data-end=\"682\" data-is-only-node=\"\">Graduaci\u00f3n alcoh\u00f3lica:<\/strong> 8% ABV<\/p>\n<p style=\"text-align: center\" data-start=\"691\" data-end=\"904\"><strong data-start=\"691\" data-end=\"705\">Maridajes:<\/strong><br data-start=\"705\" data-end=\"708\" \/>Pastas con salsa de tomate, pizza margarita, antipastos italianos, embutidos, quesos suaves, frutas frescas o postres como panna cotta y tiramis\u00fa. Tambi\u00e9n excelente como vino de verano, bien fr\u00edo.<\/p>\n","protected":false},"excerpt":{"rendered":"<p>Vino espumoso tinto semidulce italiano elaborado con uvas Lambrusco en la regi\u00f3n de Emilia-Roma\u00f1a. Suaves burbujas naturales, color rub\u00ed intenso y un perfil afrutado lo hacen refrescante y f\u00e1cil de beber. Es ideal para acompa\u00f1ar comidas ligeras o como aperitivo. Pa\u00eds: ItaliaRegi\u00f3n \/ Bodega: Emilia-Roma\u00f1a \/ Cantine San AntonioTipo: Vino espumoso tinto semidulce (Lambrusco)Sabor: Frutas [&hellip;]<\/p>\n","protected":false},"featured_media":694,"comment_status":"open","ping_status":"closed","template":"","meta":[],"product_brand":[],"product_cat":[32],"product_tag":[],"class_list":{"0":"post-489","1":"product","2":"type-product","3":"status-publish","4":"has-post-thumbnail","6":"product_cat-espumoso","8":"first","9":"instock","10":"shipping-taxable","11":"purchasable","12":"product-type-simple"},"_links":{"self":[{"href":"https:\/\/espirita.store\/index.php?rest_route=\/wp\/v2\/product\/489","targetHints":{"allow":["GET"]}}],"collection":[{"href":"https:\/\/espirita.store\/index.php?rest_route=\/wp\/v2\/product"}],"about":[{"href":"https:\/\/espirita.store\/index.php?rest_route=\/wp\/v2\/types\/product"}],"replies":[{"embeddable":true,"href":"https:\/\/espirita.store\/index.php?rest_route=%2Fwp%2Fv2%2Fcomments&post=489"}],"wp:featuredmedia":[{"embeddable":true,"href":"https:\/\/espirita.store\/index.php?rest_route=\/wp\/v2\/media\/694"}],"wp:attachment":[{"href":"https:\/\/espirita.store\/index.php?rest_route=%2Fwp%2Fv2%2Fmedia&parent=489"}],"wp:term":[{"taxonomy":"product_brand","embeddable":true,"href":"https:\/\/espirita.store\/index.php?rest_route=%2Fwp%2Fv2%2Fproduct_brand&post=489"},{"taxonomy":"product_cat","embeddable":true,"href":"https:\/\/espirita.store\/index.php?rest_route=%2Fwp%2Fv2%2Fproduct_cat&post=489"},{"taxonomy":"product_tag","embeddable":true,"href":"https:\/\/espirita.store\/index.php?rest_route=%2Fwp%2Fv2%2Fproduct_tag&post=489"}],"curies":[{"name":"wp","href":"https:\/\/api.w.org\/{rel}","templated":true}]}}