{"id":488,"date":"2025-07-26T18:52:25","date_gmt":"2025-07-26T17:52:25","guid":{"rendered":"https:\/\/espirita.store\/?post_type=product&#038;p=488"},"modified":"2025-08-29T21:23:47","modified_gmt":"2025-08-29T20:23:47","slug":"leyda-reserva-pinot-noir-2021","status":"publish","type":"product","link":"https:\/\/espirita.store\/?product=leyda-reserva-pinot-noir-2021","title":{"rendered":"Leyda Reserva Pinot Noir 2021"},"content":{"rendered":"<p style=\"text-align: center\">750 ml<\/p>\n<p style=\"text-align: center\">Vino tinto chileno de la l\u00ednea Reserva de Vi\u00f1a Leyda, producido en el Valle de Leyda, comuna de San Antonio, con fuerte influencia costera. Elaborado con 100\u202f% uva Pinot Noir (clones 777, 115, 667, 9 y selecci\u00f3n masal), este vino representa la expresi\u00f3n varietal de clima fr\u00edo costero de Chile<\/p>\n<p style=\"text-align: center\"><strong data-start=\"197\" data-end=\"206\">Pa\u00eds:<\/strong> Chile<br data-start=\"212\" data-end=\"215\" \/><strong data-start=\"215\" data-end=\"226\">Bodega:<\/strong> Vi\u00f1a Leyda (l\u00ednea Reserva)<\/p>\n<p style=\"text-align: center\"><strong data-start=\"294\" data-end=\"303\">Tipo:<\/strong> Vino tinto varietal (100\u202f% Pinot Noir, Reserva, a\u00f1ada 2021, Valle de Leyda DOC)<\/p>\n<p style=\"text-align: center\"><strong data-start=\"424\" data-end=\"434\">Sabor:<\/strong> Notas prominentes de cereza, frambuesa y ar\u00e1ndano; con matices herb\u00e1ceos suaves, toque especiado (pimienta blanca) y equilibrio entre fruta fresca y textura sedosa<\/p>\n<p style=\"text-align: center\"><strong data-start=\"639\" data-end=\"665\">Graduaci\u00f3n alcoh\u00f3lica:<\/strong> 12.5\u202f% ABV<\/p>\n<p style=\"text-align: center\"><strong data-start=\"768\" data-end=\"782\">Maridajes:<\/strong><br data-start=\"782\" data-end=\"785\" \/><span class=\"relative -mx-px my-[-0.2rem] rounded px-px py-[0.2rem] transition-colors duration-100 ease-in-out\">\u2013 Pollo o pavo a la plancha (cocci\u00f3n ligera, carnes blancas)<\/span><br data-start=\"822\" data-end=\"825\" \/><span class=\"relative -mx-px my-[-0.2rem] rounded px-px py-[0.2rem] transition-colors duration-100 ease-in-out\">\u2013 Pescados m\u00e1s grasos como salm\u00f3n o at\u00fan<\/span><br data-start=\"862\" data-end=\"865\" \/><span class=\"relative -mx-px my-[-0.2rem] rounded px-px py-[0.2rem] transition-colors duration-100 ease-in-out\">\u2013 Platos con setas o risottos suaves<\/span><br data-start=\"904\" data-end=\"907\" \/><span class=\"relative -mx-px my-[-0.2rem] rounded px-px py-[0.2rem] transition-colors duration-100 ease-in-out\">\u2013 Verduras grilladas y ensaladas templadas<\/span><br data-start=\"946\" data-end=\"949\" \/><span class=\"relative -mx-px my-[-0.2rem] rounded px-px py-[0.2rem] transition-colors duration-100 ease-in-out\">\u2013 Quesos blandos o semicurados (como Brie, Camembert)<\/span><br data-start=\"988\" data-end=\"991\" data-is-only-node=\"\" \/><span class=\"relative -mx-px my-[-0.2rem] rounded px-px py-[0.2rem] transition-colors duration-100 ease-in-out\">Ideal para consumir ligeramente fresco (m\u00ednimo 15\u202f\u00b0C), recomendada como acompa\u00f1ante de comidas del d\u00eda o cenas informales<\/span><\/p>\n","protected":false},"excerpt":{"rendered":"<p>750 ml Vino tinto chileno de la l\u00ednea Reserva de Vi\u00f1a Leyda, producido en el Valle de Leyda, comuna de San Antonio, con fuerte influencia costera. Elaborado con 100\u202f% uva Pinot Noir (clones 777, 115, 667, 9 y selecci\u00f3n masal), este vino representa la expresi\u00f3n varietal de clima fr\u00edo costero de Chile Pa\u00eds: ChileBodega: Vi\u00f1a [&hellip;]<\/p>\n","protected":false},"featured_media":699,"comment_status":"open","ping_status":"closed","template":"","meta":[],"product_brand":[],"product_cat":[31],"product_tag":[],"class_list":{"0":"post-488","1":"product","2":"type-product","3":"status-publish","4":"has-post-thumbnail","6":"product_cat-vino-tinto","8":"first","9":"instock","10":"shipping-taxable","11":"purchasable","12":"product-type-simple"},"_links":{"self":[{"href":"https:\/\/espirita.store\/index.php?rest_route=\/wp\/v2\/product\/488","targetHints":{"allow":["GET"]}}],"collection":[{"href":"https:\/\/espirita.store\/index.php?rest_route=\/wp\/v2\/product"}],"about":[{"href":"https:\/\/espirita.store\/index.php?rest_route=\/wp\/v2\/types\/product"}],"replies":[{"embeddable":true,"href":"https:\/\/espirita.store\/index.php?rest_route=%2Fwp%2Fv2%2Fcomments&post=488"}],"wp:featuredmedia":[{"embeddable":true,"href":"https:\/\/espirita.store\/index.php?rest_route=\/wp\/v2\/media\/699"}],"wp:attachment":[{"href":"https:\/\/espirita.store\/index.php?rest_route=%2Fwp%2Fv2%2Fmedia&parent=488"}],"wp:term":[{"taxonomy":"product_brand","embeddable":true,"href":"https:\/\/espirita.store\/index.php?rest_route=%2Fwp%2Fv2%2Fproduct_brand&post=488"},{"taxonomy":"product_cat","embeddable":true,"href":"https:\/\/espirita.store\/index.php?rest_route=%2Fwp%2Fv2%2Fproduct_cat&post=488"},{"taxonomy":"product_tag","embeddable":true,"href":"https:\/\/espirita.store\/index.php?rest_route=%2Fwp%2Fv2%2Fproduct_tag&post=488"}],"curies":[{"name":"wp","href":"https:\/\/api.w.org\/{rel}","templated":true}]}}