{"id":487,"date":"2025-07-26T18:50:13","date_gmt":"2025-07-26T17:50:13","guid":{"rendered":"https:\/\/espirita.store\/?post_type=product&#038;p=487"},"modified":"2025-08-29T21:24:04","modified_gmt":"2025-08-29T20:24:04","slug":"leyda-reserva-carmenere-2020","status":"publish","type":"product","link":"https:\/\/espirita.store\/?product=leyda-reserva-carmenere-2020","title":{"rendered":"Leyda Reserva Carmen\u00e8re 2020"},"content":{"rendered":"<p style=\"text-align: center\">750 ml<\/p>\n<p style=\"text-align: center\"><span class=\"relative -mx-px my-[-0.2rem] rounded px-px py-[0.2rem] transition-colors duration-100 ease-in-out\">Vino tinto chileno de la l\u00ednea Reserva de Vi\u00f1a Leyda (Valle Central, con influencia del Valle del Rapel), elaborado con 100\u202f% uva Carmen\u00e8re. Un estilo afrutado, especiado y sedoso que refleja la expresi\u00f3n moderna de esta cepa emblem\u00e1tica de Chile<\/span><\/p>\n<p style=\"text-align: center\">Pa\u00eds: Chile<br data-start=\"207\" data-end=\"210\" \/><span class=\"relative -mx-px my-[-0.2rem] rounded px-px py-[0.2rem] transition-colors duration-100 ease-in-out\">Bodega: Vi\u00f1a Leyda (l\u00ednea Reserva)<\/span><br data-start=\"247\" data-end=\"250\" \/><span class=\"relative -mx-px my-[-0.2rem] rounded px-px py-[0.2rem] transition-colors duration-100 ease-in-out\">Tipo: Vino tinto varietal (100\u202f% Carmen\u00e8re, Reserva, a\u00f1ada 2020, Valle Central)<\/span><\/p>\n<p style=\"text-align: center\">Sabor: Frutas negras (moras, ciruelas) con pimienta negra, hierbas y suaves toques de roble; textura jugosa y taninos aterciopelados; final largo y especiado<\/p>\n<p style=\"text-align: center\">Graduaci\u00f3n alcoh\u00f3lica: Alrededor de 13.2\u202f% \u2013\u202f14\u202f% ABV<\/p>\n<p style=\"text-align: center\"><strong data-start=\"487\" data-end=\"501\">Maridajes:<\/strong><\/p>\n<p style=\"text-align: center\" data-start=\"506\" data-end=\"547\"><span class=\"relative -mx-px my-[-0.2rem] rounded px-px py-[0.2rem] transition-colors duration-100 ease-in-out\">Comida picante (como curry o platos con chile)<\/span><\/p>\n<p style=\"text-align: center\" data-start=\"550\" data-end=\"591\"><span class=\"relative -mx-px my-[-0.2rem] rounded px-px py-[0.2rem] transition-colors duration-100 ease-in-out\">Quesos maduros y curados (como queso a\u00f1ejo, manchego fuerte)<\/span><\/p>\n<p style=\"text-align: center\" data-start=\"594\" data-end=\"635\"><span class=\"relative -mx-px my-[-0.2rem] rounded px-px py-[0.2rem] transition-colors duration-100 ease-in-out\">Carnes a la parrilla o estofados (cordero, ternera, cerdo especiado)<\/span><\/p>\n<p style=\"text-align: center\" data-start=\"638\" data-end=\"679\"><span class=\"relative -mx-px my-[-0.2rem] rounded px-px py-[0.2rem] transition-colors duration-100 ease-in-out\">Pastas intensas o guisos con carnes<\/span><\/p>\n<p style=\"text-align: center\" data-start=\"682\" data-end=\"763\"><span class=\"relative -mx-px my-[-0.2rem] rounded px-px py-[0.2rem] transition-colors duration-100 ease-in-out\">Platos con hierbas arom\u00e1ticas que resalten el perfil especiado de la Carmen\u00e8re<\/span><\/p>\n","protected":false},"excerpt":{"rendered":"<p>750 ml Vino tinto chileno de la l\u00ednea Reserva de Vi\u00f1a Leyda (Valle Central, con influencia del Valle del Rapel), elaborado con 100\u202f% uva Carmen\u00e8re. Un estilo afrutado, especiado y sedoso que refleja la expresi\u00f3n moderna de esta cepa emblem\u00e1tica de Chile Pa\u00eds: ChileBodega: Vi\u00f1a Leyda (l\u00ednea Reserva)Tipo: Vino tinto varietal (100\u202f% Carmen\u00e8re, Reserva, a\u00f1ada [&hellip;]<\/p>\n","protected":false},"featured_media":700,"comment_status":"open","ping_status":"closed","template":"","meta":[],"product_brand":[],"product_cat":[31],"product_tag":[],"class_list":{"0":"post-487","1":"product","2":"type-product","3":"status-publish","4":"has-post-thumbnail","6":"product_cat-vino-tinto","8":"first","9":"instock","10":"shipping-taxable","11":"purchasable","12":"product-type-simple"},"_links":{"self":[{"href":"https:\/\/espirita.store\/index.php?rest_route=\/wp\/v2\/product\/487","targetHints":{"allow":["GET"]}}],"collection":[{"href":"https:\/\/espirita.store\/index.php?rest_route=\/wp\/v2\/product"}],"about":[{"href":"https:\/\/espirita.store\/index.php?rest_route=\/wp\/v2\/types\/product"}],"replies":[{"embeddable":true,"href":"https:\/\/espirita.store\/index.php?rest_route=%2Fwp%2Fv2%2Fcomments&post=487"}],"wp:featuredmedia":[{"embeddable":true,"href":"https:\/\/espirita.store\/index.php?rest_route=\/wp\/v2\/media\/700"}],"wp:attachment":[{"href":"https:\/\/espirita.store\/index.php?rest_route=%2Fwp%2Fv2%2Fmedia&parent=487"}],"wp:term":[{"taxonomy":"product_brand","embeddable":true,"href":"https:\/\/espirita.store\/index.php?rest_route=%2Fwp%2Fv2%2Fproduct_brand&post=487"},{"taxonomy":"product_cat","embeddable":true,"href":"https:\/\/espirita.store\/index.php?rest_route=%2Fwp%2Fv2%2Fproduct_cat&post=487"},{"taxonomy":"product_tag","embeddable":true,"href":"https:\/\/espirita.store\/index.php?rest_route=%2Fwp%2Fv2%2Fproduct_tag&post=487"}],"curies":[{"name":"wp","href":"https:\/\/api.w.org\/{rel}","templated":true}]}}