{"id":482,"date":"2025-07-26T18:22:14","date_gmt":"2025-07-26T17:22:14","guid":{"rendered":"https:\/\/espirita.store\/?post_type=product&#038;p=482"},"modified":"2025-08-29T21:25:28","modified_gmt":"2025-08-29T20:25:28","slug":"rabbit-out-of-the-hat-chardonnay-2022","status":"publish","type":"product","link":"https:\/\/espirita.store\/?product=rabbit-out-of-the-hat-chardonnay-2022","title":{"rendered":"Rabbit Out of the Hat Chardonnay 2022"},"content":{"rendered":"<p style=\"text-align: center\">750 ml<\/p>\n<p style=\"text-align: center\">Vino blanco econ\u00f3mico de Australia (Wine of Australia), elaborado por la marca Rabbit Out of the Hat. De estilo fresco y crujiente, con una influencia m\u00ednima de roble, es ideal para consumo diario.<\/p>\n<p style=\"text-align: center\">Pa\u00eds: Australia<br data-start=\"181\" data-end=\"184\" \/><span class=\"relative -mx-px my-[-0.2rem] rounded px-px py-[0.2rem] transition-colors duration-100 ease-in-out\">Bodega: Rabbit Out of the Hat<\/span><br data-start=\"221\" data-end=\"224\" \/><span class=\"relative -mx-px my-[-0.2rem] rounded px-px py-[0.2rem] transition-colors duration-100 ease-in-out\">Tipo: Vino blanco varietal (Chardonnay, a\u00f1ada 2022)<\/span><br data-start=\"261\" data-end=\"264\" \/><span class=\"relative -mx-px my-[-0.2rem] rounded px-px py-[0.2rem] transition-colors duration-100 ease-in-out\">Sabor: Lim\u00f3n, manzana y mel\u00f3n; notas tropicales ligeras como pi\u00f1a; cuerpo ligero con final f\u00e1cil de beber y bien equilibrado<\/span>\u00a0<br data-start=\"339\" data-end=\"342\" \/><span class=\"relative -mx-px my-[-0.2rem] rounded px-px py-[0.2rem] transition-colors duration-100 ease-in-out\">Graduaci\u00f3n alcoh\u00f3lica: 13\u202f% ABV<\/span><\/p>\n<p style=\"text-align: center\"><strong data-start=\"421\" data-end=\"435\">Maridajes:<\/strong><\/p>\n<p style=\"text-align: center\" data-start=\"440\" data-end=\"479\"><span class=\"relative -mx-px my-[-0.2rem] rounded px-px py-[0.2rem] transition-colors duration-100 ease-in-out\">Pescados suaves o vegetales (br\u00f3coli al vapor, zucchini)<\/span><\/p>\n<p style=\"text-align: center\" data-start=\"482\" data-end=\"523\"><span class=\"relative -mx-px my-[-0.2rem] rounded px-px py-[0.2rem] transition-colors duration-100 ease-in-out\">Pollo a la plancha, pasta con salsas ligeras<\/span><\/p>\n<p style=\"text-align: center\" data-start=\"526\" data-end=\"567\"><span class=\"relative -mx-px my-[-0.2rem] rounded px-px py-[0.2rem] transition-colors duration-100 ease-in-out\">Ensaladas frescas con aderezo c\u00edtrico o fruta<\/span><\/p>\n<p style=\"text-align: center\" data-start=\"570\" data-end=\"611\"><span class=\"relative -mx-px my-[-0.2rem] rounded px-px py-[0.2rem] transition-colors duration-100 ease-in-out\">Quesos suaves o de textura cremosa (cheddar joven, mozzarella fresca)<\/span><\/p>\n<p style=\"text-align: center\" data-start=\"614\" data-end=\"695\"><span class=\"relative -mx-px my-[-0.2rem] rounded px-px py-[0.2rem] transition-colors duration-100 ease-in-out\">Ideal como vino refrescante y vers\u00e1til para comidas ligeras o en d\u00edas calurosos<\/span><\/p>\n","protected":false},"excerpt":{"rendered":"<p>750 ml Vino blanco econ\u00f3mico de Australia (Wine of Australia), elaborado por la marca Rabbit Out of the Hat. De estilo fresco y crujiente, con una influencia m\u00ednima de roble, es ideal para consumo diario. Pa\u00eds: AustraliaBodega: Rabbit Out of the HatTipo: Vino blanco varietal (Chardonnay, a\u00f1ada 2022)Sabor: Lim\u00f3n, manzana y mel\u00f3n; notas tropicales ligeras [&hellip;]<\/p>\n","protected":false},"featured_media":703,"comment_status":"open","ping_status":"closed","template":"","meta":[],"product_brand":[],"product_cat":[30],"product_tag":[],"class_list":{"0":"post-482","1":"product","2":"type-product","3":"status-publish","4":"has-post-thumbnail","6":"product_cat-vino-blanco","8":"first","9":"instock","10":"shipping-taxable","11":"purchasable","12":"product-type-simple"},"_links":{"self":[{"href":"https:\/\/espirita.store\/index.php?rest_route=\/wp\/v2\/product\/482","targetHints":{"allow":["GET"]}}],"collection":[{"href":"https:\/\/espirita.store\/index.php?rest_route=\/wp\/v2\/product"}],"about":[{"href":"https:\/\/espirita.store\/index.php?rest_route=\/wp\/v2\/types\/product"}],"replies":[{"embeddable":true,"href":"https:\/\/espirita.store\/index.php?rest_route=%2Fwp%2Fv2%2Fcomments&post=482"}],"wp:featuredmedia":[{"embeddable":true,"href":"https:\/\/espirita.store\/index.php?rest_route=\/wp\/v2\/media\/703"}],"wp:attachment":[{"href":"https:\/\/espirita.store\/index.php?rest_route=%2Fwp%2Fv2%2Fmedia&parent=482"}],"wp:term":[{"taxonomy":"product_brand","embeddable":true,"href":"https:\/\/espirita.store\/index.php?rest_route=%2Fwp%2Fv2%2Fproduct_brand&post=482"},{"taxonomy":"product_cat","embeddable":true,"href":"https:\/\/espirita.store\/index.php?rest_route=%2Fwp%2Fv2%2Fproduct_cat&post=482"},{"taxonomy":"product_tag","embeddable":true,"href":"https:\/\/espirita.store\/index.php?rest_route=%2Fwp%2Fv2%2Fproduct_tag&post=482"}],"curies":[{"name":"wp","href":"https:\/\/api.w.org\/{rel}","templated":true}]}}