{"id":481,"date":"2025-07-26T18:20:00","date_gmt":"2025-07-26T17:20:00","guid":{"rendered":"https:\/\/espirita.store\/?post_type=product&#038;p=481"},"modified":"2025-09-04T21:51:51","modified_gmt":"2025-09-04T20:51:51","slug":"josh-cellars-prosecco-doc","status":"publish","type":"product","link":"https:\/\/espirita.store\/?product=josh-cellars-prosecco-doc","title":{"rendered":"Josh Cellars Prosecco DOC"},"content":{"rendered":"<p style=\"text-align: center\">750 ml<\/p>\n<p style=\"text-align: center\">Vino espumoso italiano importado por Josh Cellars, elaborado con uvas 100\u202f% Glera procedentes de vi\u00f1edos situados entre Conegliano y Valdobbiadene, dentro de la denominaci\u00f3n Prosecco DOC, regi\u00f3n de V\u00e9neto en el noreste de Italia. Es un m\u00e9todo Charmat (segunda fermentaci\u00f3n en tanque) con burbujas finas que dan una experiencia ligera, fresca y vibrante.<\/p>\n<p style=\"text-align: center\">Pa\u00eds: Italia<br data-start=\"303\" data-end=\"306\" \/><span class=\"relative -mx-px my-[-0.2rem] rounded px-px py-[0.2rem] transition-colors duration-100 ease-in-out\">Bodega: Josh Cellars (vino importado\/artesanal producido en Prosecco DOC)<\/span><\/p>\n<p style=\"text-align: center\"><span class=\"relative -mx-px my-[-0.2rem] rounded px-px py-[0.2rem] transition-colors duration-100 ease-in-out\">Tipo: Vino espumoso (Prosecco DOC, Brut \/ Extra Dry, NV)<\/span><br data-start=\"421\" data-end=\"424\" \/><span class=\"relative -mx-px my-[-0.2rem] rounded px-px py-[0.2rem] transition-colors duration-100 ease-in-out\">Sabor: Manzana verde, pera, mel\u00f3n blanco y c\u00edtricos; notas florales suaves; dulzor ligero y acidez refrescante, textura vivaz<\/span><\/p>\n<p style=\"text-align: center\">Graduaci\u00f3n alcoh\u00f3lica: 11\u202f% ABV<\/p>\n<p style=\"text-align: center\"><strong data-start=\"587\" data-end=\"601\">Maridajes:<\/strong><br data-start=\"601\" data-end=\"604\" \/><span class=\"relative -mx-px my-[-0.2rem] rounded px-px py-[0.2rem] transition-colors duration-100 ease-in-out\">\u2013 Aperitivos ligeros como bruschettas, canap\u00e9s de queso, aceitunas<\/span><br data-start=\"643\" data-end=\"646\" \/><span class=\"relative -mx-px my-[-0.2rem] rounded px-px py-[0.2rem] transition-colors duration-100 ease-in-out\">\u2013 Mariscos y ostras frescas, ceviche, sushi<\/span><br data-start=\"685\" data-end=\"688\" \/><span class=\"relative -mx-px my-[-0.2rem] rounded px-px py-[0.2rem] transition-colors duration-100 ease-in-out\">\u2013 Ensaladas con frutas, queso de cabra duro o ligero<\/span><br data-start=\"727\" data-end=\"730\" \/><span class=\"relative -mx-px my-[-0.2rem] rounded px-px py-[0.2rem] transition-colors duration-100 ease-in-out\">\u2013 Pollo fr\u00edo o ensaladas de pollo, platos vegetales frescos<\/span><br data-start=\"769\" data-end=\"772\" \/><span class=\"relative -mx-px my-[-0.2rem] rounded px-px py-[0.2rem] transition-colors duration-100 ease-in-out\">\u2013 Postres delicados como frutas frescas o tartaletas de crema ligera<\/span><\/p>\n","protected":false},"excerpt":{"rendered":"<p>750 ml Vino espumoso italiano importado por Josh Cellars, elaborado con uvas 100\u202f% Glera procedentes de vi\u00f1edos situados entre Conegliano y Valdobbiadene, dentro de la denominaci\u00f3n Prosecco DOC, regi\u00f3n de V\u00e9neto en el noreste de Italia. Es un m\u00e9todo Charmat (segunda fermentaci\u00f3n en tanque) con burbujas finas que dan una experiencia ligera, fresca y vibrante. [&hellip;]<\/p>\n","protected":false},"featured_media":934,"comment_status":"open","ping_status":"closed","template":"","meta":[],"product_brand":[],"product_cat":[32],"product_tag":[],"class_list":{"0":"post-481","1":"product","2":"type-product","3":"status-publish","4":"has-post-thumbnail","6":"product_cat-espumoso","8":"first","9":"instock","10":"shipping-taxable","11":"purchasable","12":"product-type-simple"},"_links":{"self":[{"href":"https:\/\/espirita.store\/index.php?rest_route=\/wp\/v2\/product\/481","targetHints":{"allow":["GET"]}}],"collection":[{"href":"https:\/\/espirita.store\/index.php?rest_route=\/wp\/v2\/product"}],"about":[{"href":"https:\/\/espirita.store\/index.php?rest_route=\/wp\/v2\/types\/product"}],"replies":[{"embeddable":true,"href":"https:\/\/espirita.store\/index.php?rest_route=%2Fwp%2Fv2%2Fcomments&post=481"}],"wp:featuredmedia":[{"embeddable":true,"href":"https:\/\/espirita.store\/index.php?rest_route=\/wp\/v2\/media\/934"}],"wp:attachment":[{"href":"https:\/\/espirita.store\/index.php?rest_route=%2Fwp%2Fv2%2Fmedia&parent=481"}],"wp:term":[{"taxonomy":"product_brand","embeddable":true,"href":"https:\/\/espirita.store\/index.php?rest_route=%2Fwp%2Fv2%2Fproduct_brand&post=481"},{"taxonomy":"product_cat","embeddable":true,"href":"https:\/\/espirita.store\/index.php?rest_route=%2Fwp%2Fv2%2Fproduct_cat&post=481"},{"taxonomy":"product_tag","embeddable":true,"href":"https:\/\/espirita.store\/index.php?rest_route=%2Fwp%2Fv2%2Fproduct_tag&post=481"}],"curies":[{"name":"wp","href":"https:\/\/api.w.org\/{rel}","templated":true}]}}