{"id":476,"date":"2025-07-26T17:54:18","date_gmt":"2025-07-26T16:54:18","guid":{"rendered":"https:\/\/espirita.store\/?post_type=product&#038;p=476"},"modified":"2025-10-17T23:57:53","modified_gmt":"2025-10-17T22:57:53","slug":"cupcake-moscato-dasti","status":"publish","type":"product","link":"https:\/\/espirita.store\/?product=cupcake-moscato-dasti","title":{"rendered":"Cupcake Moscato d\u2019Asti"},"content":{"rendered":"<p style=\"text-align: center\">750 ml<\/p>\n<p style=\"text-align: center\">Vino blanco italiano elaborado por Cupcake Vineyards, siguiendo la tradici\u00f3n del Moscato d\u2019Asti en la regi\u00f3n de Piamonte, Italia. Es un vino frizzante de cuerpo ligero, dulce y arom\u00e1tico, perfecto para disfrutar fr\u00edo.<\/p>\n<p style=\"text-align: center\">Pa\u00eds: Italia<br data-start=\"163\" data-end=\"166\" \/><span class=\"relative -mx-px my-[-0.2rem] rounded px-px py-[0.2rem] transition-colors duration-100 ease-in-out\">Bodega: Cupcake Vineyards (originario de la regi\u00f3n de Asti, Piamonte)<\/span><\/p>\n<p style=\"text-align: center\">Sabor: Melocot\u00f3n, nectarina, flores blancas, miel y toques de lichi; burbujas finas y sensaci\u00f3n vibrante, dulce-frutal equilibrado<\/p>\n<p style=\"text-align: center\">Graduaci\u00f3n alcoh\u00f3lica: Aproximadamente 5.5\u202f%\u202fABV, bajo en alcohol<\/p>\n<p style=\"text-align: center\"><strong data-start=\"481\" data-end=\"495\">Maridajes:<\/strong><\/p>\n<p style=\"text-align: center\" data-start=\"500\" data-end=\"541\"><span class=\"relative -mx-px my-[-0.2rem] rounded px-px py-[0.2rem] transition-colors duration-100 ease-in-out\">Postres ligeros como tartas de frutas, mousse de frutas o gelato<\/span><\/p>\n<p style=\"text-align: center\" data-start=\"544\" data-end=\"585\"><span class=\"relative -mx-px my-[-0.2rem] rounded px-px py-[0.2rem] transition-colors duration-100 ease-in-out\">Frutas frescas (bayas, mel\u00f3n, durazno)<\/span><\/p>\n<p style=\"text-align: center\" data-start=\"588\" data-end=\"629\"><span class=\"relative -mx-px my-[-0.2rem] rounded px-px py-[0.2rem] transition-colors duration-100 ease-in-out\">Aperitivos fr\u00edos como queso fresco o semifr\u00edos<\/span><\/p>\n<p style=\"text-align: center\" data-start=\"632\" data-end=\"673\"><span class=\"relative -mx-px my-[-0.2rem] rounded px-px py-[0.2rem] transition-colors duration-100 ease-in-out\">Platos especiados o comida asi\u00e1tica ligeramente picante (como rolls vietnamitas o curry suave)<\/span><\/p>\n<p data-start=\"676\" data-end=\"757\"><span class=\"relative -mx-px my-[-0.2rem] rounded px-px py-[0.2rem] transition-colors duration-100 ease-in-out\">Ideal como aperitivo fr\u00edo o para celebraciones informales, brindis o brunches<\/span><\/p>\n","protected":false},"excerpt":{"rendered":"<p>750 ml Vino blanco italiano elaborado por Cupcake Vineyards, siguiendo la tradici\u00f3n del Moscato d\u2019Asti en la regi\u00f3n de Piamonte, Italia. Es un vino frizzante de cuerpo ligero, dulce y arom\u00e1tico, perfecto para disfrutar fr\u00edo. Pa\u00eds: ItaliaBodega: Cupcake Vineyards (originario de la regi\u00f3n de Asti, Piamonte) Sabor: Melocot\u00f3n, nectarina, flores blancas, miel y toques de [&hellip;]<\/p>\n","protected":false},"featured_media":981,"comment_status":"open","ping_status":"closed","template":"","meta":[],"product_brand":[],"product_cat":[30],"product_tag":[],"class_list":{"0":"post-476","1":"product","2":"type-product","3":"status-publish","4":"has-post-thumbnail","6":"product_cat-vino-blanco","8":"first","9":"instock","10":"shipping-taxable","11":"purchasable","12":"product-type-simple"},"_links":{"self":[{"href":"https:\/\/espirita.store\/index.php?rest_route=\/wp\/v2\/product\/476","targetHints":{"allow":["GET"]}}],"collection":[{"href":"https:\/\/espirita.store\/index.php?rest_route=\/wp\/v2\/product"}],"about":[{"href":"https:\/\/espirita.store\/index.php?rest_route=\/wp\/v2\/types\/product"}],"replies":[{"embeddable":true,"href":"https:\/\/espirita.store\/index.php?rest_route=%2Fwp%2Fv2%2Fcomments&post=476"}],"wp:featuredmedia":[{"embeddable":true,"href":"https:\/\/espirita.store\/index.php?rest_route=\/wp\/v2\/media\/981"}],"wp:attachment":[{"href":"https:\/\/espirita.store\/index.php?rest_route=%2Fwp%2Fv2%2Fmedia&parent=476"}],"wp:term":[{"taxonomy":"product_brand","embeddable":true,"href":"https:\/\/espirita.store\/index.php?rest_route=%2Fwp%2Fv2%2Fproduct_brand&post=476"},{"taxonomy":"product_cat","embeddable":true,"href":"https:\/\/espirita.store\/index.php?rest_route=%2Fwp%2Fv2%2Fproduct_cat&post=476"},{"taxonomy":"product_tag","embeddable":true,"href":"https:\/\/espirita.store\/index.php?rest_route=%2Fwp%2Fv2%2Fproduct_tag&post=476"}],"curies":[{"name":"wp","href":"https:\/\/api.w.org\/{rel}","templated":true}]}}