{"id":474,"date":"2025-07-26T17:48:32","date_gmt":"2025-07-26T16:48:32","guid":{"rendered":"https:\/\/espirita.store\/?post_type=product&#038;p=474"},"modified":"2025-09-05T21:52:28","modified_gmt":"2025-09-05T20:52:28","slug":"cupcake-vineyards-chardonnay-2021-monterey-county","status":"publish","type":"product","link":"https:\/\/espirita.store\/?product=cupcake-vineyards-chardonnay-2021-monterey-county","title":{"rendered":"Cupcake Vineyards Chardonnay 2021 Monterey County"},"content":{"rendered":"<p style=\"text-align: center\">750 ml<\/p>\n<p style=\"text-align: center\">ino blanco de Estados Unidos, elaborado por Cupcake Vineyards con uvas procedentes de Monterey County (Costa Central de California). Fermentado en barrica para lograr textura cremosa manteniendo frescura c\u00edtrica.<\/p>\n<p style=\"text-align: center\"><span class=\"relative -mx-px my-[-0.2rem] rounded px-px py-[0.2rem] transition-colors duration-100 ease-in-out\">Pa\u00eds: Estados Unidos<\/span><br data-start=\"215\" data-end=\"218\" \/><span class=\"relative -mx-px my-[-0.2rem] rounded px-px py-[0.2rem] transition-colors duration-100 ease-in-out\">Bodega: Cupcake Vineyards (The Wine Group)<\/span><br data-start=\"255\" data-end=\"258\" \/><span class=\"relative -mx-px my-[-0.2rem] rounded px-px py-[0.2rem] transition-colors duration-100 ease-in-out\">Tipo: Vino blanco varietal (Chardonnay, a\u00f1ada 2021, Central Coast\u2013Monterey County)<\/span><\/p>\n<p style=\"text-align: center\">Sabor: Manzana verde, lim\u00f3n, pomelo a la flama, vainilla, un toque de almendra tostada; cuerpo medio, textura suave y final limpio y vibrante<\/p>\n<p style=\"text-align: center\">Graduaci\u00f3n alcoh\u00f3lica: Entre 14\u202f% y 14.5\u202f% ABV,<\/p>\n<p style=\"text-align: center\" data-start=\"495\" data-end=\"511\"><strong data-start=\"495\" data-end=\"509\">Maridajes:<\/strong><\/p>\n<p style=\"text-align: center\" data-start=\"514\" data-end=\"555\"><span class=\"relative -mx-px my-[-0.2rem] rounded px-px py-[0.2rem] transition-colors duration-100 ease-in-out\">Pastas cremosas o con salsas blancas (como linguini Alfredo)<\/span><\/p>\n<p style=\"text-align: center\" data-start=\"558\" data-end=\"599\"><span class=\"relative -mx-px my-[-0.2rem] rounded px-px py-[0.2rem] transition-colors duration-100 ease-in-out\">Pescados grasos (salm\u00f3n, at\u00fan) y mariscos (cangrejo, langostinos)<\/span><\/p>\n<p style=\"text-align: center\" data-start=\"602\" data-end=\"643\"><span class=\"relative -mx-px my-[-0.2rem] rounded px-px py-[0.2rem] transition-colors duration-100 ease-in-out\">Pollo asado o al grill<\/span><\/p>\n<p style=\"text-align: center\" data-start=\"646\" data-end=\"687\"><span class=\"relative -mx-px my-[-0.2rem] rounded px-px py-[0.2rem] transition-colors duration-100 ease-in-out\">Quesos suaves y tablas de charcuter\u00eda ligera<\/span><\/p>\n<p style=\"text-align: center\" data-start=\"690\" data-end=\"771\"><span class=\"relative -mx-px my-[-0.2rem] rounded px-px py-[0.2rem] transition-colors duration-100 ease-in-out\">Ideal tambi\u00e9n como vino para el calor o para disfrutar al sol acompa\u00f1ado de aperitivos frescos<\/span><\/p>\n","protected":false},"excerpt":{"rendered":"<p>750 ml ino blanco de Estados Unidos, elaborado por Cupcake Vineyards con uvas procedentes de Monterey County (Costa Central de California). Fermentado en barrica para lograr textura cremosa manteniendo frescura c\u00edtrica. Pa\u00eds: Estados UnidosBodega: Cupcake Vineyards (The Wine Group)Tipo: Vino blanco varietal (Chardonnay, a\u00f1ada 2021, Central Coast\u2013Monterey County) Sabor: Manzana verde, lim\u00f3n, pomelo a la [&hellip;]<\/p>\n","protected":false},"featured_media":983,"comment_status":"open","ping_status":"closed","template":"","meta":[],"product_brand":[],"product_cat":[30],"product_tag":[],"class_list":{"0":"post-474","1":"product","2":"type-product","3":"status-publish","4":"has-post-thumbnail","6":"product_cat-vino-blanco","8":"first","9":"instock","10":"shipping-taxable","11":"purchasable","12":"product-type-simple"},"_links":{"self":[{"href":"https:\/\/espirita.store\/index.php?rest_route=\/wp\/v2\/product\/474","targetHints":{"allow":["GET"]}}],"collection":[{"href":"https:\/\/espirita.store\/index.php?rest_route=\/wp\/v2\/product"}],"about":[{"href":"https:\/\/espirita.store\/index.php?rest_route=\/wp\/v2\/types\/product"}],"replies":[{"embeddable":true,"href":"https:\/\/espirita.store\/index.php?rest_route=%2Fwp%2Fv2%2Fcomments&post=474"}],"wp:featuredmedia":[{"embeddable":true,"href":"https:\/\/espirita.store\/index.php?rest_route=\/wp\/v2\/media\/983"}],"wp:attachment":[{"href":"https:\/\/espirita.store\/index.php?rest_route=%2Fwp%2Fv2%2Fmedia&parent=474"}],"wp:term":[{"taxonomy":"product_brand","embeddable":true,"href":"https:\/\/espirita.store\/index.php?rest_route=%2Fwp%2Fv2%2Fproduct_brand&post=474"},{"taxonomy":"product_cat","embeddable":true,"href":"https:\/\/espirita.store\/index.php?rest_route=%2Fwp%2Fv2%2Fproduct_cat&post=474"},{"taxonomy":"product_tag","embeddable":true,"href":"https:\/\/espirita.store\/index.php?rest_route=%2Fwp%2Fv2%2Fproduct_tag&post=474"}],"curies":[{"name":"wp","href":"https:\/\/api.w.org\/{rel}","templated":true}]}}