{"id":473,"date":"2025-07-26T17:42:23","date_gmt":"2025-07-26T16:42:23","guid":{"rendered":"https:\/\/espirita.store\/?post_type=product&#038;p=473"},"modified":"2025-08-29T21:28:00","modified_gmt":"2025-08-29T20:28:00","slug":"cavit-pinot-noir-provincia-di-pavia-2020","status":"publish","type":"product","link":"https:\/\/espirita.store\/?product=cavit-pinot-noir-provincia-di-pavia-2020","title":{"rendered":"Cavit Pinot Noir Provincia di Pavia 2020"},"content":{"rendered":"<p style=\"text-align: center\">750\u202fml<\/p>\n<p style=\"text-align: center\">Vino tinto italiano de la regi\u00f3n de Lombard\u00eda, espec\u00edficamente bajo la clasificaci\u00f3n IGT Provincia di Pavia, elaborado por Cavit Collection. Se presenta como un Pinot Noir ligero, arom\u00e1tico y fresco, con car\u00e1cter sencillo y agradable, t\u00edpico de un vino de mesa accesible.<\/p>\n<p style=\"text-align: center\">Pa\u00eds: Italia<br data-start=\"181\" data-end=\"184\" \/><span class=\"relative -mx-px my-[-0.2rem] rounded px-px py-[0.2rem] transition-colors duration-100 ease-in-out\">Bodega: Cavit Collection<\/span><br data-start=\"221\" data-end=\"224\" \/><span class=\"relative -mx-px my-[-0.2rem] rounded px-px py-[0.2rem] transition-colors duration-100 ease-in-out\">Tipo: Vino tinto varietal (Pinot Noir IGT Provincia di Pavia, a\u00f1ada 2020)<\/span><br data-start=\"261\" data-end=\"264\" \/><span class=\"relative -mx-px my-[-0.2rem] rounded px-px py-[0.2rem] transition-colors duration-100 ease-in-out\">Sabor: Cereza brillante, frutos rojos (moras rojas), con cuerpo suave y acabado sedoso; ligero car\u00e1cter especiado y algo terroso<\/span><\/p>\n<p style=\"text-align: center\">Graduaci\u00f3n alcoh\u00f3lica: 12\u202f% \u2013 12.1\u202f% ABV<\/p>\n<p style=\"text-align: center\"><strong data-start=\"421\" data-end=\"435\">Maridajes:<\/strong><\/p>\n<p style=\"text-align: center\" data-start=\"440\" data-end=\"479\"><span class=\"relative -mx-px my-[-0.2rem] rounded px-px py-[0.2rem] transition-colors duration-100 ease-in-out\">Pollo o pavo asado o a la parrilla<\/span><\/p>\n<p style=\"text-align: center\" data-start=\"482\" data-end=\"523\"><span class=\"relative -mx-px my-[-0.2rem] rounded px-px py-[0.2rem] transition-colors duration-100 ease-in-out\">Pescados m\u00e1s o menos grasos como salm\u00f3n o at\u00fan<\/span><\/p>\n<p style=\"text-align: center\" data-start=\"526\" data-end=\"567\"><span class=\"relative -mx-px my-[-0.2rem] rounded px-px py-[0.2rem] transition-colors duration-100 ease-in-out\">Risottos suaves, arroces con verduras o setas<\/span><\/p>\n<p style=\"text-align: center\" data-start=\"570\" data-end=\"611\"><span class=\"relative -mx-px my-[-0.2rem] rounded px-px py-[0.2rem] transition-colors duration-100 ease-in-out\">Platos vegetarianos sabrosos (por ejemplo, con pimientos o berenjenas asadas)<\/span><\/p>\n<p style=\"text-align: center\" data-start=\"614\" data-end=\"694\"><span class=\"relative -mx-px my-[-0.2rem] rounded px-px py-[0.2rem] transition-colors duration-100 ease-in-out\">Quesos semi\u2011suaves o de pasta blanda<\/span><\/p>\n","protected":false},"excerpt":{"rendered":"<p>750\u202fml Vino tinto italiano de la regi\u00f3n de Lombard\u00eda, espec\u00edficamente bajo la clasificaci\u00f3n IGT Provincia di Pavia, elaborado por Cavit Collection. Se presenta como un Pinot Noir ligero, arom\u00e1tico y fresco, con car\u00e1cter sencillo y agradable, t\u00edpico de un vino de mesa accesible. Pa\u00eds: ItaliaBodega: Cavit CollectionTipo: Vino tinto varietal (Pinot Noir IGT Provincia di [&hellip;]<\/p>\n","protected":false},"featured_media":709,"comment_status":"open","ping_status":"closed","template":"","meta":[],"product_brand":[],"product_cat":[31],"product_tag":[],"class_list":{"0":"post-473","1":"product","2":"type-product","3":"status-publish","4":"has-post-thumbnail","6":"product_cat-vino-tinto","8":"first","9":"instock","10":"shipping-taxable","11":"purchasable","12":"product-type-simple"},"_links":{"self":[{"href":"https:\/\/espirita.store\/index.php?rest_route=\/wp\/v2\/product\/473","targetHints":{"allow":["GET"]}}],"collection":[{"href":"https:\/\/espirita.store\/index.php?rest_route=\/wp\/v2\/product"}],"about":[{"href":"https:\/\/espirita.store\/index.php?rest_route=\/wp\/v2\/types\/product"}],"replies":[{"embeddable":true,"href":"https:\/\/espirita.store\/index.php?rest_route=%2Fwp%2Fv2%2Fcomments&post=473"}],"wp:featuredmedia":[{"embeddable":true,"href":"https:\/\/espirita.store\/index.php?rest_route=\/wp\/v2\/media\/709"}],"wp:attachment":[{"href":"https:\/\/espirita.store\/index.php?rest_route=%2Fwp%2Fv2%2Fmedia&parent=473"}],"wp:term":[{"taxonomy":"product_brand","embeddable":true,"href":"https:\/\/espirita.store\/index.php?rest_route=%2Fwp%2Fv2%2Fproduct_brand&post=473"},{"taxonomy":"product_cat","embeddable":true,"href":"https:\/\/espirita.store\/index.php?rest_route=%2Fwp%2Fv2%2Fproduct_cat&post=473"},{"taxonomy":"product_tag","embeddable":true,"href":"https:\/\/espirita.store\/index.php?rest_route=%2Fwp%2Fv2%2Fproduct_tag&post=473"}],"curies":[{"name":"wp","href":"https:\/\/api.w.org\/{rel}","templated":true}]}}