{"id":471,"date":"2025-07-26T17:21:58","date_gmt":"2025-07-26T16:21:58","guid":{"rendered":"https:\/\/espirita.store\/?post_type=product&#038;p=471"},"modified":"2025-09-05T21:12:05","modified_gmt":"2025-09-05T20:12:05","slug":"blue-nun-delicate-crisp-fruity-rose","status":"publish","type":"product","link":"https:\/\/espirita.store\/?product=blue-nun-delicate-crisp-fruity-rose","title":{"rendered":"Blue Nun Delicate Crisp Fruity Ros\u00e9"},"content":{"rendered":"<p style=\"text-align: center\">750 ml<\/p>\n<p style=\"text-align: center\">Vino rosado alem\u00e1n de estilo ligero, bajo en alcohol y con acidez vibrante, parte de la gama \u201cDelicate\u201d de Blue Nun. Destaca por sus aromas florales y frutales c\u00edtricos, con un equilibrio delicado y dulce residual ligero.<\/p>\n<p style=\"text-align: center\">Pa\u00eds: Alemania<br data-start=\"216\" data-end=\"219\" \/><span class=\"relative -mx-px my-[-0.2rem] rounded px-px py-[0.2rem] transition-colors duration-100 ease-in-out\">Bodega: F.\u202fW.\u202fLangguth Erben (marca Blue Nun)<\/span><\/p>\n<p style=\"text-align: center\">Tipo: Vino rosado (Ros\u00e9 Blend, QbA, estilo \u201cCrisp Fruity\u201d)<\/p>\n<p style=\"text-align: center\">Sabor: Aromas a madreselva y mandarina; en boca ligero, frutal y floral, con sutil dulzor residual y sensaci\u00f3n fresca y crujiente<\/p>\n<p style=\"text-align: center\">Graduaci\u00f3n alcoh\u00f3lica: Aproximadamente 4\u202f% ABV<\/p>\n<p style=\"text-align: center\"><strong data-start=\"536\" data-end=\"550\">Maridajes:<\/strong><\/p>\n<p style=\"text-align: center\" data-start=\"555\" data-end=\"596\"><span class=\"relative -mx-px my-[-0.2rem] rounded px-px py-[0.2rem] transition-colors duration-100 ease-in-out\">Mariscos suaves (ostiones, camarones)<\/span><\/p>\n<p style=\"text-align: center\" data-start=\"599\" data-end=\"640\"><span class=\"relative -mx-px my-[-0.2rem] rounded px-px py-[0.2rem] transition-colors duration-100 ease-in-out\">Pollo a la plancha o ensaladas frescas<\/span><\/p>\n<p style=\"text-align: center\" data-start=\"643\" data-end=\"684\"><span class=\"relative -mx-px my-[-0.2rem] rounded px-px py-[0.2rem] transition-colors duration-100 ease-in-out\">Tapas fr\u00edas, aperitivos ligeros<\/span><\/p>\n<p style=\"text-align: center\" data-start=\"687\" data-end=\"728\"><span class=\"relative -mx-px my-[-0.2rem] rounded px-px py-[0.2rem] transition-colors duration-100 ease-in-out\">Quesos suaves como fetas y de cabra<\/span><\/p>\n<p style=\"text-align: center\" data-start=\"731\" data-end=\"812\"><span class=\"relative -mx-px my-[-0.2rem] rounded px-px py-[0.2rem] transition-colors duration-100 ease-in-out\">Ideal como aperitivo muy fr\u00edo, para disfrutar en d\u00edas c\u00e1lidos y momentos informales<\/span><\/p>\n","protected":false},"excerpt":{"rendered":"<p>750 ml Vino rosado alem\u00e1n de estilo ligero, bajo en alcohol y con acidez vibrante, parte de la gama \u201cDelicate\u201d de Blue Nun. Destaca por sus aromas florales y frutales c\u00edtricos, con un equilibrio delicado y dulce residual ligero. Pa\u00eds: AlemaniaBodega: F.\u202fW.\u202fLangguth Erben (marca Blue Nun) Tipo: Vino rosado (Ros\u00e9 Blend, QbA, estilo \u201cCrisp Fruity\u201d) [&hellip;]<\/p>\n","protected":false},"featured_media":963,"comment_status":"open","ping_status":"closed","template":"","meta":[],"product_brand":[],"product_cat":[44],"product_tag":[],"class_list":{"0":"post-471","1":"product","2":"type-product","3":"status-publish","4":"has-post-thumbnail","6":"product_cat-vino-rosado","8":"first","9":"instock","10":"shipping-taxable","11":"purchasable","12":"product-type-simple"},"_links":{"self":[{"href":"https:\/\/espirita.store\/index.php?rest_route=\/wp\/v2\/product\/471","targetHints":{"allow":["GET"]}}],"collection":[{"href":"https:\/\/espirita.store\/index.php?rest_route=\/wp\/v2\/product"}],"about":[{"href":"https:\/\/espirita.store\/index.php?rest_route=\/wp\/v2\/types\/product"}],"replies":[{"embeddable":true,"href":"https:\/\/espirita.store\/index.php?rest_route=%2Fwp%2Fv2%2Fcomments&post=471"}],"wp:featuredmedia":[{"embeddable":true,"href":"https:\/\/espirita.store\/index.php?rest_route=\/wp\/v2\/media\/963"}],"wp:attachment":[{"href":"https:\/\/espirita.store\/index.php?rest_route=%2Fwp%2Fv2%2Fmedia&parent=471"}],"wp:term":[{"taxonomy":"product_brand","embeddable":true,"href":"https:\/\/espirita.store\/index.php?rest_route=%2Fwp%2Fv2%2Fproduct_brand&post=471"},{"taxonomy":"product_cat","embeddable":true,"href":"https:\/\/espirita.store\/index.php?rest_route=%2Fwp%2Fv2%2Fproduct_cat&post=471"},{"taxonomy":"product_tag","embeddable":true,"href":"https:\/\/espirita.store\/index.php?rest_route=%2Fwp%2Fv2%2Fproduct_tag&post=471"}],"curies":[{"name":"wp","href":"https:\/\/api.w.org\/{rel}","templated":true}]}}