{"id":468,"date":"2025-07-26T17:05:36","date_gmt":"2025-07-26T16:05:36","guid":{"rendered":"https:\/\/espirita.store\/?post_type=product&#038;p=468"},"modified":"2025-08-13T23:04:19","modified_gmt":"2025-08-13T22:04:19","slug":"governors-bay-sauvignon-blanc-2022","status":"publish","type":"product","link":"https:\/\/espirita.store\/?product=governors-bay-sauvignon-blanc-2022","title":{"rendered":"Governors Bay Sauvignon Blanc 2022"},"content":{"rendered":"<p style=\"text-align: center\">750 ml<\/p>\n<p style=\"text-align: center\">Vino blanco varietal de Nueva Zelanda (regi\u00f3n de Marlborough), elaborado por Governors Bay Winery en la isla sur. De cuerpo ligero y acabado seco, ofrece aromas intensos y frescos con perfil frutal tropical.<\/p>\n<p style=\"text-align: center\"><span class=\"relative -mx-px my-[-0.2rem] rounded px-px py-[0.2rem] transition-colors duration-100 ease-in-out\">Pa\u00eds: Nueva Zelanda<\/span><br data-start=\"200\" data-end=\"203\" \/><span class=\"relative -mx-px my-[-0.2rem] rounded px-px py-[0.2rem] transition-colors duration-100 ease-in-out\">Bodega: Governors Bay Winery<\/span><br data-start=\"240\" data-end=\"243\" \/><span class=\"relative -mx-px my-[-0.2rem] rounded px-px py-[0.2rem] transition-colors duration-100 ease-in-out\">Tipo: Vino blanco varietal (Sauvignon Blanc, a\u00f1ada 2022)<\/span><br data-start=\"280\" data-end=\"283\" \/><span class=\"relative -mx-px my-[-0.2rem] rounded px-px py-[0.2rem] transition-colors duration-100 ease-in-out\">Sabor: Grosella espinosa (gooseberry), maracuy\u00e1, pomelo, mel\u00f3n maduro y un toque c\u00edtrico mineral; bien equilibrado, limpio y fresco<\/span><\/p>\n<p style=\"text-align: center\">Graduaci\u00f3n alcoh\u00f3lica: Aproximadamente 12.5\u202f% ABV<\/p>\n<p style=\"text-align: center\"><strong data-start=\"440\" data-end=\"454\">Maridajes:<\/strong><\/p>\n<p style=\"text-align: center\" data-start=\"459\" data-end=\"500\"><span class=\"relative -mx-px my-[-0.2rem] rounded px-px py-[0.2rem] transition-colors duration-100 ease-in-out\">Pescados blancos (lubina, dorada) y mariscos ligeros<\/span><\/p>\n<p style=\"text-align: center\" data-start=\"503\" data-end=\"544\"><span class=\"relative -mx-px my-[-0.2rem] rounded px-px py-[0.2rem] transition-colors duration-100 ease-in-out\">Sushi y ceviche<\/span><\/p>\n<p style=\"text-align: center\" data-start=\"547\" data-end=\"588\"><span class=\"relative -mx-px my-[-0.2rem] rounded px-px py-[0.2rem] transition-colors duration-100 ease-in-out\">Ensaladas frescas (especialmente con queso de cabra tipo ch\u00e8vre)<\/span><\/p>\n<p style=\"text-align: center\" data-start=\"591\" data-end=\"632\"><span class=\"relative -mx-px my-[-0.2rem] rounded px-px py-[0.2rem] transition-colors duration-100 ease-in-out\">Pastas con salsas ligeras o de vegetales<\/span><\/p>\n<p style=\"text-align: center\" data-start=\"635\" data-end=\"758\"><span class=\"relative -mx-px my-[-0.2rem] rounded px-px py-[0.2rem] transition-colors duration-100 ease-in-out\">Quesos suaves como feta o quesos de cabra<\/span><br data-start=\"674\" data-end=\"677\" \/><span class=\"relative -mx-px my-[-0.2rem] rounded px-px py-[0.2rem] transition-colors duration-100 ease-in-out\">Recomendado como aperitivo bien fr\u00edo o para acompa\u00f1ar platos frescos de mar o ensaladas<\/span><\/p>\n","protected":false},"excerpt":{"rendered":"<p>750 ml Vino blanco varietal de Nueva Zelanda (regi\u00f3n de Marlborough), elaborado por Governors Bay Winery en la isla sur. De cuerpo ligero y acabado seco, ofrece aromas intensos y frescos con perfil frutal tropical. Pa\u00eds: Nueva ZelandaBodega: Governors Bay WineryTipo: Vino blanco varietal (Sauvignon Blanc, a\u00f1ada 2022)Sabor: Grosella espinosa (gooseberry), maracuy\u00e1, pomelo, mel\u00f3n maduro [&hellip;]<\/p>\n","protected":false},"featured_media":714,"comment_status":"open","ping_status":"closed","template":"","meta":[],"product_brand":[],"product_cat":[30],"product_tag":[],"class_list":{"0":"post-468","1":"product","2":"type-product","3":"status-publish","4":"has-post-thumbnail","6":"product_cat-vino-blanco","8":"first","9":"instock","10":"shipping-taxable","11":"purchasable","12":"product-type-simple"},"_links":{"self":[{"href":"https:\/\/espirita.store\/index.php?rest_route=\/wp\/v2\/product\/468","targetHints":{"allow":["GET"]}}],"collection":[{"href":"https:\/\/espirita.store\/index.php?rest_route=\/wp\/v2\/product"}],"about":[{"href":"https:\/\/espirita.store\/index.php?rest_route=\/wp\/v2\/types\/product"}],"replies":[{"embeddable":true,"href":"https:\/\/espirita.store\/index.php?rest_route=%2Fwp%2Fv2%2Fcomments&post=468"}],"wp:featuredmedia":[{"embeddable":true,"href":"https:\/\/espirita.store\/index.php?rest_route=\/wp\/v2\/media\/714"}],"wp:attachment":[{"href":"https:\/\/espirita.store\/index.php?rest_route=%2Fwp%2Fv2%2Fmedia&parent=468"}],"wp:term":[{"taxonomy":"product_brand","embeddable":true,"href":"https:\/\/espirita.store\/index.php?rest_route=%2Fwp%2Fv2%2Fproduct_brand&post=468"},{"taxonomy":"product_cat","embeddable":true,"href":"https:\/\/espirita.store\/index.php?rest_route=%2Fwp%2Fv2%2Fproduct_cat&post=468"},{"taxonomy":"product_tag","embeddable":true,"href":"https:\/\/espirita.store\/index.php?rest_route=%2Fwp%2Fv2%2Fproduct_tag&post=468"}],"curies":[{"name":"wp","href":"https:\/\/api.w.org\/{rel}","templated":true}]}}