{"id":466,"date":"2025-07-26T16:47:25","date_gmt":"2025-07-26T15:47:25","guid":{"rendered":"https:\/\/espirita.store\/?post_type=product&#038;p=466"},"modified":"2025-09-05T21:14:43","modified_gmt":"2025-09-05T20:14:43","slug":"blue-nun-24k-gold-edition","status":"publish","type":"product","link":"https:\/\/espirita.store\/?product=blue-nun-24k-gold-edition","title":{"rendered":"Blue Nun 24K Gold Edition"},"content":{"rendered":"<p style=\"text-align: center\">750\u202fml<\/p>\n<p style=\"text-align: center\">Vino espumoso alem\u00e1n de la marca Blue Nun, elaborado por F. W. Langguth Erben. Contiene aut\u00e9nticas l\u00e1minas de oro de 24 quilates y muestra una burbuja fina con un perfil liviano, elegante y ligeramente dulce.<\/p>\n<p style=\"text-align: center\">Pa\u00eds: Alemania<br data-start=\"139\" data-end=\"142\" \/><span class=\"relative -mx-px my-[-0.2rem] rounded px-px py-[0.2rem] transition-colors duration-100 ease-in-out\">Bodega: F. W. Langguth Erben \/ Blue Nun<\/span><br data-start=\"179\" data-end=\"182\" \/><span class=\"relative -mx-px my-[-0.2rem] rounded px-px py-[0.2rem] transition-colors duration-100 ease-in-out\">Tipo: Vino espumoso aromatizado con hojas de oro (Sparkling Wine Edition 24\u202fK)<\/span><br data-start=\"219\" data-end=\"222\" \/><span class=\"relative -mx-px my-[-0.2rem] rounded px-px py-[0.2rem] transition-colors duration-100 ease-in-out\">Sabor: Fruta fresca como manzana y pera, notas c\u00edtricas especiadas, almendra, caramelo; dulce\u2011seco, floral y afrutado<\/span><\/p>\n<p style=\"text-align: center\">Graduaci\u00f3n alcoh\u00f3lica: 11\u202f% ABV<\/p>\n<p style=\"text-align: center\"><strong data-start=\"379\" data-end=\"393\">Maridajes:<\/strong><br data-start=\"393\" data-end=\"396\" \/><span class=\"relative -mx-px my-[-0.2rem] rounded px-px py-[0.2rem] transition-colors duration-100 ease-in-out\">\u2013 Aperitivos ligeros (canap\u00e9s, tapas fr\u00edas)<\/span><br data-start=\"433\" data-end=\"436\" \/><span class=\"relative -mx-px my-[-0.2rem] rounded px-px py-[0.2rem] transition-colors duration-100 ease-in-out\">\u2013 Pescados blancos suaves y mariscos delicados<\/span><br data-start=\"473\" data-end=\"476\" \/><span class=\"relative -mx-px my-[-0.2rem] rounded px-px py-[0.2rem] transition-colors duration-100 ease-in-out\">\u2013 Carnes blancas y aves tiernas<\/span><br data-start=\"515\" data-end=\"518\" \/><span class=\"relative -mx-px my-[-0.2rem] rounded px-px py-[0.2rem] transition-colors duration-100 ease-in-out\">\u2013 Postres frutales o dulces ligeros, ideal para celebraciones o brindis divertidos<\/span><\/p>\n","protected":false},"excerpt":{"rendered":"<p>750\u202fml Vino espumoso alem\u00e1n de la marca Blue Nun, elaborado por F. W. Langguth Erben. Contiene aut\u00e9nticas l\u00e1minas de oro de 24 quilates y muestra una burbuja fina con un perfil liviano, elegante y ligeramente dulce. Pa\u00eds: AlemaniaBodega: F. W. Langguth Erben \/ Blue NunTipo: Vino espumoso aromatizado con hojas de oro (Sparkling Wine Edition [&hellip;]<\/p>\n","protected":false},"featured_media":964,"comment_status":"open","ping_status":"closed","template":"","meta":[],"product_brand":[],"product_cat":[32],"product_tag":[],"class_list":{"0":"post-466","1":"product","2":"type-product","3":"status-publish","4":"has-post-thumbnail","6":"product_cat-espumoso","8":"first","9":"instock","10":"shipping-taxable","11":"purchasable","12":"product-type-simple"},"_links":{"self":[{"href":"https:\/\/espirita.store\/index.php?rest_route=\/wp\/v2\/product\/466","targetHints":{"allow":["GET"]}}],"collection":[{"href":"https:\/\/espirita.store\/index.php?rest_route=\/wp\/v2\/product"}],"about":[{"href":"https:\/\/espirita.store\/index.php?rest_route=\/wp\/v2\/types\/product"}],"replies":[{"embeddable":true,"href":"https:\/\/espirita.store\/index.php?rest_route=%2Fwp%2Fv2%2Fcomments&post=466"}],"wp:featuredmedia":[{"embeddable":true,"href":"https:\/\/espirita.store\/index.php?rest_route=\/wp\/v2\/media\/964"}],"wp:attachment":[{"href":"https:\/\/espirita.store\/index.php?rest_route=%2Fwp%2Fv2%2Fmedia&parent=466"}],"wp:term":[{"taxonomy":"product_brand","embeddable":true,"href":"https:\/\/espirita.store\/index.php?rest_route=%2Fwp%2Fv2%2Fproduct_brand&post=466"},{"taxonomy":"product_cat","embeddable":true,"href":"https:\/\/espirita.store\/index.php?rest_route=%2Fwp%2Fv2%2Fproduct_cat&post=466"},{"taxonomy":"product_tag","embeddable":true,"href":"https:\/\/espirita.store\/index.php?rest_route=%2Fwp%2Fv2%2Fproduct_tag&post=466"}],"curies":[{"name":"wp","href":"https:\/\/api.w.org\/{rel}","templated":true}]}}