{"id":465,"date":"2025-07-26T16:45:08","date_gmt":"2025-07-26T15:45:08","guid":{"rendered":"https:\/\/espirita.store\/?post_type=product&#038;p=465"},"modified":"2025-08-13T23:06:27","modified_gmt":"2025-08-13T22:06:27","slug":"domaine-de-la-presidente-cairanne-blanc","status":"publish","type":"product","link":"https:\/\/espirita.store\/?product=domaine-de-la-presidente-cairanne-blanc","title":{"rendered":"Domaine de la Pr\u00e9sidente Cairanne Blanc"},"content":{"rendered":"<p style=\"text-align: center\">750 ml<\/p>\n<p style=\"text-align: center\">Vino blanco franc\u00e9s de la denominaci\u00f3n Cairanne (Valle del R\u00f3dano meridional), elaborado por Domaine de la Pr\u00e9sidente. Es una mezcla cl\u00e1sica que combina Garnacha blanca, Roussanne y Viognier, con una expresi\u00f3n arom\u00e1tica floral y frutal, equilibrada por una frescura mineral. En boca es pleno, suave y bien estructurado, ideal para disfrutar joven.<\/p>\n<p style=\"text-align: center\">Pa\u00eds: Francia<br data-start=\"204\" data-end=\"207\" \/><span class=\"relative -mx-px my-[-0.2rem] rounded px-px py-[0.2rem] transition-colors duration-100 ease-in-out\">Bodega: Domaine de la Pr\u00e9sidente<\/span><br data-start=\"244\" data-end=\"247\" \/><span class=\"relative -mx-px my-[-0.2rem] rounded px-px py-[0.2rem] transition-colors duration-100 ease-in-out\">Tipo: Vino blanco (AOP Cairanne)<\/span><br data-start=\"284\" data-end=\"287\" \/><span class=\"relative -mx-px my-[-0.2rem] rounded px-px py-[0.2rem] transition-colors duration-100 ease-in-out\">Sabor: Manzana, pera, melocot\u00f3n, flores blancas, c\u00edtricos, notas salinas y especia (tabaco ligero)<\/span><\/p>\n<p style=\"text-align: center\">Graduaci\u00f3n alcoh\u00f3lica: Aproximadamente 13\u202f%\u202f\u2013\u202f14\u202f% ABV<\/p>\n<p style=\"text-align: center\" data-start=\"463\" data-end=\"502\"><span class=\"relative -mx-px my-[-0.2rem] rounded px-px py-[0.2rem] transition-colors duration-100 ease-in-out\">Pescados grasos (como salm\u00f3n, at\u00fan), mariscos y crust\u00e1ceos<\/span><\/p>\n<p style=\"text-align: center\" data-start=\"505\" data-end=\"546\"><span class=\"relative -mx-px my-[-0.2rem] rounded px-px py-[0.2rem] transition-colors duration-100 ease-in-out\">Aves blancas como pollo o pavo, risottos cremosos<\/span><\/p>\n<p style=\"text-align: center\" data-start=\"549\" data-end=\"630\"><span class=\"relative -mx-px my-[-0.2rem] rounded px-px py-[0.2rem] transition-colors duration-100 ease-in-out\">Quesos maduros y de pasta semi\u2011dura, carnes blancas especiadas o terrosas<\/span><\/p>\n","protected":false},"excerpt":{"rendered":"<p>750 ml Vino blanco franc\u00e9s de la denominaci\u00f3n Cairanne (Valle del R\u00f3dano meridional), elaborado por Domaine de la Pr\u00e9sidente. Es una mezcla cl\u00e1sica que combina Garnacha blanca, Roussanne y Viognier, con una expresi\u00f3n arom\u00e1tica floral y frutal, equilibrada por una frescura mineral. En boca es pleno, suave y bien estructurado, ideal para disfrutar joven. Pa\u00eds: [&hellip;]<\/p>\n","protected":false},"featured_media":717,"comment_status":"open","ping_status":"closed","template":"","meta":[],"product_brand":[],"product_cat":[30],"product_tag":[],"class_list":{"0":"post-465","1":"product","2":"type-product","3":"status-publish","4":"has-post-thumbnail","6":"product_cat-vino-blanco","8":"first","9":"instock","10":"shipping-taxable","11":"purchasable","12":"product-type-simple"},"_links":{"self":[{"href":"https:\/\/espirita.store\/index.php?rest_route=\/wp\/v2\/product\/465","targetHints":{"allow":["GET"]}}],"collection":[{"href":"https:\/\/espirita.store\/index.php?rest_route=\/wp\/v2\/product"}],"about":[{"href":"https:\/\/espirita.store\/index.php?rest_route=\/wp\/v2\/types\/product"}],"replies":[{"embeddable":true,"href":"https:\/\/espirita.store\/index.php?rest_route=%2Fwp%2Fv2%2Fcomments&post=465"}],"wp:featuredmedia":[{"embeddable":true,"href":"https:\/\/espirita.store\/index.php?rest_route=\/wp\/v2\/media\/717"}],"wp:attachment":[{"href":"https:\/\/espirita.store\/index.php?rest_route=%2Fwp%2Fv2%2Fmedia&parent=465"}],"wp:term":[{"taxonomy":"product_brand","embeddable":true,"href":"https:\/\/espirita.store\/index.php?rest_route=%2Fwp%2Fv2%2Fproduct_brand&post=465"},{"taxonomy":"product_cat","embeddable":true,"href":"https:\/\/espirita.store\/index.php?rest_route=%2Fwp%2Fv2%2Fproduct_cat&post=465"},{"taxonomy":"product_tag","embeddable":true,"href":"https:\/\/espirita.store\/index.php?rest_route=%2Fwp%2Fv2%2Fproduct_tag&post=465"}],"curies":[{"name":"wp","href":"https:\/\/api.w.org\/{rel}","templated":true}]}}