{"id":439,"date":"2025-07-21T21:51:52","date_gmt":"2025-07-21T20:51:52","guid":{"rendered":"https:\/\/espirita.store\/?post_type=product&#038;p=439"},"modified":"2025-09-05T21:20:12","modified_gmt":"2025-09-05T20:20:12","slug":"bartenura-moscato-dasti-2021-2","status":"publish","type":"product","link":"https:\/\/espirita.store\/?product=bartenura-moscato-dasti-2021-2","title":{"rendered":"Bartenura Moscato d\u2019Asti 2021"},"content":{"rendered":"<p style=\"text-align: center\">750\u202fml<\/p>\n<p style=\"text-align: center\" data-start=\"307\" data-end=\"540\">Vino espumoso dulce elaborado con uvas Moscato de la regi\u00f3n de Asti, Italia. De burbuja ligera, sabor frutal y bajo en alcohol. Muy popular por su perfil fresco, floral y f\u00e1cil de tomar. Tambi\u00e9n es kosher.<\/p>\n<p style=\"text-align: center\" data-start=\"542\" data-end=\"817\"><br data-start=\"567\" data-end=\"570\" \/><strong data-start=\"570\" data-end=\"579\">Pa\u00eds:<\/strong> Italia<br data-start=\"586\" data-end=\"589\" \/><strong data-start=\"589\" data-end=\"600\">Regi\u00f3n:<\/strong> Asti (Piamonte)<br data-start=\"616\" data-end=\"619\" \/><strong data-start=\"619\" data-end=\"630\">Bodega:<\/strong> Bartenura<br data-start=\"640\" data-end=\"643\" \/><strong data-start=\"643\" data-end=\"652\">Tipo:<\/strong> Moscato d\u2019Asti (vino espumoso blanco dulce)<br data-start=\"696\" data-end=\"699\" \/><strong data-start=\"699\" data-end=\"709\">Sabor:<\/strong> Durazno, miel, flor de naranja, pera y un toque c\u00edtrico<br data-start=\"765\" data-end=\"768\" \/><strong data-start=\"768\" data-end=\"776\">A\u00f1o:<\/strong> 2021<br data-start=\"781\" data-end=\"784\" \/><strong data-start=\"784\" data-end=\"810\">Graduaci\u00f3n alcoh\u00f3lica:<\/strong> 5% ABV<\/p>\n<p style=\"text-align: center\" data-start=\"542\" data-end=\"817\"><strong data-start=\"819\" data-end=\"833\">Maridajes:<\/strong><br data-start=\"833\" data-end=\"836\" \/>Postres, frutas frescas, quesos suaves, brunch o como vino de bienvenida.<\/p>\n","protected":false},"excerpt":{"rendered":"<p>750\u202fml Vino espumoso dulce elaborado con uvas Moscato de la regi\u00f3n de Asti, Italia. De burbuja ligera, sabor frutal y bajo en alcohol. Muy popular por su perfil fresco, floral y f\u00e1cil de tomar. Tambi\u00e9n es kosher. Pa\u00eds: ItaliaRegi\u00f3n: Asti (Piamonte)Bodega: BartenuraTipo: Moscato d\u2019Asti (vino espumoso blanco dulce)Sabor: Durazno, miel, flor de naranja, pera y [&hellip;]<\/p>\n","protected":false},"featured_media":967,"comment_status":"open","ping_status":"closed","template":"","meta":[],"product_brand":[],"product_cat":[30],"product_tag":[],"class_list":{"0":"post-439","1":"product","2":"type-product","3":"status-publish","4":"has-post-thumbnail","6":"product_cat-vino-blanco","8":"first","9":"instock","10":"shipping-taxable","11":"purchasable","12":"product-type-simple"},"_links":{"self":[{"href":"https:\/\/espirita.store\/index.php?rest_route=\/wp\/v2\/product\/439","targetHints":{"allow":["GET"]}}],"collection":[{"href":"https:\/\/espirita.store\/index.php?rest_route=\/wp\/v2\/product"}],"about":[{"href":"https:\/\/espirita.store\/index.php?rest_route=\/wp\/v2\/types\/product"}],"replies":[{"embeddable":true,"href":"https:\/\/espirita.store\/index.php?rest_route=%2Fwp%2Fv2%2Fcomments&post=439"}],"wp:featuredmedia":[{"embeddable":true,"href":"https:\/\/espirita.store\/index.php?rest_route=\/wp\/v2\/media\/967"}],"wp:attachment":[{"href":"https:\/\/espirita.store\/index.php?rest_route=%2Fwp%2Fv2%2Fmedia&parent=439"}],"wp:term":[{"taxonomy":"product_brand","embeddable":true,"href":"https:\/\/espirita.store\/index.php?rest_route=%2Fwp%2Fv2%2Fproduct_brand&post=439"},{"taxonomy":"product_cat","embeddable":true,"href":"https:\/\/espirita.store\/index.php?rest_route=%2Fwp%2Fv2%2Fproduct_cat&post=439"},{"taxonomy":"product_tag","embeddable":true,"href":"https:\/\/espirita.store\/index.php?rest_route=%2Fwp%2Fv2%2Fproduct_tag&post=439"}],"curies":[{"name":"wp","href":"https:\/\/api.w.org\/{rel}","templated":true}]}}