{"id":437,"date":"2025-07-21T21:38:32","date_gmt":"2025-07-21T20:38:32","guid":{"rendered":"https:\/\/espirita.store\/?post_type=product&#038;p=437"},"modified":"2025-08-13T23:21:17","modified_gmt":"2025-08-13T22:21:17","slug":"kim-crawford-rose","status":"publish","type":"product","link":"https:\/\/espirita.store\/?product=kim-crawford-rose","title":{"rendered":"Kim Crawford\u00ae Ros\u00e9"},"content":{"rendered":"<p style=\"text-align: center\">750\u202fml<\/p>\n<p style=\"text-align: center\" data-start=\"270\" data-end=\"503\">Vino rosado fresco y elegante de Nueva Zelanda, elaborado principalmente con uvas Merlot. De perfil afrutado, seco y refrescante, es ideal para disfrutar fr\u00edo en d\u00edas c\u00e1lidos o acompa\u00f1ar platillos ligeros.<\/p>\n<p style=\"text-align: center\" data-start=\"505\" data-end=\"811\"><br data-start=\"530\" data-end=\"533\" \/><strong data-start=\"533\" data-end=\"542\">Pa\u00eds:<\/strong> Nueva Zelanda<br data-start=\"556\" data-end=\"559\" \/><strong data-start=\"559\" data-end=\"570\">Regi\u00f3n:<\/strong> Hawke\u2019s Bay<br data-start=\"582\" data-end=\"585\" \/><strong data-start=\"585\" data-end=\"596\">Bodega:<\/strong> Kim Crawford<br data-start=\"609\" data-end=\"612\" \/><strong data-start=\"612\" data-end=\"621\">Tipo:<\/strong> Vino rosado seco<br data-start=\"638\" data-end=\"641\" \/><strong data-start=\"641\" data-end=\"651\">Sabor:<\/strong> Frutilla, sand\u00eda, cereza, toques florales y final seco y suave<br data-start=\"756\" data-end=\"759\" \/><strong data-start=\"759\" data-end=\"785\">Graduaci\u00f3n alcoh\u00f3lica:<\/strong> 13% ABV (aproximadamente)<\/p>\n<p style=\"text-align: center\" data-start=\"505\" data-end=\"811\"><strong data-start=\"813\" data-end=\"827\">Maridajes:<\/strong><br data-start=\"827\" data-end=\"830\" \/>Ensaladas, mariscos, platos con salm\u00f3n, comida asi\u00e1tica, frutas frescas o como aperitivo.<\/p>\n","protected":false},"excerpt":{"rendered":"<p>750\u202fml Vino rosado fresco y elegante de Nueva Zelanda, elaborado principalmente con uvas Merlot. De perfil afrutado, seco y refrescante, es ideal para disfrutar fr\u00edo en d\u00edas c\u00e1lidos o acompa\u00f1ar platillos ligeros. Pa\u00eds: Nueva ZelandaRegi\u00f3n: Hawke\u2019s BayBodega: Kim CrawfordTipo: Vino rosado secoSabor: Frutilla, sand\u00eda, cereza, toques florales y final seco y suaveGraduaci\u00f3n alcoh\u00f3lica: 13% ABV [&hellip;]<\/p>\n","protected":false},"featured_media":721,"comment_status":"open","ping_status":"closed","template":"","meta":[],"product_brand":[],"product_cat":[44],"product_tag":[],"class_list":{"0":"post-437","1":"product","2":"type-product","3":"status-publish","4":"has-post-thumbnail","6":"product_cat-vino-rosado","8":"first","9":"instock","10":"shipping-taxable","11":"purchasable","12":"product-type-simple"},"_links":{"self":[{"href":"https:\/\/espirita.store\/index.php?rest_route=\/wp\/v2\/product\/437","targetHints":{"allow":["GET"]}}],"collection":[{"href":"https:\/\/espirita.store\/index.php?rest_route=\/wp\/v2\/product"}],"about":[{"href":"https:\/\/espirita.store\/index.php?rest_route=\/wp\/v2\/types\/product"}],"replies":[{"embeddable":true,"href":"https:\/\/espirita.store\/index.php?rest_route=%2Fwp%2Fv2%2Fcomments&post=437"}],"wp:featuredmedia":[{"embeddable":true,"href":"https:\/\/espirita.store\/index.php?rest_route=\/wp\/v2\/media\/721"}],"wp:attachment":[{"href":"https:\/\/espirita.store\/index.php?rest_route=%2Fwp%2Fv2%2Fmedia&parent=437"}],"wp:term":[{"taxonomy":"product_brand","embeddable":true,"href":"https:\/\/espirita.store\/index.php?rest_route=%2Fwp%2Fv2%2Fproduct_brand&post=437"},{"taxonomy":"product_cat","embeddable":true,"href":"https:\/\/espirita.store\/index.php?rest_route=%2Fwp%2Fv2%2Fproduct_cat&post=437"},{"taxonomy":"product_tag","embeddable":true,"href":"https:\/\/espirita.store\/index.php?rest_route=%2Fwp%2Fv2%2Fproduct_tag&post=437"}],"curies":[{"name":"wp","href":"https:\/\/api.w.org\/{rel}","templated":true}]}}