{"id":434,"date":"2025-07-21T21:09:39","date_gmt":"2025-07-21T20:09:39","guid":{"rendered":"https:\/\/espirita.store\/?post_type=product&#038;p=434"},"modified":"2025-08-29T21:29:16","modified_gmt":"2025-08-29T20:29:16","slug":"starborough-sauvignon-blanc","status":"publish","type":"product","link":"https:\/\/espirita.store\/?product=starborough-sauvignon-blanc","title":{"rendered":"Starborough\u00ae Sauvignon Blanc"},"content":{"rendered":"<p style=\"text-align: center\">750\u202fml<\/p>\n<p style=\"text-align: center\" data-start=\"388\" data-end=\"603\">Vino blanco seco originario de Marlborough, Nueva Zelanda. Muy fresco y frutal, con aromas vibrantes y acidez equilibrada. Ideal para quienes disfrutan vinos blancos vivos y refrescantes.<\/p>\n<p style=\"text-align: center\" data-start=\"605\" data-end=\"917\"><br data-start=\"630\" data-end=\"633\" \/><strong data-start=\"633\" data-end=\"642\">Pa\u00eds:<\/strong> Nueva Zelanda<br data-start=\"656\" data-end=\"659\" \/><strong data-start=\"659\" data-end=\"670\">Regi\u00f3n:<\/strong> Marlborough<br data-start=\"682\" data-end=\"685\" \/><strong data-start=\"685\" data-end=\"696\">Bodega:<\/strong> Starborough<br data-start=\"708\" data-end=\"711\" \/><strong data-start=\"711\" data-end=\"720\">Tipo:<\/strong> Vino blanco Sauvignon Blanc<br data-start=\"748\" data-end=\"751\" \/><strong data-start=\"751\" data-end=\"761\">Sabor:<\/strong> Toronja, lima, maracuy\u00e1, manzana verde y notas herbales<br data-start=\"862\" data-end=\"865\" data-is-only-node=\"\" \/><strong data-start=\"865\" data-end=\"891\">Graduaci\u00f3n alcoh\u00f3lica:<\/strong> 13% ABV (aproximadamente)<\/p>\n<p style=\"text-align: center\" data-start=\"605\" data-end=\"917\"><strong data-start=\"919\" data-end=\"933\">Maridajes:<\/strong><br data-start=\"933\" data-end=\"936\" \/>Sushi, pescados, ensaladas c\u00edtricas, mariscos y quesos frescos.<\/p>\n","protected":false},"excerpt":{"rendered":"<p>750\u202fml Vino blanco seco originario de Marlborough, Nueva Zelanda. Muy fresco y frutal, con aromas vibrantes y acidez equilibrada. Ideal para quienes disfrutan vinos blancos vivos y refrescantes. Pa\u00eds: Nueva ZelandaRegi\u00f3n: MarlboroughBodega: StarboroughTipo: Vino blanco Sauvignon BlancSabor: Toronja, lima, maracuy\u00e1, manzana verde y notas herbalesGraduaci\u00f3n alcoh\u00f3lica: 13% ABV (aproximadamente) Maridajes:Sushi, pescados, ensaladas c\u00edtricas, mariscos y [&hellip;]<\/p>\n","protected":false},"featured_media":722,"comment_status":"open","ping_status":"closed","template":"","meta":[],"product_brand":[],"product_cat":[30],"product_tag":[],"class_list":{"0":"post-434","1":"product","2":"type-product","3":"status-publish","4":"has-post-thumbnail","6":"product_cat-vino-blanco","8":"first","9":"instock","10":"shipping-taxable","11":"purchasable","12":"product-type-simple"},"_links":{"self":[{"href":"https:\/\/espirita.store\/index.php?rest_route=\/wp\/v2\/product\/434","targetHints":{"allow":["GET"]}}],"collection":[{"href":"https:\/\/espirita.store\/index.php?rest_route=\/wp\/v2\/product"}],"about":[{"href":"https:\/\/espirita.store\/index.php?rest_route=\/wp\/v2\/types\/product"}],"replies":[{"embeddable":true,"href":"https:\/\/espirita.store\/index.php?rest_route=%2Fwp%2Fv2%2Fcomments&post=434"}],"wp:featuredmedia":[{"embeddable":true,"href":"https:\/\/espirita.store\/index.php?rest_route=\/wp\/v2\/media\/722"}],"wp:attachment":[{"href":"https:\/\/espirita.store\/index.php?rest_route=%2Fwp%2Fv2%2Fmedia&parent=434"}],"wp:term":[{"taxonomy":"product_brand","embeddable":true,"href":"https:\/\/espirita.store\/index.php?rest_route=%2Fwp%2Fv2%2Fproduct_brand&post=434"},{"taxonomy":"product_cat","embeddable":true,"href":"https:\/\/espirita.store\/index.php?rest_route=%2Fwp%2Fv2%2Fproduct_cat&post=434"},{"taxonomy":"product_tag","embeddable":true,"href":"https:\/\/espirita.store\/index.php?rest_route=%2Fwp%2Fv2%2Fproduct_tag&post=434"}],"curies":[{"name":"wp","href":"https:\/\/api.w.org\/{rel}","templated":true}]}}