{"id":431,"date":"2025-07-19T22:18:27","date_gmt":"2025-07-19T21:18:27","guid":{"rendered":"https:\/\/espirita.store\/?post_type=product&#038;p=431"},"modified":"2025-08-13T23:25:52","modified_gmt":"2025-08-13T22:25:52","slug":"montes-classic-cabernet-sauvignon-2023","status":"publish","type":"product","link":"https:\/\/espirita.store\/?product=montes-classic-cabernet-sauvignon-2023","title":{"rendered":"Montes Classic Cabernet Sauvignon 2023"},"content":{"rendered":"<p style=\"text-align: center\" data-start=\"335\" data-end=\"568\">Vino tinto chileno de la regi\u00f3n de Colchagua, elaborado con uvas Cabernet Sauvignon. Presenta un perfil frutal y elegante, con taninos suaves y buena estructura, ideal para acompa\u00f1ar carnes rojas y quesos.<\/p>\n<p style=\"text-align: center\" data-start=\"570\" data-end=\"828\"><br data-start=\"595\" data-end=\"598\" \/><strong data-start=\"598\" data-end=\"607\">Pa\u00eds:<\/strong> Chile<br data-start=\"613\" data-end=\"616\" \/><strong data-start=\"616\" data-end=\"627\">Bodega:<\/strong> Montes<br data-start=\"634\" data-end=\"637\" \/><strong data-start=\"637\" data-end=\"646\">Tipo:<\/strong> Vino tinto Cabernet Sauvignon<br data-start=\"676\" data-end=\"679\" \/><strong data-start=\"679\" data-end=\"689\">Sabor:<\/strong> Frutos rojos maduros, notas de ciruela, chocolate y especias suaves<br data-start=\"757\" data-end=\"760\" \/><strong data-start=\"760\" data-end=\"768\">A\u00f1o:<\/strong> 2023<br data-start=\"773\" data-end=\"776\" \/><strong data-start=\"776\" data-end=\"802\">Graduaci\u00f3n alcoh\u00f3lica:<\/strong> Aproximadamente 13.5% ABV<\/p>\n<p style=\"text-align: center\" data-start=\"570\" data-end=\"828\"><strong data-start=\"830\" data-end=\"844\">Maridajes:<\/strong><br data-start=\"844\" data-end=\"847\" \/>Carnes rojas a la parrilla, quesos curados, pastas con salsas intensas.<\/p>\n","protected":false},"excerpt":{"rendered":"<p>Vino tinto chileno de la regi\u00f3n de Colchagua, elaborado con uvas Cabernet Sauvignon. Presenta un perfil frutal y elegante, con taninos suaves y buena estructura, ideal para acompa\u00f1ar carnes rojas y quesos. Pa\u00eds: ChileBodega: MontesTipo: Vino tinto Cabernet SauvignonSabor: Frutos rojos maduros, notas de ciruela, chocolate y especias suavesA\u00f1o: 2023Graduaci\u00f3n alcoh\u00f3lica: Aproximadamente 13.5% ABV Maridajes:Carnes [&hellip;]<\/p>\n","protected":false},"featured_media":723,"comment_status":"open","ping_status":"closed","template":"","meta":[],"product_brand":[],"product_cat":[31],"product_tag":[],"class_list":{"0":"post-431","1":"product","2":"type-product","3":"status-publish","4":"has-post-thumbnail","6":"product_cat-vino-tinto","8":"first","9":"instock","10":"shipping-taxable","11":"purchasable","12":"product-type-simple"},"_links":{"self":[{"href":"https:\/\/espirita.store\/index.php?rest_route=\/wp\/v2\/product\/431","targetHints":{"allow":["GET"]}}],"collection":[{"href":"https:\/\/espirita.store\/index.php?rest_route=\/wp\/v2\/product"}],"about":[{"href":"https:\/\/espirita.store\/index.php?rest_route=\/wp\/v2\/types\/product"}],"replies":[{"embeddable":true,"href":"https:\/\/espirita.store\/index.php?rest_route=%2Fwp%2Fv2%2Fcomments&post=431"}],"wp:featuredmedia":[{"embeddable":true,"href":"https:\/\/espirita.store\/index.php?rest_route=\/wp\/v2\/media\/723"}],"wp:attachment":[{"href":"https:\/\/espirita.store\/index.php?rest_route=%2Fwp%2Fv2%2Fmedia&parent=431"}],"wp:term":[{"taxonomy":"product_brand","embeddable":true,"href":"https:\/\/espirita.store\/index.php?rest_route=%2Fwp%2Fv2%2Fproduct_brand&post=431"},{"taxonomy":"product_cat","embeddable":true,"href":"https:\/\/espirita.store\/index.php?rest_route=%2Fwp%2Fv2%2Fproduct_cat&post=431"},{"taxonomy":"product_tag","embeddable":true,"href":"https:\/\/espirita.store\/index.php?rest_route=%2Fwp%2Fv2%2Fproduct_tag&post=431"}],"curies":[{"name":"wp","href":"https:\/\/api.w.org\/{rel}","templated":true}]}}