{"id":430,"date":"2025-07-19T22:13:08","date_gmt":"2025-07-19T21:13:08","guid":{"rendered":"https:\/\/espirita.store\/?post_type=product&#038;p=430"},"modified":"2025-08-29T21:38:50","modified_gmt":"2025-08-29T20:38:50","slug":"tequila-herradura-reposado","status":"publish","type":"product","link":"https:\/\/espirita.store\/?product=tequila-herradura-reposado","title":{"rendered":"Tequila Herradura\u00ae Reposado"},"content":{"rendered":"<p style=\"text-align: center\" data-start=\"251\" data-end=\"461\">750 ml<\/p>\n<p style=\"text-align: center\" data-start=\"251\" data-end=\"461\">Tequila 100% agave azul, reposado por 11 meses en barricas de roble americano, lo que le otorga un sabor profundo y balanceado entre agave y madera, con notas de caramelo y vainilla.<\/p>\n<p style=\"text-align: center\" data-start=\"463\" data-end=\"713\"><br data-start=\"488\" data-end=\"491\" \/><strong data-start=\"491\" data-end=\"500\">Pa\u00eds:<\/strong> M\u00e9xico<br data-start=\"507\" data-end=\"510\" \/><strong data-start=\"510\" data-end=\"525\">Destiler\u00eda:<\/strong> Casa Herradura, Jalisco<br data-start=\"549\" data-end=\"552\" \/><strong data-start=\"552\" data-end=\"561\">Tipo:<\/strong> Tequila reposado (100% agave azul)<br data-start=\"596\" data-end=\"599\" \/><strong data-start=\"599\" data-end=\"609\">Sabor:<\/strong> Agave cocido, caramelo, vainilla, madera tostada y especias suaves<br data-start=\"676\" data-end=\"679\" \/><strong data-start=\"679\" data-end=\"705\">Graduaci\u00f3n alcoh\u00f3lica:<\/strong> 40% ABV<\/p>\n<p style=\"text-align: center\" data-start=\"715\" data-end=\"817\"><strong data-start=\"715\" data-end=\"729\">Maridajes:<\/strong><br data-start=\"729\" data-end=\"732\" \/>Carnes asadas, quesos maduros, guacamole, postres cremosos o para tomar en las rocas.<\/p>\n","protected":false},"excerpt":{"rendered":"<p>750 ml Tequila 100% agave azul, reposado por 11 meses en barricas de roble americano, lo que le otorga un sabor profundo y balanceado entre agave y madera, con notas de caramelo y vainilla. Pa\u00eds: M\u00e9xicoDestiler\u00eda: Casa Herradura, JaliscoTipo: Tequila reposado (100% agave azul)Sabor: Agave cocido, caramelo, vainilla, madera tostada y especias suavesGraduaci\u00f3n alcoh\u00f3lica: 40% [&hellip;]<\/p>\n","protected":false},"featured_media":445,"comment_status":"open","ping_status":"closed","template":"","meta":[],"product_brand":[],"product_cat":[57],"product_tag":[],"class_list":{"0":"post-430","1":"product","2":"type-product","3":"status-publish","4":"has-post-thumbnail","6":"product_cat-tequila","8":"first","9":"instock","10":"shipping-taxable","11":"purchasable","12":"product-type-simple"},"_links":{"self":[{"href":"https:\/\/espirita.store\/index.php?rest_route=\/wp\/v2\/product\/430","targetHints":{"allow":["GET"]}}],"collection":[{"href":"https:\/\/espirita.store\/index.php?rest_route=\/wp\/v2\/product"}],"about":[{"href":"https:\/\/espirita.store\/index.php?rest_route=\/wp\/v2\/types\/product"}],"replies":[{"embeddable":true,"href":"https:\/\/espirita.store\/index.php?rest_route=%2Fwp%2Fv2%2Fcomments&post=430"}],"wp:featuredmedia":[{"embeddable":true,"href":"https:\/\/espirita.store\/index.php?rest_route=\/wp\/v2\/media\/445"}],"wp:attachment":[{"href":"https:\/\/espirita.store\/index.php?rest_route=%2Fwp%2Fv2%2Fmedia&parent=430"}],"wp:term":[{"taxonomy":"product_brand","embeddable":true,"href":"https:\/\/espirita.store\/index.php?rest_route=%2Fwp%2Fv2%2Fproduct_brand&post=430"},{"taxonomy":"product_cat","embeddable":true,"href":"https:\/\/espirita.store\/index.php?rest_route=%2Fwp%2Fv2%2Fproduct_cat&post=430"},{"taxonomy":"product_tag","embeddable":true,"href":"https:\/\/espirita.store\/index.php?rest_route=%2Fwp%2Fv2%2Fproduct_tag&post=430"}],"curies":[{"name":"wp","href":"https:\/\/api.w.org\/{rel}","templated":true}]}}